{"id":701822,"date":"2025-12-23T11:39:12","date_gmt":"2025-12-23T08:39:12","guid":{"rendered":"https:\/\/nbg.eu\/product\/kasikott\/"},"modified":"2026-04-15T14:16:11","modified_gmt":"2026-04-15T11:16:11","slug":"kasikott","status":"publish","type":"product","link":"https:\/\/nbg.eu\/et\/toode\/kasikott\/","title":{"rendered":"Eberlestock K\u00e4esoojendaja Recon"},"content":{"rendered":"<h2>Recon k\u00e4ek\u00fctja: vaevatu soojus \u00f5uetegevusteks<\/h2>\n<p>K\u00e4te soojana hoidmine ilma osavust ohverdamata on lihtsam kui kunagi varem t\u00e4nu Recon k\u00e4ek\u00fctjale. See uuenduslik lisavarustus kinnitub sujuvalt Recon moodulharjak-binokli rakmestikule, v\u00f5imaldades teil istudes v\u00f5i seistes s\u00e4ilitada optimaalse k\u00e4easendi mugavuse. Recon k\u00e4ek\u00fctja v\u00e4hendab vajadust mahukate kinnaste j\u00e4rele, tagades, et saate endiselt lihtsalt t\u00e4itTa peenmotoorika \u00fclesandeid.<\/p>\n<p>T\u00e4iendavaks mugavuseks on Recon k\u00e4ek\u00fctjal eesmine t\u00f5mblukuga tasku, kuhu saate hoiustada lisavahendeid, nagu \u00f5hul aktiveeruvaid k\u00e4esoojendajaid. See v\u00f5imaldab teil k\u00e4ek\u00fctjat kasutada s\u00f5ltumatult Recon moodulharjak-binokli rakmestikust, pakkudes teile usaldusv\u00e4\u00e4rt soojusallikat s\u00f5ltumata tegevusest v\u00f5i keskkonnast. Komplektis olev v\u00f6\u00f6rihm tagab kindla ja mugava istumise, hoides teie k\u00e4ed ideaalses asendis maksimaalseks t\u00f5hususeks ja mugavuseks.<\/p>\n<p>Olenemata sellest, kas tegelete linnuvaatlusega, jahipidamisega v\u00f5i lihtsalt nautite loodust, on Recon k\u00e4ek\u00fctja teie ideaalne kaaslane, et hoida oma k\u00e4ed soojad ja s\u00f5rmed osavad. Nautige \u00f5ues viibimise maksimaalset mugavust ja t\u00f5husust selle mitmek\u00fclgse ja uuendusliku lisavarustusega.<\/p>\n","protected":false},"excerpt":{"rendered":"<p>Recon k\u00e4esoojendusvahend hoiab k\u00e4si soojana ilma kindateta, kinnitub Recon rakmetele.<\/p>\n","protected":false},"featured_media":701886,"template":"","meta":{"_acf_changed":false},"product_brand":[15148],"product_cat":[14079],"product_tag":[],"class_list":{"0":"post-701822","1":"product","2":"type-product","3":"status-publish","4":"has-post-thumbnail","6":"product_brand-eberlestock","7":"product_cat-varustus","9":"first","10":"instock","11":"taxable","12":"shipping-taxable","13":"purchasable","14":"product-type-variable","15":"wvs-archive-product-wrapper"},"acf":[],"_links":{"self":[{"href":"https:\/\/nbg.eu\/et\/wp-json\/wp\/v2\/product\/701822","targetHints":{"allow":["GET"]}}],"collection":[{"href":"https:\/\/nbg.eu\/et\/wp-json\/wp\/v2\/product"}],"about":[{"href":"https:\/\/nbg.eu\/et\/wp-json\/wp\/v2\/types\/product"}],"wp:featuredmedia":[{"embeddable":true,"href":"https:\/\/nbg.eu\/et\/wp-json\/wp\/v2\/media\/701886"}],"wp:attachment":[{"href":"https:\/\/nbg.eu\/et\/wp-json\/wp\/v2\/media?parent=701822"}],"wp:term":[{"taxonomy":"product_brand","embeddable":true,"href":"https:\/\/nbg.eu\/et\/wp-json\/wp\/v2\/product_brand?post=701822"},{"taxonomy":"product_cat","embeddable":true,"href":"https:\/\/nbg.eu\/et\/wp-json\/wp\/v2\/product_cat?post=701822"},{"taxonomy":"product_tag","embeddable":true,"href":"https:\/\/nbg.eu\/et\/wp-json\/wp\/v2\/product_tag?post=701822"}],"curies":[{"name":"wp","href":"https:\/\/api.w.org\/{rel}","templated":true}]}}