{"id":702135,"date":"2025-12-23T11:44:19","date_gmt":"2025-12-23T08:44:19","guid":{"rendered":"https:\/\/nbg.eu\/product\/bravo-modulaarne-binokulaaripakk-suur\/"},"modified":"2026-04-15T14:16:08","modified_gmt":"2026-04-15T11:16:08","slug":"bravo-modulaarne-binokulaaripakk-suur","status":"publish","type":"product","link":"https:\/\/nbg.eu\/et\/toode\/bravo-modulaarne-binokulaaripakk-suur\/","title":{"rendered":"Eberlestock Binokli Seljakott Bravo Modular, Large"},"content":{"rendered":"<h2>Bravo Moodulne Bino Pakk-Suur: Kohanduv Optika Kandja Teie V\u00e4litegevusteks<\/h2>\n<p>Moodulisus esikohal, BRAVO MOODULNE BINO PAKK on ehitatud rinnarihmade platvormile, mis kohaneb Teie vajadustele komplektiga lisakaupade. See sisaldab magnetilist vabaks edasivedamise juurdep\u00e4\u00e4su bino taskule, mahuka esikaantega taskut ja venitavaid k\u00fcljetaskuid. Sisemised bino poed hoiavad Teie binoklid turvaliselt, samas kui madalaprofiiliga MOLLE-\u00fchilduvad tiivad ja tagumine paneel v\u00f5imaldavad Teile sujuvalt kinnitada taskuid ja lisatarvikuid.<\/p>\n<p>Vastupidava 500D Ripstop Nyloni ja N140D materjalidega valmistatud Bravo Moodulne Bino Pakk-Suur pakub usaldusv\u00e4\u00e4rset toimimist suurep\u00e4rastes v\u00e4litingimustes. Kaaludes vaid 14 unesid, see mitmek\u00fclgne pakk pakub mugavat ja kohandatavat kandmislahendust Teie optikale ja vajalikule varustusele.<\/p>\n<p>Oma sisemiste m\u00f5\u00f5tmetega 9&#8243;K x 5.5&#8243;L x 2.5&#8243;S ja v\u00e4lism\u00f5\u00f5tmetega 9.5&#8243;K x 6.25&#8243;L x 3.5&#8243;S, Bravo Moodulne Bino Pakk-Suur pakub rohkelt ruumi Teie binokli ja muude oluliste esemete mahutamiseks. Reguleeritav eesmine t\u00f5mbev\u00f5ru ja madalaprofiiliga MOLLE-\u00fchilduvad tiivad tagavad kindla ja isikup\u00e4rastatud sobivuse, v\u00f5imaldades Teil pakki oma vajadustele kohandada.<\/p>\n<p>T\u00f5stke oma v\u00e4litegevuse kogemust Bravo Moodulse Bino Pakk-Suure, mitmek\u00fclgse ja kohandatava lahendusega Teie binokli ja olulise varustuse kandmiseks. Uurige saadaolevaid tarvikuid, et oma pakki kohandada ja selle funktsionaalsust maksimeerida, muutes selle ideaalseks saatjaks Teie j\u00e4rgmisele seiklusele.<\/p>\n","protected":false},"excerpt":{"rendered":"<p>Moodulruumi rind kott, mag vaba binokulari pesa, esikotid, venitusk\u00fcljed.<\/p>\n","protected":false},"featured_media":702207,"template":"","meta":{"_acf_changed":false},"product_brand":[15148],"product_cat":[15210],"product_tag":[],"class_list":{"0":"post-702135","1":"product","2":"type-product","3":"status-publish","4":"has-post-thumbnail","6":"product_brand-eberlestock","7":"product_cat-binocular-harnesses-et","9":"first","10":"instock","11":"taxable","12":"shipping-taxable","13":"purchasable","14":"product-type-variable","15":"wvs-archive-product-wrapper"},"acf":[],"_links":{"self":[{"href":"https:\/\/nbg.eu\/et\/wp-json\/wp\/v2\/product\/702135","targetHints":{"allow":["GET"]}}],"collection":[{"href":"https:\/\/nbg.eu\/et\/wp-json\/wp\/v2\/product"}],"about":[{"href":"https:\/\/nbg.eu\/et\/wp-json\/wp\/v2\/types\/product"}],"wp:featuredmedia":[{"embeddable":true,"href":"https:\/\/nbg.eu\/et\/wp-json\/wp\/v2\/media\/702207"}],"wp:attachment":[{"href":"https:\/\/nbg.eu\/et\/wp-json\/wp\/v2\/media?parent=702135"}],"wp:term":[{"taxonomy":"product_brand","embeddable":true,"href":"https:\/\/nbg.eu\/et\/wp-json\/wp\/v2\/product_brand?post=702135"},{"taxonomy":"product_cat","embeddable":true,"href":"https:\/\/nbg.eu\/et\/wp-json\/wp\/v2\/product_cat?post=702135"},{"taxonomy":"product_tag","embeddable":true,"href":"https:\/\/nbg.eu\/et\/wp-json\/wp\/v2\/product_tag?post=702135"}],"curies":[{"name":"wp","href":"https:\/\/api.w.org\/{rel}","templated":true}]}}