{"id":702945,"date":"2025-12-23T11:50:14","date_gmt":"2025-12-23T08:50:14","guid":{"rendered":"https:\/\/nbg.eu\/product\/bravo-modulaarne-bino-pakett-vaike\/"},"modified":"2026-04-15T14:16:04","modified_gmt":"2026-04-15T11:16:04","slug":"bravo-modulaarne-bino-pakett-vaike","status":"publish","type":"product","link":"https:\/\/nbg.eu\/et\/toode\/bravo-modulaarne-bino-pakett-vaike\/","title":{"rendered":"Eberlestock Binokli Seljakott Bravo Modular, Small"},"content":{"rendered":"<h2>Bravo Moduls\u00fcsteemiga Bino Pakk-V\u00e4ike: Mitmek\u00fclgne ja Turvaline Binoklite S\u00e4ilitamine<\/h2>\n<p>Konstrueeritud modulaarsuse p\u00f5him\u00f5ttel, on BRAVO MODULS\u00dcSTEEMIGA BINO PAKK ehitatud rinnav\u00f6\u00f6l baseeruva platvormi peale, mis kohandub teie vajadustega lisatarvikute komplekti abil. See sisaldab magnetilist ettepoole t\u00f5mbamise juurdep\u00e4\u00e4su binoklite kotti, mahuka eesmise t\u00f5mblukuga tasku ning venivaid k\u00fcljetaske. Sisetatavad binoklite t\u00f5mblukud hoiavad teie binoklid turvaliselt, samal ajal kui madalprofiilsed MOLLE-\u00fchilduvad tiivikud ja tagapaneel v\u00f5imaldavad teil lihtsalt lisada taskuid ja tarvikuid.<\/p>\n<p>Vastupidava 500D Ripstop Nyloni ja N140D kangaga valmistatud Bravo Moduls\u00fcsteemiga Bino Pakk-V\u00e4ike pakub v\u00e4litingimustes, jahil ja taktikalistes toimingutes kasutavatele entusiastidele kerget ja vastupidavat lahendust.<\/p>\n<p>Olulised omadused on mag-vaba sulgemine kiireks ligip\u00e4\u00e4suks, \u00fchilduvus kaheksa olemasoleva tarvikuga, suur esimene t\u00f5mblukuga tasku, kaksikvenivad k\u00fcljetaskud, reguleeritav ettepoole t\u00f5mbav \u00f5larihmade s\u00fcsteem ning madalprofiilsed MOLLE-\u00fchilduvad tiivikud, mis v\u00f5imaldavad varustuse kohaldamist. Olenemata sellest, kas vaatleb linde, matkal k\u00e4ib v\u00f5i osaleb taktikalistes toimingutes, pakub Bravo Moduls\u00fcsteemiga Bino Pakk-V\u00e4ike mitmek\u00fclgset ja turvalist lahendust binoklite s\u00e4ilitamiseks.<\/p>\n","protected":false},"excerpt":{"rendered":"<p>Moodulaarne bino-pakk magnetvaba sulgemisega, MOLLE-\u00fchilduva siiliga ja reguleeritava rakmetega.<\/p>\n","protected":false},"featured_media":702995,"template":"","meta":{"_acf_changed":false},"product_brand":[15148],"product_cat":[15210],"product_tag":[],"class_list":{"0":"post-702945","1":"product","2":"type-product","3":"status-publish","4":"has-post-thumbnail","6":"product_brand-eberlestock","7":"product_cat-binocular-harnesses-et","9":"first","10":"instock","11":"taxable","12":"shipping-taxable","13":"purchasable","14":"product-type-variable","15":"wvs-archive-product-wrapper"},"acf":[],"_links":{"self":[{"href":"https:\/\/nbg.eu\/et\/wp-json\/wp\/v2\/product\/702945","targetHints":{"allow":["GET"]}}],"collection":[{"href":"https:\/\/nbg.eu\/et\/wp-json\/wp\/v2\/product"}],"about":[{"href":"https:\/\/nbg.eu\/et\/wp-json\/wp\/v2\/types\/product"}],"wp:featuredmedia":[{"embeddable":true,"href":"https:\/\/nbg.eu\/et\/wp-json\/wp\/v2\/media\/702995"}],"wp:attachment":[{"href":"https:\/\/nbg.eu\/et\/wp-json\/wp\/v2\/media?parent=702945"}],"wp:term":[{"taxonomy":"product_brand","embeddable":true,"href":"https:\/\/nbg.eu\/et\/wp-json\/wp\/v2\/product_brand?post=702945"},{"taxonomy":"product_cat","embeddable":true,"href":"https:\/\/nbg.eu\/et\/wp-json\/wp\/v2\/product_cat?post=702945"},{"taxonomy":"product_tag","embeddable":true,"href":"https:\/\/nbg.eu\/et\/wp-json\/wp\/v2\/product_tag?post=702945"}],"curies":[{"name":"wp","href":"https:\/\/api.w.org\/{rel}","templated":true}]}}