{"id":703289,"date":"2025-12-23T12:02:01","date_gmt":"2025-12-23T09:02:01","guid":{"rendered":"https:\/\/nbg.eu\/product\/bando-kott-xl\/"},"modified":"2026-04-15T14:16:00","modified_gmt":"2026-04-15T11:16:00","slug":"bando-kott-xl","status":"publish","type":"product","link":"https:\/\/nbg.eu\/et\/toode\/bando-kott-xl\/","title":{"rendered":"Eberlestock Kott Bando XL"},"content":{"rendered":"<h2>Bando Kott-XL: Mitmek\u00fclgne ja mugav igap\u00e4evase kandmise varustus<\/h2>\n<p>Bando Kott-XL on kerge ja mugav viis oma igap\u00e4evase kandmise (EDC) esemete transportimiseks. Bando Kott-XL-i t\u00e4isliitega seljatagune tasku m\u00f5\u00f5tmed on 6&#8243;k\u00f5rgus x 11&#8243;laius x 3&#8243;s\u00fcgavus, piisavalt suur enamiku t\u00e4issuuruses k\u00fcljerelvi ja v\u00e4iksemate tulirelvade paigutamiseks. Peamine lahter on varustatud sisemise v\u00f5rktaskuga ja kahe lipsuga taskuga t\u00e4iendava organiseerimise jaoks, samas kui v\u00e4ike liidetud esitasku on ideaalne v\u00f5tmete, juhtmete v\u00f5i muude v\u00e4ikeste esemete jaoks.<\/p>\n<p>Reguleeritav v\u00f6\u00f6rihmaga Bando Kott-XL v\u00f5imaldab kohandada sobivust pikkuses 31,5&#8243; kuni 44&#8243;. Bando Kott-XL sisaldab ka integreeritud hoidjat, mis v\u00f5imaldab ohutult kanda tornikett pealmisel lahtip\u00f5imisel, et see oleks h\u00e4daolukorra varustus kergesti k\u00e4ttesaadav.<\/p>\n<h2>V\u00f5tmefunktsioonid:<\/h2>\n<ul>\n<li>&#8211; T\u00e4isliitega seljatagune tasku (6&#8243;k x 11&#8243;l x 3&#8243;s) k\u00fcljerelva hoiustamiseks<\/li>\n<li>&#8211; Sisemine v\u00f5rktaskuga ja kaks lipsuga taskut organiseerimiseks<\/li>\n<li>&#8211; V\u00e4ike liidetud esitasku v\u00f5tmete, juhtmete ja muude v\u00e4ikeste esemete jaoks<\/li>\n<li>&#8211; Reguleeritav v\u00f6\u00f6rihmaga (31,5&#8243;-44&#8243;)<\/li>\n<li>&#8211; Integreeritud hoidik tornikitirahutuse kandmiseks<\/li>\n<\/ul>\n","protected":false},"excerpt":{"rendered":"<p>Kerge, t\u00e4iskambriga EDC kott, mille suurusega 6&#8243;h x 11&#8243;w x 3&#8243;d tasku mahutab t\u00e4issuuruses k\u00fclgrelvi.<\/p>\n","protected":false},"featured_media":703407,"template":"","meta":{"_acf_changed":false},"product_brand":[15148],"product_cat":[14011],"product_tag":[],"class_list":{"0":"post-703289","1":"product","2":"type-product","3":"status-publish","4":"has-post-thumbnail","6":"product_brand-eberlestock","7":"product_cat-laskekohtikotid","9":"first","10":"instock","11":"taxable","12":"shipping-taxable","13":"purchasable","14":"product-type-variable","15":"wvs-archive-product-wrapper"},"acf":[],"_links":{"self":[{"href":"https:\/\/nbg.eu\/et\/wp-json\/wp\/v2\/product\/703289","targetHints":{"allow":["GET"]}}],"collection":[{"href":"https:\/\/nbg.eu\/et\/wp-json\/wp\/v2\/product"}],"about":[{"href":"https:\/\/nbg.eu\/et\/wp-json\/wp\/v2\/types\/product"}],"wp:featuredmedia":[{"embeddable":true,"href":"https:\/\/nbg.eu\/et\/wp-json\/wp\/v2\/media\/703407"}],"wp:attachment":[{"href":"https:\/\/nbg.eu\/et\/wp-json\/wp\/v2\/media?parent=703289"}],"wp:term":[{"taxonomy":"product_brand","embeddable":true,"href":"https:\/\/nbg.eu\/et\/wp-json\/wp\/v2\/product_brand?post=703289"},{"taxonomy":"product_cat","embeddable":true,"href":"https:\/\/nbg.eu\/et\/wp-json\/wp\/v2\/product_cat?post=703289"},{"taxonomy":"product_tag","embeddable":true,"href":"https:\/\/nbg.eu\/et\/wp-json\/wp\/v2\/product_tag?post=703289"}],"curies":[{"name":"wp","href":"https:\/\/api.w.org\/{rel}","templated":true}]}}