{"id":704053,"date":"2025-12-23T12:03:47","date_gmt":"2025-12-23T09:03:47","guid":{"rendered":"https:\/\/nbg.eu\/product\/bando-kotid\/"},"modified":"2026-04-15T14:15:56","modified_gmt":"2026-04-15T11:15:56","slug":"bando-kotid","status":"publish","type":"product","link":"https:\/\/nbg.eu\/et\/toode\/bando-kotid\/","title":{"rendered":"Eberlestock Kott Bando"},"content":{"rendered":"<h2>Bando Kott: Mugav ja kerge EDC kandmiseks<\/h2>\n<p>Bando Kott on kerge ja mugav viis oma EDC esemete transportimiseks. Bando koti t\u00e4isavaga tagatasku m\u00f5\u00f5tmed on 5,5&#8243; k\u00f5rgus x 9,5&#8243; laius x 1&#8243; s\u00fcgavus, mis on piisavalt suur, et mahutada enamikku alg- ja kompaktm\u00f5\u00f5tmete relvadest nagu Glock-19 ja sarnased suurused. Peamine kamber on varustatud sisemise v\u00f5rks\u00fc\u00fcpkotikesega ning kahe liugpesaga t\u00e4iendava korralduse jaoks. V\u00e4ike s\u00fc\u00fcpkotiga esikamber on ideaalne v\u00f5tmete, juhtmete v\u00f5i muude v\u00e4iksemate esemete jaoks. V\u00f6\u00f6rihma pikkus on reguleeritav vahemikus 31,5&#8243; &#8211; 44&#8243;.<\/p>\n<h2>P\u00f5hiomadused<\/h2>\n<ul>\n<li>T\u00e4isavaga tagatasku<\/li>\n<li>Sisemine v\u00f5rks\u00fc\u00fcpkotike<\/li>\n<li>Kaks sisemist liugpesa<\/li>\n<li>V\u00e4ike s\u00fc\u00fcpkotiga esikamber<\/li>\n<li>Reguleeritav v\u00f6\u00f6rihm (31,5&#8243;-44&#8243;)<\/li>\n<li>Integreeritud hoidik esmaabikomplekti paigutamiseks<\/li>\n<\/ul>\n","protected":false},"excerpt":{"rendered":"<p>Bando Kott on kerge ja mugav viis oma EDC-\u00fcksuste transportimiseks. Sobib enamiku kompaktsete kuni t\u00e4issuuruste k\u00fclgrelvatega.<\/p>\n","protected":false},"featured_media":704083,"template":"","meta":{"_acf_changed":false},"product_brand":[15148],"product_cat":[14011],"product_tag":[],"class_list":{"0":"post-704053","1":"product","2":"type-product","3":"status-publish","4":"has-post-thumbnail","6":"product_brand-eberlestock","7":"product_cat-laskekohtikotid","9":"first","10":"instock","11":"taxable","12":"shipping-taxable","13":"purchasable","14":"product-type-variable","15":"wvs-archive-product-wrapper"},"acf":[],"_links":{"self":[{"href":"https:\/\/nbg.eu\/et\/wp-json\/wp\/v2\/product\/704053","targetHints":{"allow":["GET"]}}],"collection":[{"href":"https:\/\/nbg.eu\/et\/wp-json\/wp\/v2\/product"}],"about":[{"href":"https:\/\/nbg.eu\/et\/wp-json\/wp\/v2\/types\/product"}],"wp:featuredmedia":[{"embeddable":true,"href":"https:\/\/nbg.eu\/et\/wp-json\/wp\/v2\/media\/704083"}],"wp:attachment":[{"href":"https:\/\/nbg.eu\/et\/wp-json\/wp\/v2\/media?parent=704053"}],"wp:term":[{"taxonomy":"product_brand","embeddable":true,"href":"https:\/\/nbg.eu\/et\/wp-json\/wp\/v2\/product_brand?post=704053"},{"taxonomy":"product_cat","embeddable":true,"href":"https:\/\/nbg.eu\/et\/wp-json\/wp\/v2\/product_cat?post=704053"},{"taxonomy":"product_tag","embeddable":true,"href":"https:\/\/nbg.eu\/et\/wp-json\/wp\/v2\/product_tag?post=704053"}],"curies":[{"name":"wp","href":"https:\/\/api.w.org\/{rel}","templated":true}]}}