{"id":704242,"date":"2025-12-23T12:08:03","date_gmt":"2025-12-23T09:08:03","guid":{"rendered":"https:\/\/nbg.eu\/product\/roovlipakk\/"},"modified":"2026-04-24T15:09:45","modified_gmt":"2026-04-24T12:09:45","slug":"roovlipakk","status":"publish","type":"product","link":"https:\/\/nbg.eu\/et\/toode\/roovlipakk\/","title":{"rendered":"Eberlestock Bandit Seljakott"},"content":{"rendered":"<h2>Bandit pakk &#8211; mitmek\u00fclgne kaasas kantav seade igap\u00e4evaseks tegevuseks<\/h2>\n<p>Meie igap\u00e4evase kaasaskandmise valikus k\u00f5ige mitmek\u00fclgsem pakk, Bandit\u2122 on loodud eesm\u00e4rgip\u00e4raselt \u00fcle p\u00e4eva kestvate jahilk\u00e4ikude ja matkamiste jaoks. V\u00e4lise kasutusmooduli k\u00fcljes on laserl\u00f5igatud MOLLE v\u00f5rk, mis v\u00f5imaldab kinnitada \u00fchilduvaid tarvikuid ja taskuid ning kanda jakki v\u00f5i varustust kergesti k\u00e4ttesaadavas kohas. K\u00fcljevenitaskud mahutavad veepudeleid ja pikemaid esemeid nagu statiiv, vaatluskiik v\u00f5i trekking-kepid.<\/p>\n<p>Kasuliku mooduli rihmad v\u00f5imaldavad kinnitada varustuse k\u00fcljele tugevalt v\u00f5i aidata kokku suruda osaliselt t\u00e4idetud pakki. \u00dclakaane sisek\u00fcljel asuvad v\u00e4ikeste esemete korraldajad, nagu t\u00f5mblukuga v\u00f5rktasku ja ajakirjatasku.<\/p>\n<p>\u00dchilduv meie standardse puusarihma k\u00fclge, mis aitab jaotada raskust suurema koorma korral.<\/p>\n<h2>M\u00f5\u00f5tmed<\/h2>\n<p>Maht: 835 c.i. \/ 13,68 l<br \/>\nKaal: 2,50 naela<br \/>\nM\u00f5\u00f5tmed: 18,25 H x 7 L x 6,5 S<\/p>\n<h2>Omadused<\/h2>\n<p>Laserl\u00f5igatud MOLLE paneel esik\u00fcljel v\u00e4lise varustuse kinnitamiseks<br \/>\n\u00dclakaane organisaatori tasku tarvikute jaoks<br \/>\nReguleeritav \u00f5larihmastik<br \/>\nPesa reguleeritava puusarihmale lisaraskuse kandmiseks<br \/>\nP\u00f5hikamber avaneb \u00fclevalt alla, v\u00f5imaldades t\u00e4ielikku juurdep\u00e4\u00e4su<br \/>\nSisemine kinnitus 2 l v\u00f5i 3 l h\u00fcdratsioonip\u00f5ie jaoks<\/p>\n","protected":false},"excerpt":{"rendered":"<p>Igap\u00e4evase kasutamise komplektis on k\u00f5ige mitmek\u00fclgsem Bandit\u2122. See on kavandatud p\u00e4rastl\u00f5unapikkusteks jahkamisteks ja matkamiseks. V\u00e4lisele kasulikkuspaneelile on laseruurisega lisatud MOLLE v\u00f5rgustik, millele on v\u00f5imalik kinnitada \u00fchilduvaid tarvikuid ja kotikesi, ning kus on v\u00f5imalik kanda jakki v\u00f5i varustust kiirel juurdep\u00e4\u00e4sul. K\u00fclgmised venituspikad v\u00f5ivad hoida veeballonne ja pikemaid esemeid nagu kolmjala, vaatlustele m\u00f5eldud objektiivi v\u00f5i matkajalasid.<\/p>\n","protected":false},"featured_media":704271,"template":"","meta":{"_acf_changed":false},"product_brand":[15148],"product_cat":[14015],"product_tag":[],"class_list":{"0":"post-704242","1":"product","2":"type-product","3":"status-publish","4":"has-post-thumbnail","6":"product_brand-eberlestock","7":"product_cat-seljakotid","9":"first","10":"instock","11":"taxable","12":"shipping-taxable","13":"purchasable","14":"product-type-variable","15":"wvs-archive-product-wrapper"},"acf":[],"_links":{"self":[{"href":"https:\/\/nbg.eu\/et\/wp-json\/wp\/v2\/product\/704242","targetHints":{"allow":["GET"]}}],"collection":[{"href":"https:\/\/nbg.eu\/et\/wp-json\/wp\/v2\/product"}],"about":[{"href":"https:\/\/nbg.eu\/et\/wp-json\/wp\/v2\/types\/product"}],"wp:featuredmedia":[{"embeddable":true,"href":"https:\/\/nbg.eu\/et\/wp-json\/wp\/v2\/media\/704271"}],"wp:attachment":[{"href":"https:\/\/nbg.eu\/et\/wp-json\/wp\/v2\/media?parent=704242"}],"wp:term":[{"taxonomy":"product_brand","embeddable":true,"href":"https:\/\/nbg.eu\/et\/wp-json\/wp\/v2\/product_brand?post=704242"},{"taxonomy":"product_cat","embeddable":true,"href":"https:\/\/nbg.eu\/et\/wp-json\/wp\/v2\/product_cat?post=704242"},{"taxonomy":"product_tag","embeddable":true,"href":"https:\/\/nbg.eu\/et\/wp-json\/wp\/v2\/product_tag?post=704242"}],"curies":[{"name":"wp","href":"https:\/\/api.w.org\/{rel}","templated":true}]}}