{"id":704618,"date":"2025-12-23T12:15:29","date_gmt":"2025-12-23T09:15:29","guid":{"rendered":"https:\/\/nbg.eu\/product\/lupsikarjapakk\/"},"modified":"2026-04-15T14:15:53","modified_gmt":"2026-04-15T11:15:53","slug":"lupsikarjapakk","status":"publish","type":"product","link":"https:\/\/nbg.eu\/et\/toode\/lupsikarjapakk\/","title":{"rendered":"Eberlestock Seljakott Switchblade"},"content":{"rendered":"<h2>Switchblade pakk: maksimaalne ruum ja varjatud kandmine<\/h2>\n<p>Switchblade\u2122 pakk on loodud hoidma madalat profiili, pakkudes samal ajal maksimaalset ruumi ja organiseeritust. Avage \u00fclemise kaane tasku, et p\u00e4\u00e4seda ligi kahele ajakirjahoidikule ja muudele v\u00e4ikestele organiseerimisfunktsioonidele. Seestpoolt leiate dokumendijaoturi, mis sobib iPad&#8217;ile, s\u00fclearvutile v\u00f5i isegi l\u00fchikeslele p\u00fcstolile.<\/p>\n<p>Pakki ees on suur tasku kiireks ligip\u00e4\u00e4suks teie olulistele esemetele. M\u00f5lemal k\u00fcljel on t\u00f5mbetrossiga topsihoidikutaskud ja ka lame k\u00fclgmise t\u00f5mbluuga tasku. Pakk pakub ka peidetud, magnetilist kiirp\u00e4\u00e4suga CCW taskut diskreetseks varjatud kandmiseks.<\/p>\n<p>Mahutavusega 1 785 kuubiktolli (29,3 L) ja kaaluga vaid 3,60 naela pakub Switchblade\u2122 palju ruumi ja kaasaskandmise v\u00f5imalust. Peamise koti m\u00f5\u00f5tmed on 20,5 k\u00f5rgust x 12 laiust x 8 s\u00fcgavust tolli, tehes sellest mitmek\u00fclgse valiku igap\u00e4evaseks kasutamiseks v\u00f5i taktikalisteks operatsioonideks.<\/p>\n<p>Olulised omadused on haruldased maagilised magnetavamised kiireks ligip\u00e4\u00e4suks relva varjatud kandmise taskutele, lingu-velcro PALS v\u00f5rgustik MOLLE- v\u00f5i velcro-kinnitusega tarvikute kinnitamiseks ning sisesuunised h\u00fcdratsioonimehhanismile, ajakirjadele ja v\u00e4ikeste esemete korrastamiseks. Eemaldatav rihmastik ja puusav\u00f6\u00f6 \u00fchilduvus lisavad pakile kohandatavust.<\/p>\n<p>Switchblade\u2122 pakub ka uut MOLLE-10 v\u00f5rgustikku, mis pakub 60% v\u00e4iksemat kaalu v\u00f5rreldes tavalise 25mm MOLLE v\u00f5rgustikuga, ja kahek\u00e4eline varjatud holster, mis sobib enamike k\u00e4sirelwade, sealhulgas t\u00e4issuurustega automaatide jaoks. Ilmakaitse jaoks kasutage meie V\u00e4ikest P\u00f6\u00f6ramisega Vihma Katet.<\/p>\n","protected":false},"excerpt":{"rendered":"<p>Switchblade\u2122 hoiab madala profiili, maksimaalse ruumi ja organiseeritusega. Avage \u00fclemine kaanetuikuline ja leiate sealt kaks ajakirjapuudrit ning muid v\u00e4ikseid korraldus\u00fcsteeme. Seest leiate dokumendieraldaja iPadile, s\u00fclearvutile v\u00f5i isegi l\u00fchikesele p\u00fcssile. Koti esik\u00fcljel on suur taskuaken teie oluliste esemete kiireks ligip\u00e4\u00e4suks. M\u00f5lemalt k\u00fcljelt leiate n\u00f6\u00f6ritavad tassihoidikud ning lameda k\u00fclgtaskuga t\u00f5mblukuga tasku. Lisaks on sellel varjatud, magnetilise avamisega kiirligip\u00e4\u00e4suga tulirelvatasku.<\/p>\n","protected":false},"featured_media":704694,"template":"","meta":{"_acf_changed":false},"product_brand":[15148],"product_cat":[14015],"product_tag":[],"class_list":{"0":"post-704618","1":"product","2":"type-product","3":"status-publish","4":"has-post-thumbnail","6":"product_brand-eberlestock","7":"product_cat-seljakotid","9":"first","10":"instock","11":"taxable","12":"shipping-taxable","13":"purchasable","14":"product-type-variable","15":"wvs-archive-product-wrapper"},"acf":[],"_links":{"self":[{"href":"https:\/\/nbg.eu\/et\/wp-json\/wp\/v2\/product\/704618","targetHints":{"allow":["GET"]}}],"collection":[{"href":"https:\/\/nbg.eu\/et\/wp-json\/wp\/v2\/product"}],"about":[{"href":"https:\/\/nbg.eu\/et\/wp-json\/wp\/v2\/types\/product"}],"wp:featuredmedia":[{"embeddable":true,"href":"https:\/\/nbg.eu\/et\/wp-json\/wp\/v2\/media\/704694"}],"wp:attachment":[{"href":"https:\/\/nbg.eu\/et\/wp-json\/wp\/v2\/media?parent=704618"}],"wp:term":[{"taxonomy":"product_brand","embeddable":true,"href":"https:\/\/nbg.eu\/et\/wp-json\/wp\/v2\/product_brand?post=704618"},{"taxonomy":"product_cat","embeddable":true,"href":"https:\/\/nbg.eu\/et\/wp-json\/wp\/v2\/product_cat?post=704618"},{"taxonomy":"product_tag","embeddable":true,"href":"https:\/\/nbg.eu\/et\/wp-json\/wp\/v2\/product_tag?post=704618"}],"curies":[{"name":"wp","href":"https:\/\/api.w.org\/{rel}","templated":true}]}}