{"id":71015,"date":"2024-01-21T15:18:33","date_gmt":"2024-01-21T15:18:33","guid":{"rendered":"https:\/\/nbg.eu\/product\/surefire-123a-batteries\/"},"modified":"2026-05-13T16:02:20","modified_gmt":"2026-05-13T13:02:20","slug":"surefire-123a-batteries","status":"publish","type":"product","link":"https:\/\/nbg.eu\/et\/toode\/surefire-123a-batteries\/","title":{"rendered":"SureFire 123A BATTERIES"},"content":{"rendered":"<div class=\"product-description\">\n<h2>SureFire SF72-BB (123A patarei)<\/h2>\n<p>SureFire&#8217;i 123A liitiumpatareid. Need patareid \u00fcletavad leelispatareisid ja omavad j\u00e4rgmisi omadusi:<\/p>\n<ul>\n<li>10-aastane s\u00e4ilivusaeg<\/li>\n<li>3V pinge ja 1550 mAh mahtuvus<\/li>\n<li>Kaal 17 grammi<\/li>\n<li>Sobivad SureFire&#8217;i taskulampidele<\/li>\n<\/ul>\n<p>SureFire&#8217;i patareid on valmis kasutamiseks, kui neid vajate. Need on usaldusv\u00e4\u00e4rsed erinevates rakendustes.<\/p>\n<\/div>\n","protected":false},"excerpt":{"rendered":"<p>K\u00f5rge j\u00f5udlusega 123A liitiumpatareid. 10-aastane s\u00e4ilivusaeg, 3V, 1550mAh.<\/p>\n","protected":false},"featured_media":71016,"template":"","meta":{"_acf_changed":false},"product_brand":[11862],"product_cat":[14056,14033,14082,14001],"product_tag":[],"class_list":{"0":"post-71015","1":"product","2":"type-product","3":"status-publish","4":"has-post-thumbnail","6":"product_brand-surefire","7":"product_cat-edc","8":"product_cat-edc-tuled","9":"product_cat-patareid","10":"product_cat-tuled","12":"first","13":"instock","14":"taxable","15":"shipping-taxable","16":"purchasable","17":"product-type-simple"},"acf":[],"_links":{"self":[{"href":"https:\/\/nbg.eu\/et\/wp-json\/wp\/v2\/product\/71015","targetHints":{"allow":["GET"]}}],"collection":[{"href":"https:\/\/nbg.eu\/et\/wp-json\/wp\/v2\/product"}],"about":[{"href":"https:\/\/nbg.eu\/et\/wp-json\/wp\/v2\/types\/product"}],"wp:featuredmedia":[{"embeddable":true,"href":"https:\/\/nbg.eu\/et\/wp-json\/wp\/v2\/media\/71016"}],"wp:attachment":[{"href":"https:\/\/nbg.eu\/et\/wp-json\/wp\/v2\/media?parent=71015"}],"wp:term":[{"taxonomy":"product_brand","embeddable":true,"href":"https:\/\/nbg.eu\/et\/wp-json\/wp\/v2\/product_brand?post=71015"},{"taxonomy":"product_cat","embeddable":true,"href":"https:\/\/nbg.eu\/et\/wp-json\/wp\/v2\/product_cat?post=71015"},{"taxonomy":"product_tag","embeddable":true,"href":"https:\/\/nbg.eu\/et\/wp-json\/wp\/v2\/product_tag?post=71015"}],"curies":[{"name":"wp","href":"https:\/\/api.w.org\/{rel}","templated":true}]}}