{"id":719769,"date":"2026-01-26T13:11:03","date_gmt":"2026-01-26T10:11:03","guid":{"rendered":"https:\/\/nbg.eu\/product\/manly-peak-orange-14c28n\/"},"modified":"2026-05-13T16:03:01","modified_gmt":"2026-05-13T13:03:01","slug":"manly-peak-orange-14c28n","status":"publish","type":"product","link":"https:\/\/nbg.eu\/et\/toode\/manly-peak-orange-14c28n\/","title":{"rendered":"Manly PEAK ORANGE 14C28N"},"content":{"rendered":"<h2>Manly PEAK ORANGE 14C28N kokkuklapitav nuga<\/h2>\n<p>Manly PEAK ORANGE 14C28N kokkuklapitav nuga on varustatud p\u00f6\u00f6rleva klambriga, mis muudab selle kasutamise v\u00f5imalikuks nii vasakuk\u00e4elistele kui ka paremaruk\u00e4elistele. Tugeva Backlock-lukustuss\u00fcsteemiga tagab see nuga kindla ja usaldusv\u00e4\u00e4rse toimivuse.<\/p>\n<p>T\u00e4pselt valmistatud PEAK ORANGE 14C28N tera on valmistatud 14C28N terasest ja on 9,4 cm pikkune. K\u00e4epide on valmistatud vastupidavast G10 materjalist, tagades mugava ja kindla haarde. Kogupikkus on 22 cm, mis teeb sellest mitmek\u00fclgse valiku erinevate \u00fclesannete t\u00e4itmiseks. Kaaludes 115 g on see nuga h\u00e4sti tasakaalus ja lihtne k\u00e4sitleda.<\/p>\n<p>\u00dche k\u00e4ega avatav Nail Nick-avamiss\u00fcsteem v\u00f5imaldab lihtsat k\u00e4sitsemist, samal ajal hoiab Backlock-lukustuss\u00fcsteem tera kindlalt oma kohal kasutamise ajal. Selle PEAK ORANGE 14C28N stiilse oran\u017ei v\u00e4rvusega lisab see igap\u00e4evasele kaasaskandmisele m\u00f5nusa v\u00e4ljan\u00e4gemise.<\/p>\n","protected":false},"excerpt":{"rendered":"<p>P\u00f6\u00f6ratav klambri, kahek\u00e4eline. Tagakilp lukustus. PEAK ORANGE 14C28N.<\/p>\n","protected":false},"featured_media":719813,"template":"","meta":{"_acf_changed":false},"product_brand":[15082],"product_cat":[15384,15360],"product_tag":[],"class_list":{"0":"post-719769","1":"product","2":"type-product","3":"status-publish","4":"has-post-thumbnail","6":"product_brand-manly-knives","7":"product_cat-folding-knives-et","8":"product_cat-knives-et","10":"first","11":"outofstock","12":"taxable","13":"shipping-taxable","14":"purchasable","15":"product-type-simple"},"acf":[],"_links":{"self":[{"href":"https:\/\/nbg.eu\/et\/wp-json\/wp\/v2\/product\/719769","targetHints":{"allow":["GET"]}}],"collection":[{"href":"https:\/\/nbg.eu\/et\/wp-json\/wp\/v2\/product"}],"about":[{"href":"https:\/\/nbg.eu\/et\/wp-json\/wp\/v2\/types\/product"}],"wp:featuredmedia":[{"embeddable":true,"href":"https:\/\/nbg.eu\/et\/wp-json\/wp\/v2\/media\/719813"}],"wp:attachment":[{"href":"https:\/\/nbg.eu\/et\/wp-json\/wp\/v2\/media?parent=719769"}],"wp:term":[{"taxonomy":"product_brand","embeddable":true,"href":"https:\/\/nbg.eu\/et\/wp-json\/wp\/v2\/product_brand?post=719769"},{"taxonomy":"product_cat","embeddable":true,"href":"https:\/\/nbg.eu\/et\/wp-json\/wp\/v2\/product_cat?post=719769"},{"taxonomy":"product_tag","embeddable":true,"href":"https:\/\/nbg.eu\/et\/wp-json\/wp\/v2\/product_tag?post=719769"}],"curies":[{"name":"wp","href":"https:\/\/api.w.org\/{rel}","templated":true}]}}