{"id":719992,"date":"2024-08-17T16:59:32","date_gmt":"2024-08-17T13:59:32","guid":{"rendered":"https:\/\/nbg.eu\/product\/grips-kmr-l-modular-liivapaber-luhike-orca-emiq-titani-jaoks\/"},"modified":"2026-04-16T16:40:02","modified_gmt":"2026-04-16T13:40:02","slug":"grips-kmr-l-modular-liivapaber-luhike-orca-emiq-titani-jaoks","status":"publish","type":"product","link":"https:\/\/nbg.eu\/et\/toode\/grips-kmr-l-modular-liivapaber-luhike-orca-emiq-titani-jaoks\/","title":{"rendered":"KMR K\u00e4epidemed L Modular Sandpaper L\u00fchikesed Orca, EMIQ Titaan"},"content":{"rendered":"<h2>Grips KMR L Modular Liivapaber L\u00fchike Orca, Emiq Titan<\/h2>\n<p>T\u00f5stke oma laskekogemust Grips KMR L Modular Liivapaber L\u00fchike abil Orca ja Emiq Titan jaoks. See k\u00e4epide on valmistatud kvaliteetsest anodeeritud duraaluminiumist ja pakub erakordset vastupidavust ning kaunist, moodsat v\u00e4limust. See on m\u00f5eldud kasutamiseks koos laskemoona juhtimisega, l\u00fchike pikkus pakub suuremat juhtimist ja liikuvust, tehes selle ideaalseks valikuks laia laskehariduste ulatuses.<\/p>\n<p>Moodulkonstruktsioon v\u00f5imaldab lihtsat kohandamist, et seada k\u00e4epide vastavalt teie konkreetsetele vajadustele. Liivapabertaolise tekstuuriga k\u00e4epide pakub kindlat ja enesekindlat haaret, tagades optimaalse stabiilsuse ja kontrolli teie laskeistungite ajal. Komplekti kuuluvad Torx-kruvid muudavad paigaldamise lihtsaks, v\u00f5imaldades teil k\u00e4epideme sujuvalt integreerida Orca v\u00f5i Emiq Titan platvormiga.<\/p>\n<p>T\u00f5stke oma laskekogemust Grips KMR L Modular Liivapaber L\u00fchike abil. See k\u00e4epide on valmistatud t\u00e4psusega ja \u00fcksikasjaliku t\u00e4helepanuga, see on h\u00e4davajalik lisavarustus iga t\u00f5sise lasja jaoks. Uuendage oma seadistust t\u00e4na ja kogege kvaliteedi ja disaini \u00fcleolekut.<\/p>\n","protected":false},"excerpt":{"rendered":"<p>Haaratsid KMR L Modulaarne Lihvpaber L\u00fchike Orca, Emiq Titani jaoks. Anodeeritud duralumiin, ajakirja juhiku, Torxi kruvidega, KMR logo.<\/p>\n","protected":false},"featured_media":720019,"template":"","meta":{"_acf_changed":false},"product_brand":[11497],"product_cat":[14021,14876],"product_tag":[],"class_list":{"0":"post-719992","1":"product","2":"type-product","3":"status-publish","4":"has-post-thumbnail","6":"product_brand-kmr-precision","7":"product_cat-kmr-osad","8":"product_cat-pistol-grips-et","10":"first","11":"instock","12":"taxable","13":"shipping-taxable","14":"product-type-simple"},"acf":[],"_links":{"self":[{"href":"https:\/\/nbg.eu\/et\/wp-json\/wp\/v2\/product\/719992","targetHints":{"allow":["GET"]}}],"collection":[{"href":"https:\/\/nbg.eu\/et\/wp-json\/wp\/v2\/product"}],"about":[{"href":"https:\/\/nbg.eu\/et\/wp-json\/wp\/v2\/types\/product"}],"wp:featuredmedia":[{"embeddable":true,"href":"https:\/\/nbg.eu\/et\/wp-json\/wp\/v2\/media\/720019"}],"wp:attachment":[{"href":"https:\/\/nbg.eu\/et\/wp-json\/wp\/v2\/media?parent=719992"}],"wp:term":[{"taxonomy":"product_brand","embeddable":true,"href":"https:\/\/nbg.eu\/et\/wp-json\/wp\/v2\/product_brand?post=719992"},{"taxonomy":"product_cat","embeddable":true,"href":"https:\/\/nbg.eu\/et\/wp-json\/wp\/v2\/product_cat?post=719992"},{"taxonomy":"product_tag","embeddable":true,"href":"https:\/\/nbg.eu\/et\/wp-json\/wp\/v2\/product_tag?post=719992"}],"curies":[{"name":"wp","href":"https:\/\/api.w.org\/{rel}","templated":true}]}}