{"id":720228,"date":"2025-05-21T16:04:06","date_gmt":"2025-05-21T13:04:06","guid":{"rendered":"https:\/\/nbg.eu\/product\/magazine-kmr-l-02-orca-cal-40-sw-18-rnds\/"},"modified":"2026-04-16T16:35:17","modified_gmt":"2026-04-16T13:35:17","slug":"magazine-kmr-l-02-orca-cal-40-sw-18-rnds","status":"publish","type":"product","link":"https:\/\/nbg.eu\/et\/toode\/magazine-kmr-l-02-orca-cal-40-sw-18-rnds\/","title":{"rendered":"KMR Salv L-02 ORCA .40 S&amp;W 18 Padr."},"content":{"rendered":"<h2>MAGAZINE KMR L-02 ORCA &#8211; Suurendage oma tulej\u00f5udu<\/h2>\n<p>Tutvustame MAGAZINE KMR L-02 ORCA-d, suuremahulist ajakirja, mis on loodud teie laskmiskogemuse t\u00f5stmiseks. Kaliibriga .40 S&amp;W, mahutab see ajakiri \u00fcllatavalt 18 padrunipesa, pakkudes teile suuremat tulej\u00f5udu ja v\u00e4hem laadimisvaheaegu.<\/p>\n<p>T\u00e4pselt ja hoolega valmistatud, on see ajakiri oluline tarvik laskmise entusiastidele, kes n\u00f5uavad parimat. Selle vastupidav konstruktsioon tagab usaldusv\u00e4\u00e4rse j\u00f5udluse isegi k\u00f5ige n\u00f5udlikumates tingimustes.<\/p>\n<p>Elegantse ja ergonoomilise disainiga MAGAZINE KMR L-02 ORCA liitub sujuvalt teie relvaga, pakkudes mugavat ja kindlat haaret. Suurem mahtuvus v\u00f5imaldab teil kauem lahingus p\u00fcsida, v\u00e4hendades sagedaste ajakirjamuudatuste vajadust ja suurendades teie taktikalisi eeliseid.<\/p>\n<p>Kogetage MAGAZINE KMR L-02 ORCA j\u00f5udu ja mitmekesisust, suurima mahutavusega ajakirja teie .40 S&amp;W relvale.<\/p>\n<p>Viide: 1152-02403-0001.<\/p>\n","protected":false},"excerpt":{"rendered":"<p>AJAKIRI KMR L-02 ORCA, kal. 40 S&amp;W, 18 padrunit, suure mahuga ajakiri suurema uljuse tagamiseks.<\/p>\n","protected":false},"featured_media":365266,"template":"","meta":{"_acf_changed":false},"product_brand":[11497],"product_cat":[14021,14017],"product_tag":[],"class_list":{"0":"post-720228","1":"product","2":"type-product","3":"status-publish","4":"has-post-thumbnail","6":"product_brand-kmr-precision","7":"product_cat-kmr-osad","8":"product_cat-puestoli-osad","10":"first","11":"instock","12":"taxable","13":"shipping-taxable","14":"product-type-simple"},"acf":[],"_links":{"self":[{"href":"https:\/\/nbg.eu\/et\/wp-json\/wp\/v2\/product\/720228","targetHints":{"allow":["GET"]}}],"collection":[{"href":"https:\/\/nbg.eu\/et\/wp-json\/wp\/v2\/product"}],"about":[{"href":"https:\/\/nbg.eu\/et\/wp-json\/wp\/v2\/types\/product"}],"wp:featuredmedia":[{"embeddable":true,"href":"https:\/\/nbg.eu\/et\/wp-json\/wp\/v2\/media\/365266"}],"wp:attachment":[{"href":"https:\/\/nbg.eu\/et\/wp-json\/wp\/v2\/media?parent=720228"}],"wp:term":[{"taxonomy":"product_brand","embeddable":true,"href":"https:\/\/nbg.eu\/et\/wp-json\/wp\/v2\/product_brand?post=720228"},{"taxonomy":"product_cat","embeddable":true,"href":"https:\/\/nbg.eu\/et\/wp-json\/wp\/v2\/product_cat?post=720228"},{"taxonomy":"product_tag","embeddable":true,"href":"https:\/\/nbg.eu\/et\/wp-json\/wp\/v2\/product_tag?post=720228"}],"curies":[{"name":"wp","href":"https:\/\/api.w.org\/{rel}","templated":true}]}}