{"id":720280,"date":"2025-03-04T21:36:59","date_gmt":"2025-03-04T18:36:59","guid":{"rendered":"https:\/\/nbg.eu\/product\/kasitsi-ohutusblokk-kmr-27-lapik-vasakukaeline\/"},"modified":"2026-04-16T16:35:41","modified_gmt":"2026-04-16T13:35:41","slug":"kasitsi-ohutusblokk-kmr-27-lapik-vasakukaeline","status":"publish","type":"product","link":"https:\/\/nbg.eu\/et\/toode\/kasitsi-ohutusblokk-kmr-27-lapik-vasakukaeline\/","title":{"rendered":"KMR K\u00e4sitsi Ohutuskomplekt 27 Lame, Vasakuk\u00e4elistele"},"content":{"rendered":"<h2>MANUAALNE OHUTUSKOMPLEKT KMR 27 TASANE, VASAKUK\u00c4ELINE<\/h2>\n<p>MANUAALNE OHUTUSKOMPLEKT KMR 27 TASANE, VASAKUK\u00c4ELINE on kvaliteetne ohutusvahend, mis on m\u00f5eldud vasakuk\u00e4elistele kasutajatele. See komplekt on tasase profiiliga, et see oleks diskreetse v\u00e4limuse ja lihtsa k\u00e4sitlemisega. T\u00e4pse insenerit\u00f6\u00f6ga valmistatud ohutuskomplekt pakub usaldusv\u00e4\u00e4rset kaitset juhuslike lahastusjuhtumite vastu, suurendades seel\u00e4bi teie relva \u00fcldist ohutust.<\/p>\n<p>MANUAALNE OHUTUSKOMPLEKT KMR 27 TASANE, VASAKUK\u00c4ELINE on loodud t\u00f6\u00f6tama sujuvalt paljude erinevate relvadega ning see on mitmek\u00fclgne ja usaldusv\u00e4\u00e4rne ohutuslahedus. Selle tasane profiil minimeerib kinni j\u00e4\u00e4mise v\u00f5i takistuste riski, tagades sujuva ja t\u00fc\u00fctu kasutajakogemuse. Olenemata sellest, kas olete kogenud tulirelva kasutaja v\u00f5i algaja, on see ohutuskomplekt teie relva lisatarvikute jaoks h\u00e4davajalik.<\/p>\n","protected":false},"excerpt":{"rendered":"<p>K\u00e4sitsi ohutusvahend KMR 27, lame, vasakuk\u00e4eline disain usaldusv\u00e4\u00e4rse t\u00f6\u00f6 jaoks.<\/p>\n","protected":false},"featured_media":236765,"template":"","meta":{"_acf_changed":false},"product_brand":[11497],"product_cat":[14021],"product_tag":[],"class_list":{"0":"post-720280","1":"product","2":"type-product","3":"status-publish","4":"has-post-thumbnail","6":"product_brand-kmr-precision","7":"product_cat-kmr-osad","9":"first","10":"instock","11":"taxable","12":"shipping-taxable","13":"purchasable","14":"product-type-simple"},"acf":[],"_links":{"self":[{"href":"https:\/\/nbg.eu\/et\/wp-json\/wp\/v2\/product\/720280","targetHints":{"allow":["GET"]}}],"collection":[{"href":"https:\/\/nbg.eu\/et\/wp-json\/wp\/v2\/product"}],"about":[{"href":"https:\/\/nbg.eu\/et\/wp-json\/wp\/v2\/types\/product"}],"wp:featuredmedia":[{"embeddable":true,"href":"https:\/\/nbg.eu\/et\/wp-json\/wp\/v2\/media\/236765"}],"wp:attachment":[{"href":"https:\/\/nbg.eu\/et\/wp-json\/wp\/v2\/media?parent=720280"}],"wp:term":[{"taxonomy":"product_brand","embeddable":true,"href":"https:\/\/nbg.eu\/et\/wp-json\/wp\/v2\/product_brand?post=720280"},{"taxonomy":"product_cat","embeddable":true,"href":"https:\/\/nbg.eu\/et\/wp-json\/wp\/v2\/product_cat?post=720280"},{"taxonomy":"product_tag","embeddable":true,"href":"https:\/\/nbg.eu\/et\/wp-json\/wp\/v2\/product_tag?post=720280"}],"curies":[{"name":"wp","href":"https:\/\/api.w.org\/{rel}","templated":true}]}}