{"id":720880,"date":"2024-08-18T12:16:47","date_gmt":"2024-08-18T09:16:47","guid":{"rendered":"https:\/\/nbg.eu\/product\/laskepolt-kmr-l\/"},"modified":"2026-05-13T16:02:00","modified_gmt":"2026-05-13T13:02:00","slug":"laskepolt-kmr-l","status":"publish","type":"product","link":"https:\/\/nbg.eu\/et\/toode\/laskepolt-kmr-l\/","title":{"rendered":"KMR L\u00f6\u00f6klukk L"},"content":{"rendered":"<h2>Laskes\u00fc\u00fctur KMR L: T\u00f6\u00f6kindel valik t\u00e4ppislaskmiseks<\/h2>\n<p>Esitleme laskes\u00fc\u00fctrit KMR L, tippklassi komponenti, mis on m\u00f5eldud t\u00f5sistele tulirelva kasutajatele. See on valmistatud t\u00e4psusega ja p\u00f6\u00f6rates t\u00e4helepanu \u00fcksikasjadele ning saadaval erinevate mudelitena, et vastata teie konkreetsetele vajadustele.<\/p>\n<p>T\u00f6\u00f6kindluse tagamiseks on laskes\u00fc\u00fctur KMR L j\u00e4igalt konstrueeritud, et vastu pidada sagedasele kasutamisele. Selle sujuv integratsioon tagab \u00fchtlase ja t\u00f6\u00f6kindla p\u00e4\u00e4stiku t\u00f5mbe, mis v\u00f5imaldab teil teha t\u00e4pseid laske kindlustundega. Kavandatud t\u00f6\u00f6tama harmooniliselt teie tulirelvaga, on see laskes\u00fc\u00fctur ideaalne t\u00e4iustus neile, kes otsivad oma laskmiskogemuse parendamist.<\/p>\n<p>Uuendage oma tulirelva t\u00e4na ja viige oma laskmine uuele tasemele.<\/p>\n","protected":false},"excerpt":{"rendered":"<p>Padrunis\u00fc\u00fctetuupi KMR L: Mitmek\u00fclgne padrunis\u00fc\u00fctetulp KMR L seeriarelvadele.<\/p>\n","protected":false},"featured_media":30316,"template":"","meta":{"_acf_changed":false},"product_brand":[11497],"product_cat":[14021,14764],"product_tag":[],"class_list":{"0":"post-720880","1":"product","2":"type-product","3":"status-publish","4":"has-post-thumbnail","6":"product_brand-kmr-precision","7":"product_cat-kmr-osad","8":"product_cat-suutekuunlad","10":"first","11":"outofstock","12":"taxable","13":"shipping-taxable","14":"product-type-simple"},"acf":[],"_links":{"self":[{"href":"https:\/\/nbg.eu\/et\/wp-json\/wp\/v2\/product\/720880","targetHints":{"allow":["GET"]}}],"collection":[{"href":"https:\/\/nbg.eu\/et\/wp-json\/wp\/v2\/product"}],"about":[{"href":"https:\/\/nbg.eu\/et\/wp-json\/wp\/v2\/types\/product"}],"wp:featuredmedia":[{"embeddable":true,"href":"https:\/\/nbg.eu\/et\/wp-json\/wp\/v2\/media\/30316"}],"wp:attachment":[{"href":"https:\/\/nbg.eu\/et\/wp-json\/wp\/v2\/media?parent=720880"}],"wp:term":[{"taxonomy":"product_brand","embeddable":true,"href":"https:\/\/nbg.eu\/et\/wp-json\/wp\/v2\/product_brand?post=720880"},{"taxonomy":"product_cat","embeddable":true,"href":"https:\/\/nbg.eu\/et\/wp-json\/wp\/v2\/product_cat?post=720880"},{"taxonomy":"product_tag","embeddable":true,"href":"https:\/\/nbg.eu\/et\/wp-json\/wp\/v2\/product_tag?post=720880"}],"curies":[{"name":"wp","href":"https:\/\/api.w.org\/{rel}","templated":true}]}}