{"id":721234,"date":"2024-08-18T11:07:42","date_gmt":"2024-08-18T08:07:42","guid":{"rendered":"https:\/\/nbg.eu\/product\/haardekruvi-m35-torx-kmr\/"},"modified":"2026-04-16T16:39:18","modified_gmt":"2026-04-16T13:39:18","slug":"haardekruvi-m35-torx-kmr","status":"publish","type":"product","link":"https:\/\/nbg.eu\/et\/toode\/haardekruvi-m35-torx-kmr\/","title":{"rendered":"KMR K\u00e4epideme Kruvi M3.5 Torx"},"content":{"rendered":"<h2>Grip Screw M3,5 Torx KMR<\/h2>\n<p>Valmistatud t\u00e4psuse ja t\u00e4helepanelikkusega, tagab see kinnitusv\u00f5ru kindla ja usaldusv\u00e4\u00e4rse haarde, parandades \u00fcldist j\u00f5udlust ja funktsionaalsust teie Weapons KMR-i. Torx-disainiga annab see kindla ja \u00fchtlase \u00fchenduse, v\u00e4ltides soovimatut l\u00f5tvumist v\u00f5i nihet kasutamise ajal.<\/p>\n<p>Olenemata sellest, kas olete kogenud lasketiir v\u00f5i taktikaline entusiast, on see oluline tarvik oma Weapons KMR-i terviklikkuse ja usaldusv\u00e4\u00e4rsuse s\u00e4ilitamiseks. T\u00f5stke oma laskekogemust selle olulise komponendiga, mis on loodud teie eelistatud KMR-mudeli sujuvaks integreerimiseks.<\/p>\n<p>Weapons KMR-ile:<\/p>\n<p>KMR L-02 EMIQ<\/p>\n<p>KMR L-02 EMIQ (OR)<\/p>\n<p>KMR L-02 ORCA ALATES 2024<\/p>\n<p>KMR L-02 ORCA KUNI 2023<\/p>\n<p>KMR L-02 SPECTRA ALATES 2024<\/p>\n<p>KMR L-02 SPECTRA KUNI 2023<\/p>\n<p>KMR L-02 UMBRA (OR) SR<\/p>\n<p>KMR S-01 LANCE (OR)<\/p>\n<p>KMR S-02 ALATES 2024<\/p>\n<p>KMR S-02 KUNI 2023<\/p>\n<p>KMR W-02 CUDA (OR)<\/p>\n<p>KMR W-02 UMBRA<\/p>\n<p>KMR W-02 UMBRA (OR)<\/p>\n","protected":false},"excerpt":{"rendered":"<p>Haardekruvi M3,5 Torx KMR relvadele, \u00fchilduv mudelitega KMR.<\/p>\n","protected":false},"featured_media":25286,"template":"","meta":{"_acf_changed":false},"product_brand":[11497],"product_cat":[14021,14876],"product_tag":[],"class_list":{"0":"post-721234","1":"product","2":"type-product","3":"status-publish","4":"has-post-thumbnail","6":"product_brand-kmr-precision","7":"product_cat-kmr-osad","8":"product_cat-pistol-grips-et","10":"first","11":"instock","12":"taxable","13":"shipping-taxable","14":"product-type-simple"},"acf":[],"_links":{"self":[{"href":"https:\/\/nbg.eu\/et\/wp-json\/wp\/v2\/product\/721234","targetHints":{"allow":["GET"]}}],"collection":[{"href":"https:\/\/nbg.eu\/et\/wp-json\/wp\/v2\/product"}],"about":[{"href":"https:\/\/nbg.eu\/et\/wp-json\/wp\/v2\/types\/product"}],"wp:featuredmedia":[{"embeddable":true,"href":"https:\/\/nbg.eu\/et\/wp-json\/wp\/v2\/media\/25286"}],"wp:attachment":[{"href":"https:\/\/nbg.eu\/et\/wp-json\/wp\/v2\/media?parent=721234"}],"wp:term":[{"taxonomy":"product_brand","embeddable":true,"href":"https:\/\/nbg.eu\/et\/wp-json\/wp\/v2\/product_brand?post=721234"},{"taxonomy":"product_cat","embeddable":true,"href":"https:\/\/nbg.eu\/et\/wp-json\/wp\/v2\/product_cat?post=721234"},{"taxonomy":"product_tag","embeddable":true,"href":"https:\/\/nbg.eu\/et\/wp-json\/wp\/v2\/product_tag?post=721234"}],"curies":[{"name":"wp","href":"https:\/\/api.w.org\/{rel}","templated":true}]}}