{"id":721293,"date":"2026-01-19T18:48:08","date_gmt":"2026-01-19T15:48:08","guid":{"rendered":"https:\/\/nbg.eu\/product\/rh-crocy-gizmo-adapter\/"},"modified":"2026-02-27T16:25:27","modified_gmt":"2026-02-27T13:25:27","slug":"rh-crocy-gizmo-adapter","status":"publish","type":"product","link":"https:\/\/nbg.eu\/et\/toode\/rh-crocy-gizmo-adapter\/","title":{"rendered":"RH Crocy Gizmo adapter"},"content":{"rendered":"<h2>RH Crocy Gizmo adapter<\/h2>\n<p>Crocy Gizmo on \u00fchendusdetail, mis on loodud RH Crocy AIWB kabuuris\u00fcsteemi jaoks. See v\u00f5imaldab salvestasku otse kabuuri k\u00fclge kinnitada t\u00e4ielikuks AIWB kandekonfiguratsiooniks.<\/p>\n<h3>P\u00f5hiomadused:<\/h3>\n<ul>\n<li>\u00dchendab Crocy salvestasku Crocy AIWB kabuuriga<\/li>\n<li>Kydex-konstruktsioon vastupidavuse tagamiseks<\/li>\n<li>V\u00f5imaldab modulaarset AIWB konfiguratsiooni<\/li>\n<li>Kerge ja madala profiiliga<\/li>\n<\/ul>\n","protected":false},"excerpt":{"rendered":"<p>RH Crocy Gizmo: \u00dchendusdetail salvestasku kinnitamiseks Crocy AIWB kabuuriga.<\/p>\n","protected":false},"featured_media":721294,"template":"","meta":{"_acf_changed":false},"product_brand":[11636],"product_cat":[14052],"product_tag":[],"class_list":{"0":"post-721293","1":"product","2":"type-product","3":"status-publish","4":"has-post-thumbnail","6":"product_brand-rh-holsters","7":"product_cat-koobritarvikud","9":"first","10":"instock","11":"taxable","12":"shipping-taxable","13":"purchasable","14":"product-type-simple"},"acf":[],"_links":{"self":[{"href":"https:\/\/nbg.eu\/et\/wp-json\/wp\/v2\/product\/721293","targetHints":{"allow":["GET"]}}],"collection":[{"href":"https:\/\/nbg.eu\/et\/wp-json\/wp\/v2\/product"}],"about":[{"href":"https:\/\/nbg.eu\/et\/wp-json\/wp\/v2\/types\/product"}],"wp:featuredmedia":[{"embeddable":true,"href":"https:\/\/nbg.eu\/et\/wp-json\/wp\/v2\/media\/721294"}],"wp:attachment":[{"href":"https:\/\/nbg.eu\/et\/wp-json\/wp\/v2\/media?parent=721293"}],"wp:term":[{"taxonomy":"product_brand","embeddable":true,"href":"https:\/\/nbg.eu\/et\/wp-json\/wp\/v2\/product_brand?post=721293"},{"taxonomy":"product_cat","embeddable":true,"href":"https:\/\/nbg.eu\/et\/wp-json\/wp\/v2\/product_cat?post=721293"},{"taxonomy":"product_tag","embeddable":true,"href":"https:\/\/nbg.eu\/et\/wp-json\/wp\/v2\/product_tag?post=721293"}],"curies":[{"name":"wp","href":"https:\/\/api.w.org\/{rel}","templated":true}]}}