{"id":721339,"date":"2026-01-19T18:48:05","date_gmt":"2026-01-19T15:48:05","guid":{"rendered":"https:\/\/nbg.eu\/product\/rh-crocy-lisakonks\/"},"modified":"2026-02-27T16:26:22","modified_gmt":"2026-02-27T13:26:22","slug":"rh-crocy-lisakonks","status":"publish","type":"product","link":"https:\/\/nbg.eu\/et\/toode\/rh-crocy-lisakonks\/","title":{"rendered":"RH Crocy lisakonks"},"content":{"rendered":"<h2>RH Crocy lisakonks<\/h2>\n<p>RH Crocy lisakonks pakub lisa\u00fchendust v\u00f6\u00f6ga Crocy AIWB kabuuris\u00fcsteemile, parandades stabiilsust ja kaalujaotust AIWB kandmisel.<\/p>\n<h3>P\u00f5hiomadused:<\/h3>\n<ul>\n<li>Terasest konstruktsioon vastupidavuse tagamiseks<\/li>\n<li>\u00dchildub 40 mm v\u00f6\u00f6ga<\/li>\n<li>Lisab teise kinnituspunkti Crocy s\u00fcsteemile<\/li>\n<li>Parandab kabuuri stabiilsust ja v\u00e4hendab liikumist<\/li>\n<li>Lihtne paigaldada Crocy kabuurile<\/li>\n<\/ul>\n","protected":false},"excerpt":{"rendered":"<p>RH Crocy lisakonks: Teraskonks paremaks stabiilsuseks Crocy AIWB s\u00fcsteemil.<\/p>\n","protected":false},"featured_media":721340,"template":"","meta":{"_acf_changed":false},"product_brand":[11636],"product_cat":[14052],"product_tag":[],"class_list":{"0":"post-721339","1":"product","2":"type-product","3":"status-publish","4":"has-post-thumbnail","6":"product_brand-rh-holsters","7":"product_cat-koobritarvikud","9":"first","10":"instock","11":"taxable","12":"shipping-taxable","13":"purchasable","14":"product-type-simple"},"acf":[],"_links":{"self":[{"href":"https:\/\/nbg.eu\/et\/wp-json\/wp\/v2\/product\/721339","targetHints":{"allow":["GET"]}}],"collection":[{"href":"https:\/\/nbg.eu\/et\/wp-json\/wp\/v2\/product"}],"about":[{"href":"https:\/\/nbg.eu\/et\/wp-json\/wp\/v2\/types\/product"}],"wp:featuredmedia":[{"embeddable":true,"href":"https:\/\/nbg.eu\/et\/wp-json\/wp\/v2\/media\/721340"}],"wp:attachment":[{"href":"https:\/\/nbg.eu\/et\/wp-json\/wp\/v2\/media?parent=721339"}],"wp:term":[{"taxonomy":"product_brand","embeddable":true,"href":"https:\/\/nbg.eu\/et\/wp-json\/wp\/v2\/product_brand?post=721339"},{"taxonomy":"product_cat","embeddable":true,"href":"https:\/\/nbg.eu\/et\/wp-json\/wp\/v2\/product_cat?post=721339"},{"taxonomy":"product_tag","embeddable":true,"href":"https:\/\/nbg.eu\/et\/wp-json\/wp\/v2\/product_tag?post=721339"}],"curies":[{"name":"wp","href":"https:\/\/api.w.org\/{rel}","templated":true}]}}