{"id":722409,"date":"2026-03-06T17:29:34","date_gmt":"2026-03-06T14:29:34","guid":{"rendered":"https:\/\/nbg.eu\/product\/eberlestock-cirrus-ultralight-kuivkott-dry-earth\/"},"modified":"2026-04-15T14:15:44","modified_gmt":"2026-04-15T11:15:44","slug":"eberlestock-cirrus-ultralight-kuivkott-dry-earth","status":"publish","type":"product","link":"https:\/\/nbg.eu\/et\/toode\/eberlestock-cirrus-ultralight-kuivkott-dry-earth\/","title":{"rendered":"Eberlestock Kuivkott Cirrus Ultralight, Dry Earth"},"content":{"rendered":"<h2>Eberlestock Cirrus ultrakerge veekindel kott<\/h2>\n<p>Cirrus ultrakerge veekindla koti seeria pakub usaldusv\u00e4\u00e4rset veekindlat kaitset teie varustusele kerges ja kompaktses formaadis. Olenemata sellest, kas korraldate seljakoti sisu mitmep\u00e4evaseks jahiks v\u00f5i kaitsete olulist elektroonikat j\u00f5e \u00fcletamisel, tagavad Cirrus kotid usaldusv\u00e4\u00e4rse j\u00f5udluse ilma tarbetu kaaluta.<\/p>\n<h3>Veekindel \u00fcleskeritav disain<\/h3>\n<p>Iga kott on varustatud \u00fcleskeritava sulguriga ja lihtsa D-aasaga t\u00e4iendavaks turvalisuseks, tagades veekindla tihendi vihma, lume ja vee alla sukeldumise vastu. Ultrakerge konstruktsioon lisab teie koormusele minimaalse kaalu, pakkudes samas t\u00f5sist kaitset.<\/p>\n<h3>Lihtne organiseerimine<\/h3>\n<p>Kontrastsed mustad suurusm\u00e4rgised igal kotil v\u00f5imaldavad kiiret tuvastamist mitme suuruse koos kasutamisel. Kasutage neid riiete, toidu, elektroonika, optika ja muu varustuse eraldamiseks ilma seljakotis tuhnimiseta.<\/p>\n<h3>Saadaval olevad suurused<\/h3>\n<ul>\n<li><strong>5-Liter<\/strong> \u2014 Ideaalne v\u00e4ikesele elektroonikale, esmaabivahendid v\u00f5i n\u00e4ksid<\/li>\n<li><strong>10-Liter<\/strong> \u2014 Suurep\u00e4rane p\u00e4evase riiete komplekti v\u00f5i optika tarvikute jaoks<\/li>\n<li><strong>20-Liter<\/strong> \u2014 Mahutab t\u00e4ieliku riietekomplekti v\u00f5i magamiskoti voodri<\/li>\n<li><strong>35-Liter<\/strong> \u2014 Piisavalt suur magamiskoti v\u00f5i kogu varustuskomplekti jaoks<\/li>\n<\/ul>\n<table>\n<thead>\n<tr>\n<th>Spetsifikatsioon<\/th>\n<th>Detail<\/th>\n<\/tr>\n<\/thead>\n<tbody>\n<tr>\n<td>Sulgurmehanism<\/td>\n<td>Roll-top with D-loop<\/td>\n<\/tr>\n<tr>\n<td>Materjal<\/td>\n<td>Ultralight waterproof nylon<\/td>\n<\/tr>\n<tr>\n<td>Saadaval olevad suurused<\/td>\n<td>5L, 10L, 20L, 35L<\/td>\n<\/tr>\n<tr>\n<td>V\u00e4rvus<\/td>\n<td>Dry Earth<\/td>\n<\/tr>\n<\/tbody>\n<\/table>\n","protected":false},"excerpt":{"rendered":"<p>Eberlestock Cirrus Ultralight kuivkott hoiab teie varustuse kuivana, puhtana ja kaitstuna ilmastiku eest. Rulltop-sulguriga D-aasaga ja kontrastsete suurussiltidega mitmete kottide h\u00f5lpsaks eristamiseks.<\/p>\n","protected":false},"featured_media":722410,"template":"","meta":{"_acf_changed":false},"product_brand":[15148],"product_cat":[14079],"product_tag":[],"class_list":{"0":"post-722409","1":"product","2":"type-product","3":"status-publish","4":"has-post-thumbnail","6":"product_brand-eberlestock","7":"product_cat-varustus","9":"first","10":"instock","11":"taxable","12":"shipping-taxable","13":"purchasable","14":"product-type-variable","15":"wvs-archive-product-wrapper"},"acf":[],"_links":{"self":[{"href":"https:\/\/nbg.eu\/et\/wp-json\/wp\/v2\/product\/722409","targetHints":{"allow":["GET"]}}],"collection":[{"href":"https:\/\/nbg.eu\/et\/wp-json\/wp\/v2\/product"}],"about":[{"href":"https:\/\/nbg.eu\/et\/wp-json\/wp\/v2\/types\/product"}],"wp:featuredmedia":[{"embeddable":true,"href":"https:\/\/nbg.eu\/et\/wp-json\/wp\/v2\/media\/722410"}],"wp:attachment":[{"href":"https:\/\/nbg.eu\/et\/wp-json\/wp\/v2\/media?parent=722409"}],"wp:term":[{"taxonomy":"product_brand","embeddable":true,"href":"https:\/\/nbg.eu\/et\/wp-json\/wp\/v2\/product_brand?post=722409"},{"taxonomy":"product_cat","embeddable":true,"href":"https:\/\/nbg.eu\/et\/wp-json\/wp\/v2\/product_cat?post=722409"},{"taxonomy":"product_tag","embeddable":true,"href":"https:\/\/nbg.eu\/et\/wp-json\/wp\/v2\/product_tag?post=722409"}],"curies":[{"name":"wp","href":"https:\/\/api.w.org\/{rel}","templated":true}]}}