{"id":722943,"date":"2026-03-06T17:38:33","date_gmt":"2026-03-06T14:38:33","guid":{"rendered":"https:\/\/nbg.eu\/product\/eberlestock-fury-rinnakott\/"},"modified":"2026-04-15T14:15:32","modified_gmt":"2026-04-15T11:15:32","slug":"eberlestock-fury-rinnakott","status":"publish","type":"product","link":"https:\/\/nbg.eu\/et\/toode\/eberlestock-fury-rinnakott\/","title":{"rendered":"Eberlestock Rinnakott Fury"},"content":{"rendered":"<h2>Eberlestock Fury rinnatasku<\/h2>\n<p>Fury on mitmek\u00fclgne, madala profiiliga lahendus olulise varustuse kandmiseks n\u00f5udlikes tingimustes. Loodud taktikaliseks kasutuseks, jahiks ja v\u00e4litegevusteks, Fury pakub modulaarset hoiustamist ilma mugavust v\u00f5i liikuvust ohverdamata.<\/p>\n<h3>Kompaktne, kuid v\u00f5imekas<\/h3>\n<p>M\u00f5\u00f5tmetega 6 tolli k\u00f5rgust, 8 tolli laiust ja 2,5 tolli s\u00fcgavust, Fury pakub piisavalt ruumi kaugusm\u00f5\u00f5tjale, peibutuskutsungeile, k\u00e4eshoitavatele termokaameratele v\u00f5i isegi kompaktsele p\u00fcstolile nagu Glock 19.<\/p>\n<h3>Hingav mugavus<\/h3>\n<p>\u00d5huv\u00f5rguga rakmetes\u00fcsteem parandab mugavust ja hingavust, edendades \u00f5huvoolu ja v\u00e4hendades niiskuse kogunemist pikaajalise kandmise ajal.<\/p>\n<h3>T\u00e4ielikult modulaarne<\/h3>\n<p>Laserl\u00f5igatud MOLLE kinnitusribad v\u00e4ljast ja p\u00f5hisektsiooni sees v\u00f5imaldavad t\u00e4ielikku kohandamist. Eesmine t\u00f5mblukuga organiseerimistasku pakub kiiret ligip\u00e4\u00e4su vajalikele esemetele. Alla rippuv takjakinnitusega paneel \u00fchildub Eberlestock MOLLE paneelide, k\u00e4esoojendajate ja Quickcase tarvikutega.<\/p>\n<p>Valmistatud vastupidavast 500D ripstop nailonist. \u00dchilduv Eberlestock Bino Rain Fly kattega.<\/p>\n<table>\n<thead>\n<tr>\n<th>Spetsifikatsioon<\/th>\n<th>Detail<\/th>\n<\/tr>\n<\/thead>\n<tbody>\n<tr>\n<td>M\u00f5\u00f5tmed<\/td>\n<td>6&#8243; H x 8&#8243; W x 2.5&#8243; D<\/td>\n<\/tr>\n<tr>\n<td>Materjal<\/td>\n<td>500D Ripstop Nylon<\/td>\n<\/tr>\n<tr>\n<td>Rakmed<\/td>\n<td>Polsterdatud \u00f5huv\u00f5rk<\/td>\n<\/tr>\n<tr>\n<td>Kinnitus<\/td>\n<td>Laserl\u00f5igatud MOLLE<\/td>\n<\/tr>\n<\/tbody>\n<\/table>\n","protected":false},"excerpt":{"rendered":"<p>Eberlestock Fury Chest Pack on mitmek\u00fclgne keskmise suurusega taktikaline rinnakott m\u00f5\u00f5tmetega 6&#8243; x 8&#8243; x 2.5&#8243;. Valmistatud 500D ripstop nailonist \u00f5huv\u00f5rk-rakmetega, laserl\u00f5igatud MOLLE-ga ja tarvikupaneelidega \u00fchilduvusega.<\/p>\n","protected":false},"featured_media":722944,"template":"","meta":{"_acf_changed":false},"product_brand":[15148],"product_cat":[14025,14079],"product_tag":[],"class_list":{"0":"post-722943","1":"product","2":"type-product","3":"status-publish","4":"has-post-thumbnail","6":"product_brand-eberlestock","7":"product_cat-rinnarihmad","8":"product_cat-varustus","10":"first","11":"instock","12":"taxable","13":"shipping-taxable","14":"purchasable","15":"product-type-variable","16":"wvs-archive-product-wrapper"},"acf":[],"_links":{"self":[{"href":"https:\/\/nbg.eu\/et\/wp-json\/wp\/v2\/product\/722943","targetHints":{"allow":["GET"]}}],"collection":[{"href":"https:\/\/nbg.eu\/et\/wp-json\/wp\/v2\/product"}],"about":[{"href":"https:\/\/nbg.eu\/et\/wp-json\/wp\/v2\/types\/product"}],"wp:featuredmedia":[{"embeddable":true,"href":"https:\/\/nbg.eu\/et\/wp-json\/wp\/v2\/media\/722944"}],"wp:attachment":[{"href":"https:\/\/nbg.eu\/et\/wp-json\/wp\/v2\/media?parent=722943"}],"wp:term":[{"taxonomy":"product_brand","embeddable":true,"href":"https:\/\/nbg.eu\/et\/wp-json\/wp\/v2\/product_brand?post=722943"},{"taxonomy":"product_cat","embeddable":true,"href":"https:\/\/nbg.eu\/et\/wp-json\/wp\/v2\/product_cat?post=722943"},{"taxonomy":"product_tag","embeddable":true,"href":"https:\/\/nbg.eu\/et\/wp-json\/wp\/v2\/product_tag?post=722943"}],"curies":[{"name":"wp","href":"https:\/\/api.w.org\/{rel}","templated":true}]}}