{"id":723201,"date":"2026-03-06T17:34:43","date_gmt":"2026-03-06T14:34:43","guid":{"rendered":"https:\/\/nbg.eu\/product\/eberlestock-w2-spectre\/"},"modified":"2026-04-15T14:15:37","modified_gmt":"2026-04-15T11:15:37","slug":"eberlestock-w2-spectre","status":"publish","type":"product","link":"https:\/\/nbg.eu\/et\/toode\/eberlestock-w2-spectre\/","title":{"rendered":"Eberlestock W2-Spectre"},"content":{"rendered":"<h2>Eberlestock W2-Spectre<\/h2>\n<p>Spectre on Eberlestocki k\u00f5ige uuenduslikum ja mitmek\u00fclgsem snaipriseljakott, mis defineerib \u00fcmber, kuidas professionaalid kannavad oma t\u00e4ppisrelvas\u00fcsteeme. Varustatud patenteeritud RAID\u2122 tupega \u2014 polsterdatud suletud tupp, mis on optimeeritud kokkupandava \u0161assiiga p\u00fcssidele, kinnitatavale \u00f6\u00f6n\u00e4gemisele ja termoseadmetele ning relvale paigaldatud laserkaugusm\u00f5\u00f5tjatele.<\/p>\n<h3>Sihip\u00e4raselt ehitatud kaasaegsetele platvormidele<\/h3>\n<p>Spectre&#8217;l on laiem profiil, mis on spetsiaalselt loodud t\u00e4naste suuremate t\u00e4ppisrelvaplatvormide ja kaasaegsete tarvikute jaoks. Disain tagab kiire ja t\u00f5husa ligip\u00e4\u00e4su relva v\u00e4lja- v\u00f5i sissepanemisel, k\u00f5rvaldades tavap\u00e4raste tubes\u00fcsteemide kohmakuse.<\/p>\n<h3>Professionaalne kandmiss\u00fcsteem<\/h3>\n<p>Sisemine raam koos uue Ladder Shoulder Harness s\u00fcsteemi ja t\u00e4iustatud puusav\u00f6\u00f6ga pakub m\u00e4rgatavat paranemist sobivuses, mugavuses ja koormuse jaotuses. Kehale sobitades t\u00f6\u00f6tab Spectre sujuvalt koos taktikaliste v\u00f6\u00f6de ja plaadikandjatega, s\u00e4ilitades ligip\u00e4\u00e4su kriitilisele varustusele kehal.<\/p>\n<h3>V\u00e4lipraktikal p\u00f5hinev disain<\/h3>\n<p>Loodud otse professionaalide v\u00e4lipraktikast saadud tagasiside p\u00f5hjal, Spectre&#8217;l on mitu kandmissanga: kaks \u00fcleval, \u00fcks kummalgi k\u00fcljel ja vastupidav Hypalon sang ees. Olgu selleks redelile ronimine, taimestikust l\u00e4bi roomamine v\u00f5i surve all \u00fcmberpaigutumine, saate seljakotiga t\u00f5husalt man\u00f6\u00f6verdada igast asendist.<\/p>\n<table>\n<thead>\n<tr>\n<th>Spetsifikatsioon<\/th>\n<th>Detail<\/th>\n<\/tr>\n<\/thead>\n<tbody>\n<tr>\n<td>Tupp<\/td>\n<td>RAID\u2122 patenteeritud suletud tupp<\/td>\n<\/tr>\n<tr>\n<td>Raam<\/td>\n<td>Sisemine raam<\/td>\n<\/tr>\n<tr>\n<td>Rakmed<\/td>\n<td>Ladder Shoulder Harness<\/td>\n<\/tr>\n<tr>\n<td>Kandmissangad<\/td>\n<td>5 (2 \u00fclemine, 2 k\u00fclgmine, 1 eesmine Hypalon)<\/td>\n<\/tr>\n<tr>\n<td>\u00dchilduvus<\/td>\n<td>Taktikalised v\u00f6\u00f6d, plaadikandjad<\/td>\n<\/tr>\n<tr>\n<td>Optimeeritud<\/td>\n<td>Kokkupandavad \u0161assiid, NV\/termo kinnitusseadmed, LRF-id<\/td>\n<\/tr>\n<\/tbody>\n<\/table>\n","protected":false},"excerpt":{"rendered":"<p>Eberlestock W2-Spectre on sihtrelvuri seljakott patenditud RAID\u2122 tupega, mis on optimeeritud kokkupandavate relvaraami, kinnitatava \u00f6\u00f6n\u00e4gemise, termoseadmete ja relvale monteeritud laserkaugusm\u00f5\u00f5tjate jaoks. Sisemine raam Ladder Shoulder Harness kanderihmadega.<\/p>\n","protected":false},"featured_media":723202,"template":"","meta":{"_acf_changed":false},"product_brand":[15148],"product_cat":[14015,14079],"product_tag":[],"class_list":{"0":"post-723201","1":"product","2":"type-product","3":"status-publish","4":"has-post-thumbnail","6":"product_brand-eberlestock","7":"product_cat-seljakotid","8":"product_cat-varustus","10":"first","11":"instock","12":"taxable","13":"shipping-taxable","14":"purchasable","15":"product-type-variable","16":"wvs-archive-product-wrapper"},"acf":[],"_links":{"self":[{"href":"https:\/\/nbg.eu\/et\/wp-json\/wp\/v2\/product\/723201","targetHints":{"allow":["GET"]}}],"collection":[{"href":"https:\/\/nbg.eu\/et\/wp-json\/wp\/v2\/product"}],"about":[{"href":"https:\/\/nbg.eu\/et\/wp-json\/wp\/v2\/types\/product"}],"wp:featuredmedia":[{"embeddable":true,"href":"https:\/\/nbg.eu\/et\/wp-json\/wp\/v2\/media\/723202"}],"wp:attachment":[{"href":"https:\/\/nbg.eu\/et\/wp-json\/wp\/v2\/media?parent=723201"}],"wp:term":[{"taxonomy":"product_brand","embeddable":true,"href":"https:\/\/nbg.eu\/et\/wp-json\/wp\/v2\/product_brand?post=723201"},{"taxonomy":"product_cat","embeddable":true,"href":"https:\/\/nbg.eu\/et\/wp-json\/wp\/v2\/product_cat?post=723201"},{"taxonomy":"product_tag","embeddable":true,"href":"https:\/\/nbg.eu\/et\/wp-json\/wp\/v2\/product_tag?post=723201"}],"curies":[{"name":"wp","href":"https:\/\/api.w.org\/{rel}","templated":true}]}}