{"id":723934,"date":"2026-03-10T16:14:33","date_gmt":"2026-03-10T13:14:33","guid":{"rendered":"https:\/\/nbg.eu\/product\/area-419-can-koozie-klopsitav-oonagemisvarjuk\/"},"modified":"2026-03-10T17:17:03","modified_gmt":"2026-03-10T14:17:03","slug":"area-419-can-koozie-klopsitav-oonagemisvarjuk","status":"publish","type":"product","link":"https:\/\/nbg.eu\/et\/toode\/area-419-can-koozie-klopsitav-oonagemisvarjuk\/","title":{"rendered":"Area 419 Can Koozie \/ Kl\u00f5psitav \u00d6\u00f6n\u00e4gemisvarjuk"},"content":{"rendered":"<h2>Area 419 Can Koozie \/ Kl\u00f5psitav \u00d6\u00f6n\u00e4gemisvisiir<\/h2>\n<p>Area 419 poolt loodud neopreenvisiir teenib taktikalist eesm\u00e4rki: kinnitage see optika objektiivi otsa k\u00fclge, et sillutada vahe optika ja kl\u00f5psitava \u00f6\u00f6n\u00e4gemisseadme vahel, blokeerides tolmu ja hajuvalgust.<\/p>\n<h3>Kl\u00f5psitav \u00d6\u00f6n\u00e4gemisvisiir<\/h3>\n<p>Visiir venitub \u00fcle optika objektiivi ja pakub tihedat, valguskindlat silda teie kl\u00f5psitavale NV seadmele \u2014 k\u00f5rvaldades vahe, kust p\u00e4\u00e4seb sisse \u00fcmbritsev valgus ja tolm. Laskurid kasutavad seda ka t\u00f5husa p\u00e4ikesevarnana objektiivi peegelduste vastu ilma takjapaelte v\u00f5i kohmakate tarvikuteta.<\/p>\n<h3>Spetsifikatsioonid<\/h3>\n<table>\n<tbody>\n<tr>\n<td><strong>Materjal<\/strong><\/td>\n<td>Neoprene<\/td>\n<\/tr>\n<tr>\n<td><strong>Kaal<\/strong><\/td>\n<td>0.1 lbs<\/td>\n<\/tr>\n<tr>\n<td><strong>M\u00f5\u00f5tmed<\/strong><\/td>\n<td>2 x 2 x 0.5 in<\/td>\n<\/tr>\n<tr>\n<td><strong>Toodetud<\/strong><\/td>\n<td>USA<\/td>\n<\/tr>\n<\/tbody>\n<\/table>\n","protected":false},"excerpt":{"rendered":"<p>Neopreenist kl\u00f5psitav visiir, mis on loodud sillutama vahet optika objektiivi ja kl\u00f5psitava \u00f6\u00f6n\u00e4gemisseadme vahel. Blokeerib tolmu, hajuvalgust ja k\u00f5rvaldab objektiivi peegeldused. Toimib ka t\u00f5husa p\u00e4ikesevarnana p\u00e4evasel laskmisel.<\/p>\n","protected":false},"featured_media":723935,"template":"","meta":{"_acf_changed":false},"product_brand":[11034],"product_cat":[14047,14079],"product_tag":[],"class_list":{"0":"post-723934","1":"product","2":"type-product","3":"status-publish","4":"has-post-thumbnail","6":"product_brand-area-419","7":"product_cat-sihtimisvahendid","8":"product_cat-varustus","10":"first","11":"instock","12":"taxable","13":"shipping-taxable","14":"purchasable","15":"product-type-simple"},"acf":[],"_links":{"self":[{"href":"https:\/\/nbg.eu\/et\/wp-json\/wp\/v2\/product\/723934","targetHints":{"allow":["GET"]}}],"collection":[{"href":"https:\/\/nbg.eu\/et\/wp-json\/wp\/v2\/product"}],"about":[{"href":"https:\/\/nbg.eu\/et\/wp-json\/wp\/v2\/types\/product"}],"wp:featuredmedia":[{"embeddable":true,"href":"https:\/\/nbg.eu\/et\/wp-json\/wp\/v2\/media\/723935"}],"wp:attachment":[{"href":"https:\/\/nbg.eu\/et\/wp-json\/wp\/v2\/media?parent=723934"}],"wp:term":[{"taxonomy":"product_brand","embeddable":true,"href":"https:\/\/nbg.eu\/et\/wp-json\/wp\/v2\/product_brand?post=723934"},{"taxonomy":"product_cat","embeddable":true,"href":"https:\/\/nbg.eu\/et\/wp-json\/wp\/v2\/product_cat?post=723934"},{"taxonomy":"product_tag","embeddable":true,"href":"https:\/\/nbg.eu\/et\/wp-json\/wp\/v2\/product_tag?post=723934"}],"curies":[{"name":"wp","href":"https:\/\/api.w.org\/{rel}","templated":true}]}}