{"id":732195,"date":"2026-03-13T17:31:58","date_gmt":"2026-03-13T14:31:58","guid":{"rendered":"https:\/\/nbg.eu\/product\/microtech-l-u-d-t-t-e-gen-iii-black-standard-blue-2\/"},"modified":"2026-03-16T12:30:27","modified_gmt":"2026-03-16T09:30:27","slug":"microtech-l-u-d-t-t-e-gen-iii-black-standard-blue-2","status":"publish","type":"product","link":"https:\/\/nbg.eu\/et\/toode\/microtech-l-u-d-t-t-e-gen-iii-black-standard-blue-2\/","title":{"rendered":"Microtech L.U.D.T. T\/E Gen III must Standard sinine"},"content":{"rendered":"<h2>\u00dclevaade<\/h2>\n<p>Mikrotehnoloogia L.U.D.T. Gen III on v\u00f5imas automaatne kaust, mis kutsub esile klassikalise UDT stiili koos revolutsiooniliste vormi- ja funktsiooniv\u00e4rskendustega. Sellel sinisel variandil on must DLC-kattega tanto-tera standardse sileda servaga, mis on sepistatud Bohleri \u200b\u200bM390MK terasest. Gen III iteratsioon toob optimaalse haarduvuse tagamiseks tagasi k\u00e4epideme sisestused 3M Traction Tape&#8217;iga, 24 r\u00e4nikarbiidlaagrit, et tagada oma klassi sujuvaim toimimine, ja tavaliste Torx-kruvide abil, mis h\u00f5lbustavad p\u00f5llul hooldamist.<\/p>\n<h3>24 r\u00e4nikarbiidlaagrit<\/h3>\n<p>LUDT Gen III tegevuss\u00fcsteem t\u00f6\u00f6tab 24 t\u00e4ppis r\u00e4nikarbiidi laagril, pakkudes sujuvaimat ja rafineeritumat automaatset kaustamist, mida Microtech on kunagi tootnud. Laagris\u00fcsteem v\u00e4listab peaaegu h\u00f5\u00f5rdumise v\u00e4lkkiire kasutuselev\u00f5tuga.<\/p>\n<h3>3M Traction Tape Inlays<\/h3>\n<p>Gen III k\u00e4epidemete sisestuste tagastamisel kasutatakse t\u00f6\u00f6stusliku kvaliteediga 3M Traction Tape, mis tagab erakordse haarduvuse m\u00e4rgades, \u00f5listes v\u00f5i kinnastes tingimustes, ilma k\u00e4epideme profiilile mahtu lisamata.<\/p>\n<h3>Veekindel konstruktsioon<\/h3>\n<p>Karmide keskkondade jaoks loodud LUDT Gen III on ilmastikukindla konstruktsiooniga, mis on vastupidav niiskuse sissetungimisele, muutes selle usaldusv\u00e4\u00e4rseks vihmas, lumes ja merekeskkonnas.<\/p>\n<h3>Premium komponendid<\/h3>\n<ul>\n<li>Bohler M390MK tanto tera<\/li>\n<li>6061-T6 alumiiniumist k\u00e4epide 3M Traction Tape sisestustega<\/li>\n<li>24 r\u00e4nikarbiidist laagrite toimes\u00fcsteem<\/li>\n<li>Tip-up kande taskuklamber<\/li>\n<li>Tavaline Torxi riistvara lihtsaks hoolduseks<\/li>\n<li>Veekindel konstruktsioon<\/li>\n<\/ul>\n<h3>Tehnilised andmed<\/h3>\n<table class=\"shop_attributes\">\n<tbody>\n<tr>\n<td><strong>T\u00fc\u00fcp<\/strong><\/td>\n<td>Automaatne kaust<\/td>\n<\/tr>\n<tr>\n<td><strong>Tera pikkus<\/strong><\/td>\n<td>3,50&#8243;<\/td>\n<\/tr>\n<tr>\n<td><strong>\u00dcldpikkus<\/strong><\/td>\n<td>8,00&#8243;<\/td>\n<\/tr>\n<tr>\n<td><strong>K\u00e4epideme pikkus<\/strong><\/td>\n<td>4,50&#8243;<\/td>\n<\/tr>\n<tr>\n<td><strong>Blade Steel<\/strong><\/td>\n<td>Bohler M390MK<\/td>\n<\/tr>\n<tr>\n<td><strong>K\u00e4epideme materjal<\/strong><\/td>\n<td>6061-T6 alumiiniumist 3M veolindi sisestusega<\/td>\n<\/tr>\n<tr>\n<td><strong>Kaal<\/strong><\/td>\n<td>3,60 untsi<\/td>\n<\/tr>\n<tr>\n<td><strong>Taskuklamber<\/strong><\/td>\n<td>Tip-Up Carry<\/td>\n<\/tr>\n<tr>\n<td><strong>Laagrid<\/strong><\/td>\n<td>24 r\u00e4nikarbiid<\/td>\n<\/tr>\n<tr>\n<td><strong>P\u00e4ritoluriik<\/strong><\/td>\n<td>USA<\/td>\n<\/tr>\n<tr>\n<td><strong>K\u00e4epideme v\u00e4rv<\/strong><\/td>\n<td>Sinine<\/td>\n<\/tr>\n<tr>\n<td><strong>Tera viimistlus<\/strong><\/td>\n<td>Must DLC<\/td>\n<\/tr>\n<tr>\n<td><strong>Serva t\u00fc\u00fcp<\/strong><\/td>\n<td>Tavaline<\/td>\n<\/tr>\n<\/tbody>\n<\/table>\n","protected":false},"excerpt":{"rendered":"<p>L.U.D.T. Gen III automaatne sinine kaust musta DLC standardi M390MK tanto teraga. Sisaldab 24 r\u00e4nikarbiidlaagrit ja 3M Traction Tape sisestusi. 3,50 tolli tera, \u00fcldpikkus 8,00 tolli.<\/p>\n","protected":false},"featured_media":731210,"template":"","meta":{"_acf_changed":false},"product_brand":[15527],"product_cat":[15384,15360],"product_tag":[],"class_list":{"0":"post-732195","1":"product","2":"type-product","3":"status-publish","4":"has-post-thumbnail","6":"product_brand-microtech","7":"product_cat-folding-knives-et","8":"product_cat-knives-et","10":"first","11":"instock","12":"taxable","13":"shipping-taxable","14":"purchasable","15":"product-type-simple"},"acf":[],"_links":{"self":[{"href":"https:\/\/nbg.eu\/et\/wp-json\/wp\/v2\/product\/732195","targetHints":{"allow":["GET"]}}],"collection":[{"href":"https:\/\/nbg.eu\/et\/wp-json\/wp\/v2\/product"}],"about":[{"href":"https:\/\/nbg.eu\/et\/wp-json\/wp\/v2\/types\/product"}],"wp:featuredmedia":[{"embeddable":true,"href":"https:\/\/nbg.eu\/et\/wp-json\/wp\/v2\/media\/731210"}],"wp:attachment":[{"href":"https:\/\/nbg.eu\/et\/wp-json\/wp\/v2\/media?parent=732195"}],"wp:term":[{"taxonomy":"product_brand","embeddable":true,"href":"https:\/\/nbg.eu\/et\/wp-json\/wp\/v2\/product_brand?post=732195"},{"taxonomy":"product_cat","embeddable":true,"href":"https:\/\/nbg.eu\/et\/wp-json\/wp\/v2\/product_cat?post=732195"},{"taxonomy":"product_tag","embeddable":true,"href":"https:\/\/nbg.eu\/et\/wp-json\/wp\/v2\/product_tag?post=732195"}],"curies":[{"name":"wp","href":"https:\/\/api.w.org\/{rel}","templated":true}]}}