{"id":732197,"date":"2026-03-13T17:32:11","date_gmt":"2026-03-13T14:32:11","guid":{"rendered":"https:\/\/nbg.eu\/product\/microtech-combat-troodon-lt-s-e-apocalyptic-standard-2\/"},"modified":"2026-03-30T15:30:09","modified_gmt":"2026-03-30T12:30:09","slug":"microtech-combat-troodon-lt-s-e-apocalyptic-standard-2","status":"publish","type":"product","link":"https:\/\/nbg.eu\/et\/toode\/microtech-combat-troodon-lt-s-e-apocalyptic-standard-2\/","title":{"rendered":"Microtech Combat Troodon LT S\/E apokal\u00fcptiline standard"},"content":{"rendered":"<h2>\u00dclevaade<\/h2>\n<p>Microtech Combat Troodon LT on legendaarse Combat Troodoni kergem variant, mis on loodud kasutamiseks \u00f5iguskaitse-, s\u00f5jav\u00e4e- ja esmaabirakendustes. Sellel mudelil on Apokal\u00fcptilise viimistlusega Bohleri \u200b\u200bM390MK terasest \u00fche servaga kukkumispunkti tera, millel on standardne sile serv. Gen III \u00fcmberdisainimisel on kasutusele v\u00f5etud uus kahe k\u00fctusega j\u00f5u\u00fclekandes\u00fcsteem, mis v\u00f5imaldab h\u00f5lpsasti kasutusele v\u00f5tta, t\u00e4iustatud nuputasku konstruktsioon, mis minimeerib h\u00f5\u00f5rdumist ja h\u00f5lbustab prahi nihkumist, ning agressiivne t\u00f5mblus ja kere sooned erakordseks haardumiseks taktikalistes olukordades.<\/p>\n<h3>Kahe k\u00fctusega j\u00f5u\u00fclekandes\u00fcsteem<\/h3>\n<p>Combat Troodoni \u00fcmberkujundatud j\u00f5u\u00fclekanne v\u00f5imaldab kriitilistes olukordades h\u00f5lpsat kasutuselev\u00f5ttu ja kasutajas\u00f5bralikku lahtiv\u00f5tmist hoolduseks. Kahe vedruga disain l\u00fckkab tera j\u00f5uliselt edasi, j\u00e4\u00e4des samal ajal sujuvalt t\u00f6\u00f6le.<\/p>\n<h3>T\u00e4iustatud nuputaskukujundus<\/h3>\n<p>Gen III nuputasku minimeerib h\u00f5\u00f5rdumist t\u00f6\u00f6 ajal ja h\u00f5lbustab t\u00f5husa prahi v\u00e4ljat\u00f5rjumist, v\u00e4hendades m\u00e4rkimisv\u00e4\u00e4rselt vajadust sagedase hoolduse ja puhastamise j\u00e4rele v\u00e4litingimustes.<\/p>\n<h3>Taktikaline ergonoomika<\/h3>\n<p>S\u00fcgavad t\u00f5mblused ja t\u00e4pselt freesitud sooned k\u00e4epideme korpusel pakuvad erakordset ostu m\u00e4rgades, \u00f5listes v\u00f5i kinnastes tingimustes. Keraamilise fiksaatoriga titaanist taskuklamber tagab turvalisuse ja kiire ligip\u00e4\u00e4setavuse.<\/p>\n<h3>Premium komponendid<\/h3>\n<ul>\n<li>Apokal\u00fcptilise viimistlusega Bohler M390MK kukkumispunkti tera<\/li>\n<li>6061-T6 alumiiniumist k\u00e4epide s\u00fcgava graveeringuga<\/li>\n<li>Kahek\u00fctuselise j\u00f5u\u00fclekande s\u00fcsteem<\/li>\n<li>Keraamilise lukuga titaanist taskuklamber<\/li>\n<li>Roostevabast terasest klaasimurdja<\/li>\n<li>P\u00f6\u00f6ratav taskuklamber<\/li>\n<\/ul>\n<h3>Tehnilised andmed<\/h3>\n<table class=\"shop_attributes\">\n<tbody>\n<tr>\n<td><strong>T\u00fc\u00fcp<\/strong><\/td>\n<td>Eesmine automaatne<\/td>\n<\/tr>\n<tr>\n<td><strong>Tera pikkus<\/strong><\/td>\n<td>4,00&#8243;<\/td>\n<\/tr>\n<tr>\n<td><strong>\u00dcldpikkus<\/strong><\/td>\n<td>9,50&#8243;<\/td>\n<\/tr>\n<tr>\n<td><strong>K\u00e4epideme pikkus<\/strong><\/td>\n<td>5,50&#8243;<\/td>\n<\/tr>\n<tr>\n<td><strong>Blade Steel<\/strong><\/td>\n<td>Bohler M390MK<\/td>\n<\/tr>\n<tr>\n<td><strong>K\u00e4epideme materjal<\/strong><\/td>\n<td>6061-T6 alumiinium (must)<\/td>\n<\/tr>\n<tr>\n<td><strong>Kaal<\/strong><\/td>\n<td>~5,0 untsi<\/td>\n<\/tr>\n<tr>\n<td><strong>Blade Style<\/strong><\/td>\n<td>Kukkumispunkt (S\/E)<\/td>\n<\/tr>\n<tr>\n<td><strong>Tera viimistlus<\/strong><\/td>\n<td>Apokal\u00fcptiline<\/td>\n<\/tr>\n<tr>\n<td><strong>Serva t\u00fc\u00fcp<\/strong><\/td>\n<td>Tavaline<\/td>\n<\/tr>\n<tr>\n<td><strong>Taskuklamber<\/strong><\/td>\n<td>Keraamilise fiksaatoriga titaan<\/td>\n<\/tr>\n<tr>\n<td><strong>Klaasipurustaja<\/strong><\/td>\n<td>Roostevaba teras<\/td>\n<\/tr>\n<tr>\n<td><strong>P\u00e4ritoluriik<\/strong><\/td>\n<td>USA<\/td>\n<\/tr>\n<\/tbody>\n<\/table>\n","protected":false},"excerpt":{"rendered":"<p>Combat Troodon LT OTF automaatne Apokal\u00fcptilise viimistlusega \u00fcheservalise M390MK kukkumispunkti teraga. Kahe k\u00fctusega j\u00f5u\u00fclekanne, titaanklamber, klaasimurdja. 4,00 tolli tera, \u00fcldpikkus 9,50 tolli, ~5,0 untsi.<\/p>\n","protected":false},"featured_media":731216,"template":"","meta":{"_acf_changed":false},"product_brand":[15527],"product_cat":[15360,15993],"product_tag":[],"class_list":{"0":"post-732197","1":"product","2":"type-product","3":"status-publish","4":"has-post-thumbnail","6":"product_brand-microtech","7":"product_cat-knives-et","8":"product_cat-otf-knives-et","10":"first","11":"outofstock","12":"taxable","13":"shipping-taxable","14":"purchasable","15":"product-type-simple"},"acf":[],"_links":{"self":[{"href":"https:\/\/nbg.eu\/et\/wp-json\/wp\/v2\/product\/732197","targetHints":{"allow":["GET"]}}],"collection":[{"href":"https:\/\/nbg.eu\/et\/wp-json\/wp\/v2\/product"}],"about":[{"href":"https:\/\/nbg.eu\/et\/wp-json\/wp\/v2\/types\/product"}],"wp:featuredmedia":[{"embeddable":true,"href":"https:\/\/nbg.eu\/et\/wp-json\/wp\/v2\/media\/731216"}],"wp:attachment":[{"href":"https:\/\/nbg.eu\/et\/wp-json\/wp\/v2\/media?parent=732197"}],"wp:term":[{"taxonomy":"product_brand","embeddable":true,"href":"https:\/\/nbg.eu\/et\/wp-json\/wp\/v2\/product_brand?post=732197"},{"taxonomy":"product_cat","embeddable":true,"href":"https:\/\/nbg.eu\/et\/wp-json\/wp\/v2\/product_cat?post=732197"},{"taxonomy":"product_tag","embeddable":true,"href":"https:\/\/nbg.eu\/et\/wp-json\/wp\/v2\/product_tag?post=732197"}],"curies":[{"name":"wp","href":"https:\/\/api.w.org\/{rel}","templated":true}]}}