{"id":732199,"date":"2026-03-13T17:32:22","date_gmt":"2026-03-13T14:32:22","guid":{"rendered":"https:\/\/nbg.eu\/product\/microtech-scarab-ii-gen-iii-t-e-dlc-shadow-signature-series-2\/"},"modified":"2026-03-30T15:41:05","modified_gmt":"2026-03-30T12:41:05","slug":"microtech-scarab-ii-gen-iii-t-e-dlc-shadow-signature-series-2","status":"publish","type":"product","link":"https:\/\/nbg.eu\/et\/toode\/microtech-scarab-ii-gen-iii-t-e-dlc-shadow-signature-series-2\/","title":{"rendered":"Microtech Scarab II Gen III T\/E DLC Shadow Signature Series"},"content":{"rendered":"<h2>\u00dclevaade<\/h2>\n<p>Microtech Scarab II Gen III on Microtechi praeguse valiku suurim topelttoimega OTF-nuga, millel on k\u00f5ige laiem saadaolev tera ja muljetavaldav 9,70-tolline kogupikkus. Sellel Black DLC Shadow variandil on DLC-kattega tanto tera, mis on valmistatud Bohler M390MK terasest. Revolutsiooniline kahek\u00fctuseline ajam, mis on piisavalt j\u00f5uline, et k\u00e4ivitada isegi mootorit. vee all, samas kui kontuuriga k\u00e4epide koos tekstureeritud sisestustega tagab kindla ja mugava haarde pikemaks kasutamiseks.<\/p>\n<h3>Suurim kahetoimeline OTF<\/h3>\n<p>Ligi 4-tollise teraga umbes 5,9 untsi kaaluv Scarab II on autoriteetne. Selle lai tanto tera profiil tagab erakordse l\u00f5ikej\u00f5udluse ja otste tugevuse n\u00f5udlike \u00fclesannete jaoks.<\/p>\n<h3>Kahe k\u00fctusega ajam<\/h3>\n<p>Kahe vedruga disain loob piisavalt j\u00f5udu, et tera saaks usaldusv\u00e4\u00e4rselt kasutusele v\u00f5tta ka vee all, muutes Scarab II \u00fcheks k\u00f5ige t\u00f6\u00f6kindlamaks OTF-nugaks, mis eales toodetud.<\/p>\n<h3>Tagaportimise disain<\/h3>\n<p>M\u00f5tlikult konstrueeritud tagumine ava v\u00f5imaldab noa vaevata avada ka rasketes tingimustes, tera ja tagumiku otsas on reljeefsed l\u00f5iked, mis tagavad l\u00e4bivoolu.<\/p>\n<h3>Premium komponendid<\/h3>\n<ul>\n<li>Bohler M390MK lai tanto tera<\/li>\n<li>6061-T6 alumiiniumist kontuuriga k\u00e4epide<\/li>\n<li>Kahek\u00fctuseline j\u00f5u\u00fclekanne veealuse kasutuselev\u00f5tu v\u00f5imalusega<\/li>\n<li>Tektuuriga k\u00e4epideme lisad suurendavad veoj\u00f5udu<\/li>\n<li>Tagumine portimine usaldusv\u00e4\u00e4rseks t\u00f6\u00f6ks<\/li>\n<li>L\u00e4bivoolav disain reljeefsete l\u00f5igetega<\/li>\n<li>DLC-kattega riistvara ja taskuklamber<\/li>\n<li>Signature seeria s\u00fcgavgraveeritud Scarab logo<\/li>\n<\/ul>\n<h3>Tehnilised andmed<\/h3>\n<table class=\"shop_attributes\">\n<tbody>\n<tr>\n<td><strong>T\u00fc\u00fcp<\/strong><\/td>\n<td>Eesmine automaatne<\/td>\n<\/tr>\n<tr>\n<td><strong>Tera pikkus<\/strong><\/td>\n<td>3,95&#8243;<\/td>\n<\/tr>\n<tr>\n<td><strong>\u00dcldpikkus<\/strong><\/td>\n<td>9,70&#8243;<\/td>\n<\/tr>\n<tr>\n<td><strong>Blade Steel<\/strong><\/td>\n<td>Bohler M390MK (DLC-kattega)<\/td>\n<\/tr>\n<tr>\n<td><strong>K\u00e4epideme materjal<\/strong><\/td>\n<td>6061-T6 alumiinium (must DLC vari)<\/td>\n<\/tr>\n<tr>\n<td><strong>Kaal<\/strong><\/td>\n<td>~5,9 untsi<\/td>\n<\/tr>\n<tr>\n<td><strong>Blade Style<\/strong><\/td>\n<td>Tanto (T\/E)<\/td>\n<\/tr>\n<tr>\n<td><strong>Tera viimistlus<\/strong><\/td>\n<td>DLC vari<\/td>\n<\/tr>\n<tr>\n<td><strong>Riistvara<\/strong><\/td>\n<td>DLC-kattega<\/td>\n<\/tr>\n<tr>\n<td><strong>Serva t\u00fc\u00fcp<\/strong><\/td>\n<td>Tavaline<\/td>\n<\/tr>\n<tr>\n<td><strong>Sari<\/strong><\/td>\n<td>Allkirjade seeria<\/td>\n<\/tr>\n<tr>\n<td><strong>P\u00e4ritoluriik<\/strong><\/td>\n<td>USA<\/td>\n<\/tr>\n<\/tbody>\n<\/table>\n","protected":false},"excerpt":{"rendered":"<p>Scarab II Gen III Signature seeria t\u00e4ieliku DLC varjuviimistlusega \u2013 DLC-kattega M390MK tanto tera, DLC riistvara ja must alumiiniumist k\u00e4epide. Microtechi suurim OTF. 3,95 tolli tera, \u00fcldpikkus 9,70 tolli.<\/p>\n","protected":false},"featured_media":731222,"template":"","meta":{"_acf_changed":false},"product_brand":[15527],"product_cat":[15360,15993],"product_tag":[],"class_list":{"0":"post-732199","1":"product","2":"type-product","3":"status-publish","4":"has-post-thumbnail","6":"product_brand-microtech","7":"product_cat-knives-et","8":"product_cat-otf-knives-et","10":"first","11":"outofstock","12":"taxable","13":"shipping-taxable","14":"purchasable","15":"product-type-simple"},"acf":[],"_links":{"self":[{"href":"https:\/\/nbg.eu\/et\/wp-json\/wp\/v2\/product\/732199","targetHints":{"allow":["GET"]}}],"collection":[{"href":"https:\/\/nbg.eu\/et\/wp-json\/wp\/v2\/product"}],"about":[{"href":"https:\/\/nbg.eu\/et\/wp-json\/wp\/v2\/types\/product"}],"wp:featuredmedia":[{"embeddable":true,"href":"https:\/\/nbg.eu\/et\/wp-json\/wp\/v2\/media\/731222"}],"wp:attachment":[{"href":"https:\/\/nbg.eu\/et\/wp-json\/wp\/v2\/media?parent=732199"}],"wp:term":[{"taxonomy":"product_brand","embeddable":true,"href":"https:\/\/nbg.eu\/et\/wp-json\/wp\/v2\/product_brand?post=732199"},{"taxonomy":"product_cat","embeddable":true,"href":"https:\/\/nbg.eu\/et\/wp-json\/wp\/v2\/product_cat?post=732199"},{"taxonomy":"product_tag","embeddable":true,"href":"https:\/\/nbg.eu\/et\/wp-json\/wp\/v2\/product_tag?post=732199"}],"curies":[{"name":"wp","href":"https:\/\/api.w.org\/{rel}","templated":true}]}}