{"id":732200,"date":"2026-03-13T17:32:28","date_gmt":"2026-03-13T14:32:28","guid":{"rendered":"https:\/\/nbg.eu\/product\/microtech-socom-elite-s-e-auto-stonewash-standard-2\/"},"modified":"2026-03-16T12:30:51","modified_gmt":"2026-03-16T09:30:51","slug":"microtech-socom-elite-s-e-auto-stonewash-standard-2","status":"publish","type":"product","link":"https:\/\/nbg.eu\/et\/toode\/microtech-socom-elite-s-e-auto-stonewash-standard-2\/","title":{"rendered":"Microtech Socom Elite S\/E Auto Stonewash Standard"},"content":{"rendered":"<h2>\u00dclevaade<\/h2>\n<p>Microtech Socom Elite on olnud \u00fcks populaarsemaid taktikalisi kokkupandavaid nugasid alates selle loomisest 1996. aastal ja see automaatne variant j\u00e4tkab seda p\u00e4randit. Socom Elite&#8217;i ergonoomiline k\u00e4epide, millel on kivipesuga viimistlusega M390 standardse sileda servaga tera, liibub loomulikult k\u00e4e k\u00fclge, samas kui integreeritud klaasimurdja ja suur p\u00f6idlan\u00f5el pakuvad praktilist kasutust ja lihtsat \u00fche k\u00e4ega kasutamist, isegi kinnastega.<\/p>\n<h3>T\u00f5estatud taktikaline disain<\/h3>\n<p>Alates 1996. aastast on Socom Elite&#8217;i viimistletud aastak\u00fcmnete pikkuse reaalse tagasiside kaudu s\u00f5jav\u00e4e-, \u00f5iguskaitse- ja tsiviilkasutajatelt. K\u00e4epideme geomeetria tagab loomuliku ja kindla haarde, mis v\u00e4hendab v\u00e4simust pikaajalisel kasutamisel.<\/p>\n<h3>Integreeritud klaasimurdja<\/h3>\n<p>K\u00e4epideme p\u00f5hja sisseehitatud karastatud klaasimurdja tagab h\u00e4daolukorras p\u00f5genemise v\u00f5imaluse, muutes Socom Elite&#8217;i mitmek\u00fclgseks t\u00f6\u00f6riistaks ka peale l\u00f5ikamist\u00f6\u00f6de tegemise.<\/p>\n<h3>Kindas\u00f5bralik toimimine<\/h3>\n<p>Liiga suur p\u00f6idlan\u00f5el ja alumiiniumist k\u00e4epideme kaalude tekstuuriga k\u00e4epidemed tagavad positiivse kontrolli ja h\u00f5lpsa kasutuselev\u00f5tu isegi taktikaliste kinnastega v\u00f5i m\u00e4rgades tingimustes.<\/p>\n<h3>Premium komponendid<\/h3>\n<ul>\n<li>Bohler M390 tera<\/li>\n<li>6061-T6 alumiiniumist k\u00e4epide koos k\u00e4epidemetega<\/li>\n<li>Integreeritud klaasimurdja<\/li>\n<li>Suur p\u00f6idla tihvt kinnastega t\u00f6\u00f6tamiseks<\/li>\n<li>Taskuklamber<\/li>\n<\/ul>\n<h3>Tehnilised andmed<\/h3>\n<table class=\"shop_attributes\">\n<tbody>\n<tr>\n<td><strong>T\u00fc\u00fcp<\/strong><\/td>\n<td>Automaatne kaust<\/td>\n<\/tr>\n<tr>\n<td><strong>Tera pikkus<\/strong><\/td>\n<td>4,05&#8243;<\/td>\n<\/tr>\n<tr>\n<td><strong>\u00dcldpikkus<\/strong><\/td>\n<td>9,17&#8243;<\/td>\n<\/tr>\n<tr>\n<td><strong>Blade Steel<\/strong><\/td>\n<td>Bohler M390<\/td>\n<\/tr>\n<tr>\n<td><strong>K\u00e4epideme materjal<\/strong><\/td>\n<td>6061-T6 alumiinium (must)<\/td>\n<\/tr>\n<tr>\n<td><strong>Kaal<\/strong><\/td>\n<td>5,40 untsi<\/td>\n<\/tr>\n<tr>\n<td><strong>Blade Style<\/strong><\/td>\n<td>L\u00f5ikepunkt (S\/E)<\/td>\n<\/tr>\n<tr>\n<td><strong>Tera viimistlus<\/strong><\/td>\n<td>Stonewash<\/td>\n<\/tr>\n<tr>\n<td><strong>Serva t\u00fc\u00fcp<\/strong><\/td>\n<td>Tavaline<\/td>\n<\/tr>\n<tr>\n<td><strong>Lukusta<\/strong><\/td>\n<td>Nuppude lukk<\/td>\n<\/tr>\n<tr>\n<td><strong>Klaasipurustaja<\/strong><\/td>\n<td>Integreeritud<\/td>\n<\/tr>\n<tr>\n<td><strong>P\u00e4ritoluriik<\/strong><\/td>\n<td>USA<\/td>\n<\/tr>\n<\/tbody>\n<\/table>\n","protected":false},"excerpt":{"rendered":"<p>Socom Elite automaatne kapp kivipesuga M390 \u00fcheservalise klambriteraga. Ikooniline taktikaline disain aastast 1996 integreeritud klaasimurdjaga. 4,05 tolli tera, \u00fcldpikkus 9,17 tolli, 5,4 untsi.<\/p>\n","protected":false},"featured_media":731226,"template":"","meta":{"_acf_changed":false},"product_brand":[15527],"product_cat":[15384,15360],"product_tag":[],"class_list":{"0":"post-732200","1":"product","2":"type-product","3":"status-publish","4":"has-post-thumbnail","6":"product_brand-microtech","7":"product_cat-folding-knives-et","8":"product_cat-knives-et","10":"first","11":"outofstock","12":"taxable","13":"shipping-taxable","14":"purchasable","15":"product-type-simple"},"acf":[],"_links":{"self":[{"href":"https:\/\/nbg.eu\/et\/wp-json\/wp\/v2\/product\/732200","targetHints":{"allow":["GET"]}}],"collection":[{"href":"https:\/\/nbg.eu\/et\/wp-json\/wp\/v2\/product"}],"about":[{"href":"https:\/\/nbg.eu\/et\/wp-json\/wp\/v2\/types\/product"}],"wp:featuredmedia":[{"embeddable":true,"href":"https:\/\/nbg.eu\/et\/wp-json\/wp\/v2\/media\/731226"}],"wp:attachment":[{"href":"https:\/\/nbg.eu\/et\/wp-json\/wp\/v2\/media?parent=732200"}],"wp:term":[{"taxonomy":"product_brand","embeddable":true,"href":"https:\/\/nbg.eu\/et\/wp-json\/wp\/v2\/product_brand?post=732200"},{"taxonomy":"product_cat","embeddable":true,"href":"https:\/\/nbg.eu\/et\/wp-json\/wp\/v2\/product_cat?post=732200"},{"taxonomy":"product_tag","embeddable":true,"href":"https:\/\/nbg.eu\/et\/wp-json\/wp\/v2\/product_tag?post=732200"}],"curies":[{"name":"wp","href":"https:\/\/api.w.org\/{rel}","templated":true}]}}