{"id":732203,"date":"2026-03-13T17:32:48","date_gmt":"2026-03-13T14:32:48","guid":{"rendered":"https:\/\/nbg.eu\/product\/microtech-stitch-s-e-tactical-partial-serrated-2\/"},"modified":"2026-03-16T12:31:05","modified_gmt":"2026-03-16T09:31:05","slug":"microtech-stitch-s-e-tactical-partial-serrated-2","status":"publish","type":"product","link":"https:\/\/nbg.eu\/et\/toode\/microtech-stitch-s-e-tactical-partial-serrated-2\/","title":{"rendered":"Microtech Stitch S\/E taktikaline osaline sakiline"},"content":{"rendered":"<h2>\u00dclevaade<\/h2>\n<p>Microtech Stitch on tootmise meistriteos, mis on s\u00fcndinud Marfione Custom Knives&#8217;i ja Borka Bladesi koost\u00f6\u00f6st. Sellel taktikalisel variandil on DLC-kattega osaliselt sakiline Bohleri \u200b\u200bM390 terasest odatera tera, mis paikneb tugevalt freesitud ja rihveldatud 6061-T6 alumiiniumist k\u00e4epidemes, millel on must Mil-Spec Hardcoat anodeeritud viimistlus. 6,3 untsi raskusega Stitch pakub m\u00e4rkimisv\u00e4\u00e4rset j\u00f5udu ja kohalolekut ning helde kaldtee ja p\u00f6idla kaldtee pakuvad t\u00e4pseks juhtimiseks mitu kindlat haardevalikut.<\/p>\n<h3>Marfione ja Borka koost\u00f6\u00f6<\/h3>\n<p>The Stitch esindab kahe legendaarse tootja koost\u00f6\u00f6s valminud nugade tootmist. Iga detail, alates tera eristavast profiilist kuni agressiivse k\u00e4epideme freesimiseni, peegeldab aastak\u00fcmnete pikkust kombineeritud noavalmistamise kogemust.<\/p>\n<h3>Mil-Speci k\u00f5vakatte ehitus<\/h3>\n<p>Tugevalt freesitud alumiiniumist k\u00e4epidemele on anodeeritud Mil-Spec Type III Hardcoat, mis tagab erakordse kulumis- ja korrosioonikindluse. S\u00fcgav rihvelmuster tagab kindla haardepinna, ilma et oleks vaja sisestusi.<\/p>\n<h3>Mitmek\u00fclgne tera geomeetria<\/h3>\n<p>Oda teraviku tera profiil, millel on suur kaldtee ja p\u00f6idla kaldtee, pakub erinevaid haardeasendeid erinevate l\u00f5iket\u00f6\u00f6de jaoks, alates t\u00e4ppist\u00f6\u00f6st kuni agressiivse l\u00f5ikamiseni osaliselt sakilise osaga.<\/p>\n<h3>Premium komponendid<\/h3>\n<ul>\n<li>DLC-kattega Bohler M390 odatera tera<\/li>\n<li>6061-T6 alumiiniumist k\u00e4epide koos Mil-Spec Hardcoat anodeerimisega<\/li>\n<li>S\u00fcgav rihvelmuster turvaliseks haardeks<\/li>\n<li>Alumiiniumist tagasil\u00fckkaja<\/li>\n<li>Tip-up kande taskuklamber<\/li>\n<li>Vajutusnupuga automaatne juurutamine<\/li>\n<\/ul>\n<h3>Tehnilised andmed<\/h3>\n<table class=\"shop_attributes\">\n<tbody>\n<tr>\n<td><strong>T\u00fc\u00fcp<\/strong><\/td>\n<td>Automaatne (OTS)<\/td>\n<\/tr>\n<tr>\n<td><strong>Tera pikkus<\/strong><\/td>\n<td>3,75 tolli<\/td>\n<\/tr>\n<tr>\n<td><strong>\u00dcldpikkus<\/strong><\/td>\n<td>8,51&#8243;<\/td>\n<\/tr>\n<tr>\n<td><strong>Suletud pikkus<\/strong><\/td>\n<td>5,00&#8243;<\/td>\n<\/tr>\n<tr>\n<td><strong>Tera paksus<\/strong><\/td>\n<td>0,197&#8243;<\/td>\n<\/tr>\n<tr>\n<td><strong>Blade Steel<\/strong><\/td>\n<td>Bohler M390<\/td>\n<\/tr>\n<tr>\n<td><strong>K\u00e4epideme materjal<\/strong><\/td>\n<td>6061-T6 alumiinium (mil-Spec Hardcoat)<\/td>\n<\/tr>\n<tr>\n<td><strong>K\u00e4epideme paksus<\/strong><\/td>\n<td>0,62&#8243;<\/td>\n<\/tr>\n<tr>\n<td><strong>Kaal<\/strong><\/td>\n<td>6,30 untsi<\/td>\n<\/tr>\n<tr>\n<td><strong>Blade Style<\/strong><\/td>\n<td>Oda ots (S\/E)<\/td>\n<\/tr>\n<tr>\n<td><strong>Tera viimistlus<\/strong><\/td>\n<td>Must DLC<\/td>\n<\/tr>\n<tr>\n<td><strong>Serva t\u00fc\u00fcp<\/strong><\/td>\n<td>Osaline sakiline<\/td>\n<\/tr>\n<tr>\n<td><strong>P\u00e4ritoluriik<\/strong><\/td>\n<td>USA<\/td>\n<\/tr>\n<\/tbody>\n<\/table>\n","protected":false},"excerpt":{"rendered":"<p>Automaatne \u00f5mblemisnuga DLC-kattega osaliselt sakilise M390 odateraga. Marfione Customi ja Borka Bladesi koost\u00f6\u00f6. Rihveldatud alumiiniumist k\u00e4epide, 3,75-tolline tera, 8,51-tolline \u00fcldpikkus, 6,3 untsi.<\/p>\n","protected":false},"featured_media":731238,"template":"","meta":{"_acf_changed":false},"product_brand":[15527],"product_cat":[15384,15360],"product_tag":[],"class_list":{"0":"post-732203","1":"product","2":"type-product","3":"status-publish","4":"has-post-thumbnail","6":"product_brand-microtech","7":"product_cat-folding-knives-et","8":"product_cat-knives-et","10":"first","11":"instock","12":"taxable","13":"shipping-taxable","14":"purchasable","15":"product-type-simple"},"acf":[],"_links":{"self":[{"href":"https:\/\/nbg.eu\/et\/wp-json\/wp\/v2\/product\/732203","targetHints":{"allow":["GET"]}}],"collection":[{"href":"https:\/\/nbg.eu\/et\/wp-json\/wp\/v2\/product"}],"about":[{"href":"https:\/\/nbg.eu\/et\/wp-json\/wp\/v2\/types\/product"}],"wp:featuredmedia":[{"embeddable":true,"href":"https:\/\/nbg.eu\/et\/wp-json\/wp\/v2\/media\/731238"}],"wp:attachment":[{"href":"https:\/\/nbg.eu\/et\/wp-json\/wp\/v2\/media?parent=732203"}],"wp:term":[{"taxonomy":"product_brand","embeddable":true,"href":"https:\/\/nbg.eu\/et\/wp-json\/wp\/v2\/product_brand?post=732203"},{"taxonomy":"product_cat","embeddable":true,"href":"https:\/\/nbg.eu\/et\/wp-json\/wp\/v2\/product_cat?post=732203"},{"taxonomy":"product_tag","embeddable":true,"href":"https:\/\/nbg.eu\/et\/wp-json\/wp\/v2\/product_tag?post=732203"}],"curies":[{"name":"wp","href":"https:\/\/api.w.org\/{rel}","templated":true}]}}