{"id":732204,"date":"2026-03-13T17:33:03","date_gmt":"2026-03-13T14:33:03","guid":{"rendered":"https:\/\/nbg.eu\/product\/microtech-amphibian-ram-lok-s-e-fluted-partial-serrated-tan-2\/"},"modified":"2026-03-16T12:31:09","modified_gmt":"2026-03-16T09:31:09","slug":"microtech-amphibian-ram-lok-s-e-fluted-partial-serrated-tan-2","status":"publish","type":"product","link":"https:\/\/nbg.eu\/et\/toode\/microtech-amphibian-ram-lok-s-e-fluted-partial-serrated-tan-2\/","title":{"rendered":"Microtech Amphibian RAM-LOK S\/E Fluted Partial hammastatud tan"},"content":{"rendered":"<h2>\u00dclevaade<\/h2>\n<p>Microtech Amphibian RAM-LOK toob tagasi klassikalise Amphibian teraprofiili, mida kunagi kiideti kui parimat Microtechi toodetud EDC-noa, koos moodsa RAM-LOK varda lukustusmehhanismiga. Sellel Tan variandil on must DLC-kattega osaliselt sakiline \u00fcheservaline tera, mis on valmistatud Bohleri \u200b\u200bM390MK terasest, mis on asetatud kaunilt kurrutatud alumiiniumist k\u00e4epidemesse. RAM-LOK s\u00fcsteem pakub risttala stiilis lukku, kasutades tugevat terasest toorikut, mida juhib \u00fcks spiraalvedru, mis tagab tugeva lukustuse ja kahek\u00e4elise s\u00f5rmega turvalise sulgemise.<\/p>\n<h3>RAM-LOK riba lukustuss\u00fcsteem<\/h3>\n<p>RAM-LOK kasutab tugevast terasest tooriku risttala, mida juhib \u00fcks spiraalvedru, mis on \u00fcks tugevamaid ja t\u00f6\u00f6kindlamaid saadaolevaid lukustusmehhanisme. Disain v\u00f5imaldab m\u00f5lema k\u00e4epidemega t\u00f6\u00f6tamiseks s\u00f5rmega ohutut sulgemist k\u00e4epideme m\u00f5lemalt k\u00fcljelt.<\/p>\n<h3>Classic Amphibian Blade Profile<\/h3>\n<p>Kahepaikse oman\u00e4oline tera geomeetria on olnud mikrotehnoloogia ikoon, mis on loodud mitmek\u00fclgseks l\u00f5ikamiseks, mis paistab silma nii t\u00e4ppist\u00f6\u00f6de kui ka n\u00f5udlikumate rakenduste puhul.<\/p>\n<h3>Vorviga alumiiniumkonstruktsioon<\/h3>\n<p>T\u00e4pselt vormitud 6061-T6 alumiiniumist k\u00e4epide v\u00e4hendab kaalu, luues samal ajal visuaalselt silmatorkava mustri ja pakkudes t\u00e4iendavat haardetekstuuri. Tan anodeerimine lisab sooja, taktikalise esteetika.<\/p>\n<h3>Premium komponendid<\/h3>\n<ul>\n<li>DLC-kattega \u00fcheservaline tera Bohler M390MK<\/li>\n<li>Fluted 6061-T6 aluminum handle (Tan)<\/li>\n<li>RAM-LOK crossbar locking mechanism<\/li>\n<li>P\u00f6\u00f6ratav titaanist taskuklamber<\/li>\n<li>Tip-up-kandmise konfiguratsioon<\/li>\n<\/ul>\n<h3>Tehnilised andmed<\/h3>\n<table class=\"shop_attributes\">\n<tbody>\n<tr>\n<td><strong>T\u00fc\u00fcp<\/strong><\/td>\n<td>K\u00e4sitsi kaust<\/td>\n<\/tr>\n<tr>\n<td><strong>Tera pikkus<\/strong><\/td>\n<td>3,90&#8243;<\/td>\n<\/tr>\n<tr>\n<td><strong>\u00dcldpikkus<\/strong><\/td>\n<td>9,25&#8243;<\/td>\n<\/tr>\n<tr>\n<td><strong>Suletud pikkus<\/strong><\/td>\n<td>5,38 tolli<\/td>\n<\/tr>\n<tr>\n<td><strong>Blade Steel<\/strong><\/td>\n<td>Bohler M390MK<\/td>\n<\/tr>\n<tr>\n<td><strong>K\u00e4epideme materjal<\/strong><\/td>\n<td>6061-T6 alumiinium, kurrutatud (pruun)<\/td>\n<\/tr>\n<tr>\n<td><strong>Kaal<\/strong><\/td>\n<td>5,90 untsi<\/td>\n<\/tr>\n<tr>\n<td><strong>Lukusta<\/strong><\/td>\n<td>RAM-LOK Bar Lock<\/td>\n<\/tr>\n<tr>\n<td><strong>Blade Style<\/strong><\/td>\n<td>Single Edge (S\/E)<\/td>\n<\/tr>\n<tr>\n<td><strong>Tera viimistlus<\/strong><\/td>\n<td>Must DLC<\/td>\n<\/tr>\n<tr>\n<td><strong>Serva t\u00fc\u00fcp<\/strong><\/td>\n<td>Osaline sakiline<\/td>\n<\/tr>\n<tr>\n<td><strong>Taskuklamber<\/strong><\/td>\n<td>Reversible Titanium, Tip-Up<\/td>\n<\/tr>\n<tr>\n<td><strong>P\u00e4ritoluriik<\/strong><\/td>\n<td>USA<\/td>\n<\/tr>\n<\/tbody>\n<\/table>\n","protected":false},"excerpt":{"rendered":"<p>Amphibian RAM-LOK manuaalne punakaspruun kaust musta DLC-ga osaliselt sakilise M390MK \u00fcheservalise teraga. V\u00e4\u00e4ndunud alumiiniumist k\u00e4epide RAM-LOK varraslukuga. 3,90 tolli tera, \u00fcldpikkus 9,25 tolli, 5,9 untsi.<\/p>\n","protected":false},"featured_media":731242,"template":"","meta":{"_acf_changed":false},"product_brand":[15527],"product_cat":[15384,15360],"product_tag":[],"class_list":{"0":"post-732204","1":"product","2":"type-product","3":"status-publish","4":"has-post-thumbnail","6":"product_brand-microtech","7":"product_cat-folding-knives-et","8":"product_cat-knives-et","10":"first","11":"instock","12":"taxable","13":"shipping-taxable","14":"purchasable","15":"product-type-simple"},"acf":[],"_links":{"self":[{"href":"https:\/\/nbg.eu\/et\/wp-json\/wp\/v2\/product\/732204","targetHints":{"allow":["GET"]}}],"collection":[{"href":"https:\/\/nbg.eu\/et\/wp-json\/wp\/v2\/product"}],"about":[{"href":"https:\/\/nbg.eu\/et\/wp-json\/wp\/v2\/types\/product"}],"wp:featuredmedia":[{"embeddable":true,"href":"https:\/\/nbg.eu\/et\/wp-json\/wp\/v2\/media\/731242"}],"wp:attachment":[{"href":"https:\/\/nbg.eu\/et\/wp-json\/wp\/v2\/media?parent=732204"}],"wp:term":[{"taxonomy":"product_brand","embeddable":true,"href":"https:\/\/nbg.eu\/et\/wp-json\/wp\/v2\/product_brand?post=732204"},{"taxonomy":"product_cat","embeddable":true,"href":"https:\/\/nbg.eu\/et\/wp-json\/wp\/v2\/product_cat?post=732204"},{"taxonomy":"product_tag","embeddable":true,"href":"https:\/\/nbg.eu\/et\/wp-json\/wp\/v2\/product_tag?post=732204"}],"curies":[{"name":"wp","href":"https:\/\/api.w.org\/{rel}","templated":true}]}}