{"id":732205,"date":"2026-03-13T17:33:09","date_gmt":"2026-03-13T14:33:09","guid":{"rendered":"https:\/\/nbg.eu\/product\/microtech-msi-s-e-black-standard-frag-aluminum-od-green-2\/"},"modified":"2026-03-16T12:31:14","modified_gmt":"2026-03-16T09:31:14","slug":"microtech-msi-s-e-black-standard-frag-aluminum-od-green-2","status":"publish","type":"product","link":"https:\/\/nbg.eu\/et\/toode\/microtech-msi-s-e-black-standard-frag-aluminum-od-green-2\/","title":{"rendered":"Microtech MSI S\/E Black Standard Frag Alumiinium OD Roheline"},"content":{"rendered":"<h2>\u00dclevaade<\/h2>\n<p>Microtech MSI (Microtech Standard Issue) esindab Microtechi k\u00e4sitsi kaustade kujundamise tippu, \u00fchendades raskeveokite utiliidi rafineeritud disainiga. Sellel OD Green Frag variandil on kahev\u00e4rviline must M390MK \u00fcheservaline tera, mis on omap\u00e4rase fragmustrilise alumiiniumk\u00e4epidemega, mis tagab nii visuaalse eristuse kui ka parema haardetekstuuri. RAM-LOK riba lukustusmehhanism tagab kindla lukustuse koos kahek\u00e4elise s\u00f5rmega turvalise sulgemisega, samas kui ikooniline X-nupp m\u00f5lemal k\u00fcljel lisab mikrotehnilise puudutuse.<\/p>\n<h3>RAM-LOK riba lukustuss\u00fcsteem<\/h3>\n<p>Risttala stiilis lukustuss\u00fcsteem, mis kasutab tugevat terasest toorikut, mida juhib \u00fcks spiraalvedru, mis tagab suurema vastupidavuse ja s\u00f5rmekindla viisi noa sulgemiseks m\u00f5lemalt poolt. RAM-LOK on \u00fcks tugevamaid ja t\u00f6\u00f6kindlamaid k\u00e4sitsi kaustalukustusmehhanisme.<\/p>\n<h3>Frag Pattern alumiiniumist k\u00e4epide<\/h3>\n<p>Alumiiniumk\u00e4epidemesse 6061-T6 t\u00f6\u00f6deldud agressiivne fragmendi freesmuster loob nii omap\u00e4rase taktikalise esteetilise kui ka funktsionaalse haardeparanduse. Karastatud terasest vooderdisplaadid lisavad konstruktsiooni j\u00e4ikust.<\/p>\n<h3>Ikooniline X-nupp<\/h3>\n<p>MSI signatuur X-nupp k\u00e4epideme m\u00f5lemal k\u00fcljel pakub eristavat visuaalset elementi, toimides samal ajal k\u00e4epideme orientatsiooni puutepunktina.<\/p>\n<h3>Premium komponendid<\/h3>\n<ul>\n<li>\u00dche servaga tera Bohler M390MK<\/li>\n<li>OD rohelise frag-mustriga 6061-T6 alumiiniumist k\u00e4epide<\/li>\n<li>Karastatud terasest vooderdisplaadid<\/li>\n<li>RAM-LOK risttala lukustusmehhanism<\/li>\n<li>Titanium backspacer<\/li>\n<li>P\u00f6\u00f6ratav taskuklamber vasakpoolseks kandmiseks<\/li>\n<li>Ikooniline X-nupp (m\u00f5lemal k\u00fcljel)<\/li>\n<\/ul>\n<h3>Tehnilised andmed<\/h3>\n<table class=\"shop_attributes\">\n<tbody>\n<tr>\n<td><strong>T\u00fc\u00fcp<\/strong><\/td>\n<td>K\u00e4sitsi kaust<\/td>\n<\/tr>\n<tr>\n<td><strong>Tera pikkus<\/strong><\/td>\n<td>3,88 tolli<\/td>\n<\/tr>\n<tr>\n<td><strong>\u00dcldpikkus<\/strong><\/td>\n<td>8,93&#8243;<\/td>\n<\/tr>\n<tr>\n<td><strong>Tera paksus<\/strong><\/td>\n<td>0,16&#8243;<\/td>\n<\/tr>\n<tr>\n<td><strong>Blade Steel<\/strong><\/td>\n<td>Bohler M390MK<\/td>\n<\/tr>\n<tr>\n<td><strong>K\u00e4epideme materjal<\/strong><\/td>\n<td>6061-T6 alumiinium, fragmendi muster (OD roheline)<\/td>\n<\/tr>\n<tr>\n<td><strong>Kaal<\/strong><\/td>\n<td>5,00 untsi<\/td>\n<\/tr>\n<tr>\n<td><strong>Lukusta<\/strong><\/td>\n<td>RAM-LOK riba lukk<\/td>\n<\/tr>\n<tr>\n<td><strong>Blade Style<\/strong><\/td>\n<td>\u00dcks serv (S\/E)<\/td>\n<\/tr>\n<tr>\n<td><strong>Tera viimistlus<\/strong><\/td>\n<td>Must (kahetooniline)<\/td>\n<\/tr>\n<tr>\n<td><strong>Serva t\u00fc\u00fcp<\/strong><\/td>\n<td>Tavaline<\/td>\n<\/tr>\n<tr>\n<td><strong>P\u00e4ritoluriik<\/strong><\/td>\n<td>USA<\/td>\n<\/tr>\n<\/tbody>\n<\/table>\n","protected":false},"excerpt":{"rendered":"<p>MSI (Microtech Standard Issue) k\u00e4sitsi kaust OD Green Frag alumiiniumist kahev\u00e4rvilise musta M390MK \u00fcheservalise teraga. RAM-LOK ribalukk ikoonilise X-nupuga. 3,88 tolli tera, \u00fcldpikkus 8,93 tolli, 5,0 untsi.<\/p>\n","protected":false},"featured_media":731246,"template":"","meta":{"_acf_changed":false},"product_brand":[15527],"product_cat":[15384,15360],"product_tag":[],"class_list":{"0":"post-732205","1":"product","2":"type-product","3":"status-publish","4":"has-post-thumbnail","6":"product_brand-microtech","7":"product_cat-folding-knives-et","8":"product_cat-knives-et","10":"first","11":"instock","12":"taxable","13":"shipping-taxable","14":"purchasable","15":"product-type-simple"},"acf":[],"_links":{"self":[{"href":"https:\/\/nbg.eu\/et\/wp-json\/wp\/v2\/product\/732205","targetHints":{"allow":["GET"]}}],"collection":[{"href":"https:\/\/nbg.eu\/et\/wp-json\/wp\/v2\/product"}],"about":[{"href":"https:\/\/nbg.eu\/et\/wp-json\/wp\/v2\/types\/product"}],"wp:featuredmedia":[{"embeddable":true,"href":"https:\/\/nbg.eu\/et\/wp-json\/wp\/v2\/media\/731246"}],"wp:attachment":[{"href":"https:\/\/nbg.eu\/et\/wp-json\/wp\/v2\/media?parent=732205"}],"wp:term":[{"taxonomy":"product_brand","embeddable":true,"href":"https:\/\/nbg.eu\/et\/wp-json\/wp\/v2\/product_brand?post=732205"},{"taxonomy":"product_cat","embeddable":true,"href":"https:\/\/nbg.eu\/et\/wp-json\/wp\/v2\/product_cat?post=732205"},{"taxonomy":"product_tag","embeddable":true,"href":"https:\/\/nbg.eu\/et\/wp-json\/wp\/v2\/product_tag?post=732205"}],"curies":[{"name":"wp","href":"https:\/\/api.w.org\/{rel}","templated":true}]}}