{"id":732206,"date":"2026-03-13T17:33:16","date_gmt":"2026-03-13T14:33:16","guid":{"rendered":"https:\/\/nbg.eu\/product\/microtech-dirac-delta-d-e-dlc-shadow-signature-series-2\/"},"modified":"2026-03-30T15:45:52","modified_gmt":"2026-03-30T12:45:52","slug":"microtech-dirac-delta-d-e-dlc-shadow-signature-series-2","status":"publish","type":"product","link":"https:\/\/nbg.eu\/et\/toode\/microtech-dirac-delta-d-e-dlc-shadow-signature-series-2\/","title":{"rendered":"Microtech Dirac Delta D\/E DLC Shadow Signature Series"},"content":{"rendered":"<h2>\u00dclevaade<\/h2>\n<p>Microtech Dirac Delta D\/E DLC Shadow on Microtechi uuendusliku tipptulega OTF-automaatika Signature-seeria variant. Teerajaja Diraci j\u00e4rgi mustriga Deltal on sama ergonoomiline \u0161assii ja uuenduslik sisemine mehhanism, mis on tugevamas suuruses. Sellel Shadow-v\u00e4ljaandel on M390MK pistoda tera t\u00e4ielik DLC (Diamond-Like Carbon) kate, alumiiniumist k\u00e4epide, riistvara ja taskuklamber. M\u00e4\u00e4ratletav \u00fclaosale paigaldatud s\u00fc\u00fctenupp v\u00f5imaldab tera intuitiivset, kahek\u00e4elist kasutuselev\u00f5ttu ja tagasit\u00f5mbamist p\u00f6idla loomuliku liigutusega.<\/p>\n<h3>\u00dclemine l\u00fclitusnupp<\/h3>\n<p>Erinevalt k\u00fcljelt tulistavatest OTF-nugadest v\u00f5imaldab Dirac Delta kaanele kinnitatud nupp tera kasutuselev\u00f5tuks ja tagasit\u00f5mbamiseks loomulikku ja intuitiivset p\u00f6idla vajutamist. Disain v\u00f5imaldab t\u00f5elist kahek\u00e4elist t\u00f6\u00f6tamist ilma k\u00e4tt \u00fcmber paigutamata.<\/p>\n<h3>Ergonoomiline HALO-inspireeritud \u0161assii<\/h3>\n<p>Dirac Delta \u0161assiil on legendaarsest Microtech HALO-st inspireeritud kumerad jooned, mis loovad k\u00e4es erilise tunde, mis eristab seda traditsioonilistest sirgepoolsetest OTF-kujundustest.<\/p>\n<h3>DLC varjuviimistlus<\/h3>\n<p>K\u00f5igi pindade t\u00e4ielik teemanditaoline s\u00fcsinikkate tagab \u00e4\u00e4rmise k\u00f5vaduse, kulumiskindluse ja elegantse mustunud esteetika. DLC-viimistlus lisab ka korrosioonikaitsekihi peale juba vastupidava M390MK terase.<\/p>\n<h3>Premium komponendid<\/h3>\n<ul>\n<li>DLC-kattega Bohler M390MK kahe servaga pistoda tera<\/li>\n<li>6061-T6 alumiiniumist k\u00e4epide koos DLC Shadow viimistlusega<\/li>\n<li>DLC-kattega riistvara ja taskuklamber<\/li>\n<li>\u00dclepoolne s\u00fc\u00fctenupp kahek\u00e4eliseks kasutamiseks<\/li>\n<li>Integreeritud klaasimurdja<\/li>\n<li>Allkirjade seeria t\u00e4histus<\/li>\n<\/ul>\n<h3>Tehnilised andmed<\/h3>\n<table class=\"shop_attributes\">\n<tbody>\n<tr>\n<td><strong>T\u00fc\u00fcp<\/strong><\/td>\n<td>Eesmine automaatne<\/td>\n<\/tr>\n<tr>\n<td><strong>Tera pikkus<\/strong><\/td>\n<td>3,79 tolli<\/td>\n<\/tr>\n<tr>\n<td><strong>\u00dcldpikkus<\/strong><\/td>\n<td>9,40&#8243;<\/td>\n<\/tr>\n<tr>\n<td><strong>K\u00e4epideme pikkus<\/strong><\/td>\n<td>5,50&#8243;<\/td>\n<\/tr>\n<tr>\n<td><strong>Blade Steel<\/strong><\/td>\n<td>Bohler M390MK (DLC-kattega)<\/td>\n<\/tr>\n<tr>\n<td><strong>K\u00e4epideme materjal<\/strong><\/td>\n<td>6061-T6 alumiinium (DLC vari)<\/td>\n<\/tr>\n<tr>\n<td><strong>Kaal<\/strong><\/td>\n<td>4,60 untsi<\/td>\n<\/tr>\n<tr>\n<td><strong>Blade Style<\/strong><\/td>\n<td>Pistoda \/ Double Edge (D\/E)<\/td>\n<\/tr>\n<tr>\n<td><strong>Tera viimistlus<\/strong><\/td>\n<td>DLC vari<\/td>\n<\/tr>\n<tr>\n<td><strong>Riistvara<\/strong><\/td>\n<td>DLC-kattega<\/td>\n<\/tr>\n<tr>\n<td><strong>Serva t\u00fc\u00fcp<\/strong><\/td>\n<td>Tavaline<\/td>\n<\/tr>\n<tr>\n<td><strong>Sari<\/strong><\/td>\n<td>Allkirjade seeria<\/td>\n<\/tr>\n<tr>\n<td><strong>P\u00e4ritoluriik<\/strong><\/td>\n<td>USA<\/td>\n<\/tr>\n<\/tbody>\n<\/table>\n","protected":false},"excerpt":{"rendered":"<p>Dirac Delta Signature Series OTF automaatne t\u00e4is-DLC varjuviimistlusega \u2013 DLC-kattega M390MK kaheservaline pistoda tera ja DLC alumiiniumist k\u00e4epide. \u00dclalt paigaldatud s\u00fc\u00fctenupp. 3,79 tolli tera, \u00fcldpikkus 9,40 tolli, 4,6 untsi.<\/p>\n","protected":false},"featured_media":731250,"template":"","meta":{"_acf_changed":false},"product_brand":[15527],"product_cat":[15360,15993],"product_tag":[],"class_list":{"0":"post-732206","1":"product","2":"type-product","3":"status-publish","4":"has-post-thumbnail","6":"product_brand-microtech","7":"product_cat-knives-et","8":"product_cat-otf-knives-et","10":"first","11":"outofstock","12":"taxable","13":"shipping-taxable","14":"purchasable","15":"product-type-simple"},"acf":[],"_links":{"self":[{"href":"https:\/\/nbg.eu\/et\/wp-json\/wp\/v2\/product\/732206","targetHints":{"allow":["GET"]}}],"collection":[{"href":"https:\/\/nbg.eu\/et\/wp-json\/wp\/v2\/product"}],"about":[{"href":"https:\/\/nbg.eu\/et\/wp-json\/wp\/v2\/types\/product"}],"wp:featuredmedia":[{"embeddable":true,"href":"https:\/\/nbg.eu\/et\/wp-json\/wp\/v2\/media\/731250"}],"wp:attachment":[{"href":"https:\/\/nbg.eu\/et\/wp-json\/wp\/v2\/media?parent=732206"}],"wp:term":[{"taxonomy":"product_brand","embeddable":true,"href":"https:\/\/nbg.eu\/et\/wp-json\/wp\/v2\/product_brand?post=732206"},{"taxonomy":"product_cat","embeddable":true,"href":"https:\/\/nbg.eu\/et\/wp-json\/wp\/v2\/product_cat?post=732206"},{"taxonomy":"product_tag","embeddable":true,"href":"https:\/\/nbg.eu\/et\/wp-json\/wp\/v2\/product_tag?post=732206"}],"curies":[{"name":"wp","href":"https:\/\/api.w.org\/{rel}","templated":true}]}}