{"id":732207,"date":"2026-03-13T17:33:20","date_gmt":"2026-03-13T14:33:20","guid":{"rendered":"https:\/\/nbg.eu\/product\/microtech-6-utility-knife-stonewash-titanium-bolster-black-g-10-2\/"},"modified":"2026-03-16T12:31:24","modified_gmt":"2026-03-16T09:31:24","slug":"microtech-6-utility-knife-stonewash-titanium-bolster-black-g-10-2","status":"publish","type":"product","link":"https:\/\/nbg.eu\/et\/toode\/microtech-6-utility-knife-stonewash-titanium-bolster-black-g-10-2\/","title":{"rendered":"Microtech 6&#8243; tarbenuga Stonewash Titanium Polster must G-10"},"content":{"rendered":"<h2>\u00dclevaade<\/h2>\n<p>Microtech 6&#8243; utiliidi nuga toob kulinaariamaailma sama kompromissitu kvaliteedi ja t\u00e4ppistehnoloogia nagu Microtechi taktikalistes nugades. See kasulik nuga sillutab l\u00f5he l\u00f5ikamisnoa ja koka noa vahel oma \u00f5hukese, kuid vastupidava 6-tollise puu- ja MK-k\u00f6\u00f6giviljade M3, 0 ja MK-k\u00f6\u00f6giviljade teraga. k\u00fcpsetised, mis on v\u00e4iksemate nugade jaoks liiga suured. Kivipesu viimistlus tagab toidukindla, v\u00e4hese helkimisvastase pinna, millel on suurep\u00e4rane korrosioonikindlus, samas kui titaanist toed ja must G-10 k\u00e4epide tagavad professionaalse haarde, mis p\u00fcsib kindlalt ka m\u00e4rjana.<\/p>\n<h3>M390MK kulinaarne tera<\/h3>\n<p>Sama Bohleri M390MK teras, mida kasutatakse Microtechi taktikalistes nugades, tagab \u017eileti terava serva kinnipidamise, erakordse korrosioonikindluse ja h\u00f5lpsa teritamise aastatepikkuseks professionaalseks k\u00f6\u00f6gikasutuseks.<\/p>\n<h3>Titaanist polstri ehitus<\/h3>\n<p>P\u00e4rapuhastusega 6AL-4V titaanist toed pakuvad mugavat ja tasakaalustatud tunnet loomuliku \u00fcleminekuga k\u00e4epideme ja tera vahel. Titaan ei lisa praktiliselt mingit kaalu, pakkudes samas erakordset vastupidavust.<\/p>\n<h3>G-10 k\u00e4epidemega kaalud<\/h3>\n<p>Mustad G-10 komposiitk\u00e4epidemekaalud ei lase niiskust, kuumust ja professionaalsetes k\u00f6\u00f6kides leiduvaid kemikaale l\u00e4bi, tagades h\u00fcgieenilise ja vastupidava k\u00e4epidemepinna.<\/p>\n<h3>Premium komponendid<\/h3>\n<ul>\n<li>Bohler M390MK tera tasapinnalise lihvimise ja kivipesuga viimistlusega<\/li>\n<li>P\u00e4rapuhastusega 6AL-4V titaanpolsterid<\/li>\n<li>Must G-10 k\u00e4epidemega kaalud<\/li>\n<li>Toiduohutu korrosioonikindel konstruktsioon<\/li>\n<li>Eluaegne garantii<\/li>\n<\/ul>\n<h3>Tehnilised andmed<\/h3>\n<table class=\"shop_attributes\">\n<tbody>\n<tr>\n<td><strong>T\u00fc\u00fcp<\/strong><\/td>\n<td>Fikseeritud tera (kulinaaria)<\/td>\n<\/tr>\n<tr>\n<td><strong>Tera pikkus<\/strong><\/td>\n<td>6,00&#8243;<\/td>\n<\/tr>\n<tr>\n<td><strong>\u00dcldpikkus<\/strong><\/td>\n<td>10,54&#8243;<\/td>\n<\/tr>\n<tr>\n<td><strong>Blade Steel<\/strong><\/td>\n<td>Bohler M390MK<\/td>\n<\/tr>\n<tr>\n<td><strong>Tera viimistlus<\/strong><\/td>\n<td>Stonewash<\/td>\n<\/tr>\n<tr>\n<td><strong>Tera lihvimine<\/strong><\/td>\n<td>Lame<\/td>\n<\/tr>\n<tr>\n<td><strong>K\u00e4epideme materjal<\/strong><\/td>\n<td>Must G-10 titaanpolsteridega<\/td>\n<\/tr>\n<tr>\n<td><strong>Tugimaterjal<\/strong><\/td>\n<td>Pealtpuhastatud 6AL-4V titaan<\/td>\n<\/tr>\n<tr>\n<td><strong>Kaal<\/strong><\/td>\n<td>4,54 untsi<\/td>\n<\/tr>\n<tr>\n<td><strong>P\u00e4ritoluriik<\/strong><\/td>\n<td>USA<\/td>\n<\/tr>\n<\/tbody>\n<\/table>\n","protected":false},"excerpt":{"rendered":"<p>Microtechi 6-tolline kulinaarne nuga kivipesu M390MK tera, titaanist tugede ja musta G-10 k\u00e4epidemega. \u00dcletab l\u00f5he l\u00f5ikamise ja kokanoa vahel. 6,00 tolli tera, \u00fcldpikkus 10,54 tolli, 4,54 untsi.<\/p>\n","protected":false},"featured_media":731254,"template":"","meta":{"_acf_changed":false},"product_brand":[15527],"product_cat":[15856,15360],"product_tag":[],"class_list":{"0":"post-732207","1":"product","2":"type-product","3":"status-publish","4":"has-post-thumbnail","6":"product_brand-microtech","7":"product_cat-fixed-blade-knives-et","8":"product_cat-knives-et","10":"first","11":"outofstock","12":"taxable","13":"shipping-taxable","14":"purchasable","15":"product-type-simple"},"acf":[],"_links":{"self":[{"href":"https:\/\/nbg.eu\/et\/wp-json\/wp\/v2\/product\/732207","targetHints":{"allow":["GET"]}}],"collection":[{"href":"https:\/\/nbg.eu\/et\/wp-json\/wp\/v2\/product"}],"about":[{"href":"https:\/\/nbg.eu\/et\/wp-json\/wp\/v2\/types\/product"}],"wp:featuredmedia":[{"embeddable":true,"href":"https:\/\/nbg.eu\/et\/wp-json\/wp\/v2\/media\/731254"}],"wp:attachment":[{"href":"https:\/\/nbg.eu\/et\/wp-json\/wp\/v2\/media?parent=732207"}],"wp:term":[{"taxonomy":"product_brand","embeddable":true,"href":"https:\/\/nbg.eu\/et\/wp-json\/wp\/v2\/product_brand?post=732207"},{"taxonomy":"product_cat","embeddable":true,"href":"https:\/\/nbg.eu\/et\/wp-json\/wp\/v2\/product_cat?post=732207"},{"taxonomy":"product_tag","embeddable":true,"href":"https:\/\/nbg.eu\/et\/wp-json\/wp\/v2\/product_tag?post=732207"}],"curies":[{"name":"wp","href":"https:\/\/api.w.org\/{rel}","templated":true}]}}