{"id":734303,"date":"2026-03-24T13:40:18","date_gmt":"2026-03-24T10:40:18","guid":{"rendered":"https:\/\/nbg.eu\/product\/bergara-b14-aics-salv-short-action-10-padrunit\/"},"modified":"2026-04-02T14:37:18","modified_gmt":"2026-04-02T11:37:18","slug":"bergara-b14-aics-salv-short-action-10-padrunit","status":"publish","type":"product","link":"https:\/\/nbg.eu\/et\/toode\/bergara-b14-aics-salv-short-action-10-padrunit\/","title":{"rendered":"Bergara B14 AICS Salv Short Action 10-padrunit"},"content":{"rendered":"<h2>Bergara B14 AICS Magazine Short Action 10-Round<\/h2>\n<p>Originaal 10-padruniline AICS salv B14 HMR jaoks. \u00dchildub 6.5 Creedmoor ja .308 Win.<\/p>\n<table class=\"product-specs\">\n<tbody>\n<tr>\n<th>Kaliiber<\/th>\n<td>6.5 Creedmoor \/ .308 Win<\/td>\n<\/tr>\n<tr>\n<th>Salve mahtuvus<\/th>\n<td>10 rounds<\/td>\n<\/tr>\n<tr>\n<th>Platform<\/th>\n<td>Bergara B14 Short Action (AICS)<\/td>\n<\/tr>\n<tr>\n<th>Materjal<\/th>\n<td>Polyamide<\/td>\n<\/tr>\n<tr>\n<th>Manufacturer<\/th>\n<td>Bergara, Spain<\/td>\n<\/tr>\n<\/tbody>\n<\/table>\n","protected":false},"excerpt":{"rendered":"<p>Originaal 10-padruniline slim-line Bergara salv B14 AICS Short Action p\u00fcssidele. \u00dchildub kaliibritega 6.5 Creedmoor, .308 Win. Kerge pol\u00fcmeerist konstruktsioon usaldusv\u00e4\u00e4rseks s\u00f6\u00f6tmiseks v\u00f5istlustel ja jahil.<\/p>\n","protected":false},"featured_media":734304,"template":"","meta":{"_acf_changed":false},"product_brand":[16011],"product_cat":[14078],"product_tag":[],"class_list":{"0":"post-734303","1":"product","2":"type-product","3":"status-publish","4":"has-post-thumbnail","6":"product_brand-bergara","7":"product_cat-vintpuessisalved","9":"first","10":"instock","11":"taxable","12":"shipping-taxable","13":"purchasable","14":"product-type-simple"},"acf":[],"_links":{"self":[{"href":"https:\/\/nbg.eu\/et\/wp-json\/wp\/v2\/product\/734303","targetHints":{"allow":["GET"]}}],"collection":[{"href":"https:\/\/nbg.eu\/et\/wp-json\/wp\/v2\/product"}],"about":[{"href":"https:\/\/nbg.eu\/et\/wp-json\/wp\/v2\/types\/product"}],"wp:featuredmedia":[{"embeddable":true,"href":"https:\/\/nbg.eu\/et\/wp-json\/wp\/v2\/media\/734304"}],"wp:attachment":[{"href":"https:\/\/nbg.eu\/et\/wp-json\/wp\/v2\/media?parent=734303"}],"wp:term":[{"taxonomy":"product_brand","embeddable":true,"href":"https:\/\/nbg.eu\/et\/wp-json\/wp\/v2\/product_brand?post=734303"},{"taxonomy":"product_cat","embeddable":true,"href":"https:\/\/nbg.eu\/et\/wp-json\/wp\/v2\/product_cat?post=734303"},{"taxonomy":"product_tag","embeddable":true,"href":"https:\/\/nbg.eu\/et\/wp-json\/wp\/v2\/product_tag?post=734303"}],"curies":[{"name":"wp","href":"https:\/\/api.w.org\/{rel}","templated":true}]}}