{"id":745454,"date":"2026-04-03T17:00:37","date_gmt":"2026-04-03T14:00:37","guid":{"rendered":"https:\/\/nbg.eu\/product\/turan-9x19mm-luger-fmj-124-gr-padrun\/"},"modified":"2026-04-03T17:09:07","modified_gmt":"2026-04-03T14:09:07","slug":"turan-9x19mm-luger-fmj-124-gr-padrun","status":"publish","type":"product","link":"https:\/\/nbg.eu\/et\/toode\/turan-9x19mm-luger-fmj-124-gr-padrun\/","title":{"rendered":"Turan 9x19mm Luger FMJ 124 gr padrun"},"content":{"rendered":"<h2>Turan 9x19mm Luger FMJ 124 gr padrun<\/h2>\n<p>Turan 9x19mm Luger FMJ padrun, 124 graani. Messingist kest, Boxer s\u00fc\u00fctenael, mittemagnetiline FMJ kuul. Toodetud T\u00fcrgis NATO spetsifikatsioonide j\u00e4rgi. Suudmekiirus 370 m\/s. Treeninguks, m\u00e4rklaskmisek<\/p>\n<h3>\u00dchtlane j\u00f5udlus<\/h3>\n<p>Suudmekiirusega 1214 fps (370 m\/s) ja suudmeenergiaga 339 ft-lbs (460 J) tagavad need padrunid \u00fchtlase ballistika t\u00e4pseks treeninguks ja v\u00f5istlusteks. 124-graanine kuul on NATO standard 9mm jaoks, pakkudes tasakaalu kontrollitava tagasil\u00f6\u00f6gi ja usaldusv\u00e4\u00e4rse toimimise vahel.<\/p>\n<h3>Praktiline treeninglaskemoon<\/h3>\n<p>Turan 9x19mm on loodud suure mahuga treeninglaskemoonaks taskukohase hinnaga. Kvaliteetse tootmise, NATO \u00fchtluse ja konkurentsiv\u00f5imeliste hindade kombinatsioon teeb sellest suurep\u00e4rase valiku koolitusprogrammidele, laskeklubidele ja individuaalsele harjutamisele.<\/p>\n<table>\n<tbody>\n<tr>\n<td>Kaliber<\/td>\n<td>9x19mm Luger \/ Parabellum<\/td>\n<\/tr>\n<tr>\n<td>Kuuli kaal<\/td>\n<td>124 gr (8.0 g)<\/td>\n<\/tr>\n<tr>\n<td>Kuuli t\u00fc\u00fcp<\/td>\n<td>Full Metal Jacket (FMJ)<\/td>\n<\/tr>\n<tr>\n<td>Suudmekiirus<\/td>\n<td>1,214 fps (370 m\/s)<\/td>\n<\/tr>\n<tr>\n<td>Suudmeenergia<\/td>\n<td>339 ft-lbs (460 J)<\/td>\n<\/tr>\n<tr>\n<td>Kesta materjal<\/td>\n<td>Messing, uus<\/td>\n<\/tr>\n<tr>\n<td>S\u00fc\u00fctenael<\/td>\n<td>Boxer<\/td>\n<\/tr>\n<tr>\n<td>Magnetiline<\/td>\n<td>Ei<\/td>\n<\/tr>\n<tr>\n<td>\u00dcmberlaetav<\/td>\n<td>Jah<\/td>\n<\/tr>\n<tr>\n<td>Tootja<\/td>\n<td>Turan, Turkey<\/td>\n<\/tr>\n<\/tbody>\n<\/table>\n","protected":false},"excerpt":{"rendered":"<p>Turan 9x19mm Luger FMJ padrun, 124 graani. Messingist kest, Boxer s\u00fc\u00fctenael, mittemagnetiline FMJ kuul. Toodetud T\u00fcrgis NATO spetsifikatsioonide j\u00e4rgi. Suudmekiirus 370 m\/s. Treeninguks, m\u00e4rklaskmiseks ja v\u00f5istlusteks. M\u00fc\u00fck t\u00fckihaaval.<\/p>\n","protected":false},"featured_media":745455,"template":"","meta":{"_acf_changed":false},"product_brand":[],"product_cat":[14074,14064],"product_tag":[],"class_list":{"0":"post-745454","1":"product","2":"type-product","3":"status-publish","4":"has-post-thumbnail","6":"product_cat-laskemoon","7":"product_cat-puestolikuulid","9":"first","10":"instock","11":"taxable","12":"shipping-taxable","13":"product-type-simple"},"acf":[],"_links":{"self":[{"href":"https:\/\/nbg.eu\/et\/wp-json\/wp\/v2\/product\/745454","targetHints":{"allow":["GET"]}}],"collection":[{"href":"https:\/\/nbg.eu\/et\/wp-json\/wp\/v2\/product"}],"about":[{"href":"https:\/\/nbg.eu\/et\/wp-json\/wp\/v2\/types\/product"}],"wp:featuredmedia":[{"embeddable":true,"href":"https:\/\/nbg.eu\/et\/wp-json\/wp\/v2\/media\/745455"}],"wp:attachment":[{"href":"https:\/\/nbg.eu\/et\/wp-json\/wp\/v2\/media?parent=745454"}],"wp:term":[{"taxonomy":"product_brand","embeddable":true,"href":"https:\/\/nbg.eu\/et\/wp-json\/wp\/v2\/product_brand?post=745454"},{"taxonomy":"product_cat","embeddable":true,"href":"https:\/\/nbg.eu\/et\/wp-json\/wp\/v2\/product_cat?post=745454"},{"taxonomy":"product_tag","embeddable":true,"href":"https:\/\/nbg.eu\/et\/wp-json\/wp\/v2\/product_tag?post=745454"}],"curies":[{"name":"wp","href":"https:\/\/api.w.org\/{rel}","templated":true}]}}