{"id":747053,"date":"2026-04-16T10:51:25","date_gmt":"2026-04-16T07:51:25","guid":{"rendered":"https:\/\/nbg.eu\/product\/kmr-kaepidemed-l-dotmatrix-luhikesed-orca-emiq\/"},"modified":"2026-04-16T16:34:16","modified_gmt":"2026-04-16T13:34:16","slug":"kmr-kaepidemed-l-dotmatrix-luhikesed-orca-emiq","status":"publish","type":"product","link":"https:\/\/nbg.eu\/et\/toode\/kmr-kaepidemed-l-dotmatrix-luhikesed-orca-emiq\/","title":{"rendered":"KMR K\u00e4epidemed L DotMatrix L\u00fchikesed Orca, EMIQ"},"content":{"rendered":"<h2>K\u00c4EPIDEMED KMR L DotMatrix<\/h2>\n<p>Enhance your shooting experience with the K\u00e4epidemed KMR L DotMatrix. These durable grips are crafted from anodized duralumin and offer excellent grip and control.<\/p>\n<ul>\n<li>Durable anodized duralumin construction<\/li>\n<li>Aggressive texture for a secure grip<\/li>\n<li>Ideal for upgrading or competition firearms<\/li>\n<li>Includes torx screws for easy installation<\/li>\n<li>Features KMR logo<\/li>\n<li>Available in multiple colors<\/li>\n<\/ul>\n<dl class=\"data-sheet\">\n<dt class=\"name\">For Weapons KMR<\/dt>\n<dd class=\"value\">KMR L-02 EMIQ<br \/>\nKMR L-02 EMIQ (OR)<br \/>\nKMR L-02 ORCA (UNTIL 2023)<\/dd>\n<\/dl>\n","protected":false},"excerpt":{"rendered":"<p>KMR K\u00e4epidemed &#8211; duralumin, ORCA, EMIQ. Golf ball pattern, short.<\/p>\n","protected":false},"featured_media":24289,"template":"","meta":{"_acf_changed":false},"product_brand":[11497],"product_cat":[14021,14876],"product_tag":[],"class_list":{"0":"post-747053","1":"product","2":"type-product","3":"status-publish","4":"has-post-thumbnail","6":"product_brand-kmr-precision","7":"product_cat-kmr-osad","8":"product_cat-pistol-grips-et","10":"first","11":"instock","12":"taxable","13":"shipping-taxable","14":"purchasable","15":"product-type-variable","16":"wvs-archive-product-wrapper"},"acf":[],"_links":{"self":[{"href":"https:\/\/nbg.eu\/et\/wp-json\/wp\/v2\/product\/747053","targetHints":{"allow":["GET"]}}],"collection":[{"href":"https:\/\/nbg.eu\/et\/wp-json\/wp\/v2\/product"}],"about":[{"href":"https:\/\/nbg.eu\/et\/wp-json\/wp\/v2\/types\/product"}],"wp:featuredmedia":[{"embeddable":true,"href":"https:\/\/nbg.eu\/et\/wp-json\/wp\/v2\/media\/24289"}],"wp:attachment":[{"href":"https:\/\/nbg.eu\/et\/wp-json\/wp\/v2\/media?parent=747053"}],"wp:term":[{"taxonomy":"product_brand","embeddable":true,"href":"https:\/\/nbg.eu\/et\/wp-json\/wp\/v2\/product_brand?post=747053"},{"taxonomy":"product_cat","embeddable":true,"href":"https:\/\/nbg.eu\/et\/wp-json\/wp\/v2\/product_cat?post=747053"},{"taxonomy":"product_tag","embeddable":true,"href":"https:\/\/nbg.eu\/et\/wp-json\/wp\/v2\/product_tag?post=747053"}],"curies":[{"name":"wp","href":"https:\/\/api.w.org\/{rel}","templated":true}]}}