{"id":749246,"date":"2026-04-24T11:17:23","date_gmt":"2026-04-24T08:17:23","guid":{"rendered":"https:\/\/nbg.eu\/product\/eberlestock-wrs-retention-strap\/"},"modified":"2026-04-24T11:58:27","modified_gmt":"2026-04-24T08:58:27","slug":"eberlestock-wrs-retention-strap","status":"publish","type":"product","link":"https:\/\/nbg.eu\/et\/toode\/eberlestock-wrs-retention-strap\/","title":{"rendered":"Eberlestock WRS-Retention Strap"},"content":{"rendered":"<h2>Eberlestock WRS-Retention Strap<\/h2>\n<p>Eberlestock WRS Retention Strap on lihtne, kuid \u00e4\u00e4rmiselt t\u00f5hus tarvik, mis on loodud kontrolli ja kohandatavuse parandamiseks teie kandmiss\u00fcsteemis. Saadaval mitmes v\u00e4rvitoonis, mis sobivad teie olemasoleva Eberlestock varustusega, annab see kerge rihm kasutajatele suurema paindlikkuse relvade, varustuse ja tarvikute kinnitamiseks MOLLE-\u00fchilduvatele platvormidele.<\/p>\n<h3>P\u00f5hiomadused<\/h3>\n<ul>\n<li>Universaalne MOLLE-\u00fchilduv kinnitus kasutamiseks Eberlestock seljakottide ja tarvikutega<\/li>\n<li>Loodud relva hoidmiseks ja \u00fcldiseks varustuse kinnitamiseks<\/li>\n<li>Madala profiiliga disain, mis integreerub sujuvalt olemasolevate konfiguratsioonidega<\/li>\n<li>Kiirregulatsioonifunktsioon kiireks kasutuselev\u00f5tuks ja hoiustamiseks<\/li>\n<li>Saadaval mitmes v\u00e4rvitoonis: Dry Earth, Military Green, Coyote Brown ja Multicam<\/li>\n<li>Kaetud Eberlestock eluaegse garantiiga<\/li>\n<\/ul>\n<h3>Spetsifikatsioonid<\/h3>\n<table>\n<tr>\n<td><strong>Tootekoodid<\/strong><\/td>\n<td>WRSME (Dry Earth), WRSMJ (Military Green), WRSMC (Coyote Brown), WRSMM (Multicam)<\/td>\n<\/tr>\n<tr>\n<td><strong>Kaal<\/strong><\/td>\n<td>4 oz<\/td>\n<\/tr>\n<tr>\n<td><strong>\u00dchilduvus<\/strong><\/td>\n<td>MOLLE \/ PALS<\/td>\n<\/tr>\n<tr>\n<td><strong>Tootja<\/strong><\/td>\n<td>Eberlestock (Veteranide ettev\u00f5te)<\/td>\n<\/tr>\n<\/table>\n","protected":false},"excerpt":{"rendered":"<p>Eberlestock WRS Retention Strap on lihtne, kuid \u00e4\u00e4rmiselt t\u00f5hus tarvik, mis on loodud kontrolli ja kohandatavuse parandamiseks teie kandmiss\u00fcsteemis. Saadaval mitmes v\u00e4rvitoonis, mis sobivad teie olemasoleva Eberlestock varustusega, annab see kerge rihm kasutajatele suurema paindlikkuse relvade, varustuse ja tarvikute kinnitamiseks MOLLE-\u00fchilduvatele platvormidele.<\/p>\n","protected":false},"featured_media":749247,"template":"","meta":{"_acf_changed":false},"product_brand":[15148],"product_cat":[14079],"product_tag":[],"class_list":{"0":"post-749246","1":"product","2":"type-product","3":"status-publish","4":"has-post-thumbnail","6":"product_brand-eberlestock","7":"product_cat-varustus","9":"first","10":"outofstock","11":"taxable","12":"shipping-taxable","13":"purchasable","14":"product-type-variable","15":"wvs-archive-product-wrapper"},"acf":[],"_links":{"self":[{"href":"https:\/\/nbg.eu\/et\/wp-json\/wp\/v2\/product\/749246","targetHints":{"allow":["GET"]}}],"collection":[{"href":"https:\/\/nbg.eu\/et\/wp-json\/wp\/v2\/product"}],"about":[{"href":"https:\/\/nbg.eu\/et\/wp-json\/wp\/v2\/types\/product"}],"wp:featuredmedia":[{"embeddable":true,"href":"https:\/\/nbg.eu\/et\/wp-json\/wp\/v2\/media\/749247"}],"wp:attachment":[{"href":"https:\/\/nbg.eu\/et\/wp-json\/wp\/v2\/media?parent=749246"}],"wp:term":[{"taxonomy":"product_brand","embeddable":true,"href":"https:\/\/nbg.eu\/et\/wp-json\/wp\/v2\/product_brand?post=749246"},{"taxonomy":"product_cat","embeddable":true,"href":"https:\/\/nbg.eu\/et\/wp-json\/wp\/v2\/product_cat?post=749246"},{"taxonomy":"product_tag","embeddable":true,"href":"https:\/\/nbg.eu\/et\/wp-json\/wp\/v2\/product_tag?post=749246"}],"curies":[{"name":"wp","href":"https:\/\/api.w.org\/{rel}","templated":true}]}}