{"id":749427,"date":"2026-04-24T11:17:29","date_gmt":"2026-04-24T08:17:29","guid":{"rendered":"https:\/\/nbg.eu\/product\/eberlestock-freefall-2000-seljakott\/"},"modified":"2026-04-24T11:59:26","modified_gmt":"2026-04-24T08:59:26","slug":"eberlestock-freefall-2000-seljakott","status":"publish","type":"product","link":"https:\/\/nbg.eu\/et\/toode\/eberlestock-freefall-2000-seljakott\/","title":{"rendered":"Eberlestock FreeFall 2000 Seljakott"},"content":{"rendered":"<h2>Eberlestock FreeFall 2000 Seljakott<\/h2>\n<p>Eberlestock FreeFall 2000 on mitmek\u00fclgne, madala takistusega platvorm, mis sobib mitmep\u00e4evasteks retkedeks minimaalse varustusega v\u00f5i p\u00e4evaretkedeks t\u00e4ieliku varustusega. Avar \u00fclakaas, seitse sisemist taskut, veepaagi tasku, kompressioonirihmad ja puusav\u00f6\u00f6 taskud teevad sellest seljakotist t\u00f5siste v\u00e4lispordi harrastajate ja taktikaliste operaatorite jaoks ideaalse varustuse.<\/p>\n<h3>P\u00f5hiomadused<\/h3>\n<ul>\n<li>2000 c.i. \/ 32.8L capacity<\/li>\n<li>Spacious top lid<\/li>\n<li>Seven interior pockets<\/li>\n<li>Water bladder sleeve<\/li>\n<li>Compression straps<\/li>\n<li>Hip-belt pockets<\/li>\n<li>Aluminum frame<\/li>\n<li>Eberlestock Lifetime Warranty<\/li>\n<\/ul>\n<h3>Spetsifikatsioonid<\/h3>\n<table>\n<tr>\n<td><strong>Maht<\/strong><\/td>\n<td>2000 c.i. \/ 32.8L<\/td>\n<\/tr>\n<tr>\n<td><strong>Kaal<\/strong><\/td>\n<td>4 lbs 9 oz<\/td>\n<\/tr>\n<tr>\n<td><strong>Raam<\/strong><\/td>\n<td>Aluminum<\/td>\n<\/tr>\n<tr>\n<td><strong>Tootekoodid<\/strong><\/td>\n<td>V7MC, V7GY, V7MB, V7ME, V7MJ, V7MM<\/td>\n<\/tr>\n<tr>\n<td><strong>Tootja<\/strong><\/td>\n<td>Eberlestock (Veteranide ettev\u00f5te)<\/td>\n<\/tr>\n<\/table>\n","protected":false},"excerpt":{"rendered":"<p>Eberlestock FreeFall 2000 on mitmek\u00fclgne, madala takistusega platvorm, mis sobib mitmep\u00e4evasteks retkedeks minimaalse varustusega v\u00f5i p\u00e4evaretkedeks t\u00e4ieliku varustusega. Avar \u00fclakaas, seitse sisemist taskut, veepaagi tasku, kompressioonirihmad ja puusav\u00f6\u00f6 taskud teevad sellest seljakotist t\u00f5siste v\u00e4lispordi harrastajate ja taktikaliste operaatorite jaoks ideaalse varustuse.<\/p>\n","protected":false},"featured_media":749428,"template":"","meta":{"_acf_changed":false},"product_brand":[15148],"product_cat":[14015],"product_tag":[],"class_list":{"0":"post-749427","1":"product","2":"type-product","3":"status-publish","4":"has-post-thumbnail","6":"product_brand-eberlestock","7":"product_cat-seljakotid","9":"first","10":"outofstock","11":"taxable","12":"shipping-taxable","13":"purchasable","14":"product-type-variable","15":"wvs-archive-product-wrapper"},"acf":[],"_links":{"self":[{"href":"https:\/\/nbg.eu\/et\/wp-json\/wp\/v2\/product\/749427","targetHints":{"allow":["GET"]}}],"collection":[{"href":"https:\/\/nbg.eu\/et\/wp-json\/wp\/v2\/product"}],"about":[{"href":"https:\/\/nbg.eu\/et\/wp-json\/wp\/v2\/types\/product"}],"wp:featuredmedia":[{"embeddable":true,"href":"https:\/\/nbg.eu\/et\/wp-json\/wp\/v2\/media\/749428"}],"wp:attachment":[{"href":"https:\/\/nbg.eu\/et\/wp-json\/wp\/v2\/media?parent=749427"}],"wp:term":[{"taxonomy":"product_brand","embeddable":true,"href":"https:\/\/nbg.eu\/et\/wp-json\/wp\/v2\/product_brand?post=749427"},{"taxonomy":"product_cat","embeddable":true,"href":"https:\/\/nbg.eu\/et\/wp-json\/wp\/v2\/product_cat?post=749427"},{"taxonomy":"product_tag","embeddable":true,"href":"https:\/\/nbg.eu\/et\/wp-json\/wp\/v2\/product_tag?post=749427"}],"curies":[{"name":"wp","href":"https:\/\/api.w.org\/{rel}","templated":true}]}}