{"id":749680,"date":"2026-04-24T11:17:35","date_gmt":"2026-04-24T08:17:35","guid":{"rendered":"https:\/\/nbg.eu\/product\/eberlestock-freefall-3000-seljakott\/"},"modified":"2026-04-24T12:00:25","modified_gmt":"2026-04-24T09:00:25","slug":"eberlestock-freefall-3000-seljakott","status":"publish","type":"product","link":"https:\/\/nbg.eu\/et\/toode\/eberlestock-freefall-3000-seljakott\/","title":{"rendered":"Eberlestock FreeFall 3000 Seljakott"},"content":{"rendered":"<h2>Eberlestock FreeFall 3000 Seljakott<\/h2>\n<p>Eberlestock FreeFall 3000 on FreeFall seeria suurem mudel, pakkudes 3000 kuuptollist mahtu pikemateks loodusretkedeks ja mitmep\u00e4evasteks operatsioonideks. Sama t\u00f5estatud disainiga, mis sisaldab tugevat alumiiniumraami, seitset sisemist taskut ja p\u00f5hjalikku organiseerimist, tuleb see seljakott toime raskemate koormatega vaevata.<\/p>\n<h3>P\u00f5hiomadused<\/h3>\n<ul>\n<li>3000 c.i. \/ 49.2L capacity<\/li>\n<li>Spacious top lid<\/li>\n<li>Seven interior pockets<\/li>\n<li>Water bladder sleeve<\/li>\n<li>Compression straps<\/li>\n<li>Hip-belt pockets<\/li>\n<li>Aluminum frame<\/li>\n<li>Eberlestock Lifetime Warranty<\/li>\n<\/ul>\n<h3>Spetsifikatsioonid<\/h3>\n<table>\n<tr>\n<td><strong>Maht<\/strong><\/td>\n<td>3000 c.i. \/ 49.2L<\/td>\n<\/tr>\n<tr>\n<td><strong>Kaal<\/strong><\/td>\n<td>5 lbs 1 oz<\/td>\n<\/tr>\n<tr>\n<td><strong>Raam<\/strong><\/td>\n<td>Aluminum<\/td>\n<\/tr>\n<tr>\n<td><strong>Tootekoodid<\/strong><\/td>\n<td>V8MC, V8GY, V8MB, V8ME, V8MJ, V8MM<\/td>\n<\/tr>\n<tr>\n<td><strong>Tootja<\/strong><\/td>\n<td>Eberlestock (Veteranide ettev\u00f5te)<\/td>\n<\/tr>\n<\/table>\n","protected":false},"excerpt":{"rendered":"<p>Eberlestock FreeFall 3000 on FreeFall seeria suurem mudel, pakkudes 3000 kuuptollist mahtu pikemateks loodusretkedeks ja mitmep\u00e4evasteks operatsioonideks. Sama t\u00f5estatud disainiga, mis sisaldab tugevat alumiiniumraami, seitset sisemist taskut ja p\u00f5hjalikku organiseerimist, tuleb see seljakott toime raskemate koormatega vaevata.<\/p>\n","protected":false},"featured_media":749681,"template":"","meta":{"_acf_changed":false},"product_brand":[15148],"product_cat":[14015],"product_tag":[],"class_list":{"0":"post-749680","1":"product","2":"type-product","3":"status-publish","4":"has-post-thumbnail","6":"product_brand-eberlestock","7":"product_cat-seljakotid","9":"first","10":"outofstock","11":"taxable","12":"shipping-taxable","13":"purchasable","14":"product-type-variable","15":"wvs-archive-product-wrapper"},"acf":[],"_links":{"self":[{"href":"https:\/\/nbg.eu\/et\/wp-json\/wp\/v2\/product\/749680","targetHints":{"allow":["GET"]}}],"collection":[{"href":"https:\/\/nbg.eu\/et\/wp-json\/wp\/v2\/product"}],"about":[{"href":"https:\/\/nbg.eu\/et\/wp-json\/wp\/v2\/types\/product"}],"wp:featuredmedia":[{"embeddable":true,"href":"https:\/\/nbg.eu\/et\/wp-json\/wp\/v2\/media\/749681"}],"wp:attachment":[{"href":"https:\/\/nbg.eu\/et\/wp-json\/wp\/v2\/media?parent=749680"}],"wp:term":[{"taxonomy":"product_brand","embeddable":true,"href":"https:\/\/nbg.eu\/et\/wp-json\/wp\/v2\/product_brand?post=749680"},{"taxonomy":"product_cat","embeddable":true,"href":"https:\/\/nbg.eu\/et\/wp-json\/wp\/v2\/product_cat?post=749680"},{"taxonomy":"product_tag","embeddable":true,"href":"https:\/\/nbg.eu\/et\/wp-json\/wp\/v2\/product_tag?post=749680"}],"curies":[{"name":"wp","href":"https:\/\/api.w.org\/{rel}","templated":true}]}}