{"id":750337,"date":"2026-04-24T11:17:46","date_gmt":"2026-04-24T08:17:46","guid":{"rendered":"https:\/\/nbg.eu\/product\/eberlestock-mission-medic-multicam\/"},"modified":"2026-04-24T12:03:13","modified_gmt":"2026-04-24T09:03:13","slug":"eberlestock-mission-medic-multicam","status":"publish","type":"product","link":"https:\/\/nbg.eu\/et\/toode\/eberlestock-mission-medic-multicam\/","title":{"rendered":"Eberlestock Mission Medic &#8211; Multicam"},"content":{"rendered":"<h2>Eberlestock Mission Medic<\/h2>\n<p>Eberlestock Mission Medic Pack seab esikohale t\u00f5hususe ja kasutab iga saadaolevat ruumi elus\u00e4\u00e4stvaks organiseerimiseks. Seitsme \u00e4rat\u00f5mmatava tasku ja kahe \u00e4rat\u00f5mmatava tarvikupaneeliga p\u00f5hiosakonnas v\u00f5imaldab see meditsiiniline seljakott operaatoritel eelnevalt koostada traumakomplekte kiireks kasutuselev\u00f5tuks massikannatatusjuhtumite ajal.<\/p>\n<h3>P\u00f5hiomadused<\/h3>\n<ul>\n<li>1,717 c.i. medical capacity<\/li>\n<li>Seven tear-away pouches<\/li>\n<li>Two tear-away accessory panels<\/li>\n<li>Mission System integration<\/li>\n<li>MOLLE exterior<\/li>\n<li>Eberlestock Lifetime Warranty<\/li>\n<\/ul>\n<h3>Spetsifikatsioonid<\/h3>\n<table>\n<tr>\n<td><strong>Maht<\/strong><\/td>\n<td>1,717 c.i.<\/td>\n<\/tr>\n<tr>\n<td><strong>Kaal<\/strong><\/td>\n<td>3 lbs 10 oz<\/td>\n<\/tr>\n<tr>\n<td><strong>M\u00f5\u00f5tmed<\/strong><\/td>\n<td>20&#8243;H x 12&#8243;W x 5.5&#8243;D<\/td>\n<\/tr>\n<tr>\n<td><strong>Tootekoodid<\/strong><\/td>\n<td>MM1MM, MM1MC, MM1MJ<\/td>\n<\/tr>\n<tr>\n<td><strong>Tootja<\/strong><\/td>\n<td>Eberlestock (Veteranide ettev\u00f5te)<\/td>\n<\/tr>\n<\/table>\n","protected":false},"excerpt":{"rendered":"<p>Eberlestock Mission Medic Pack seab esikohale t\u00f5hususe ja kasutab iga saadaolevat ruumi elus\u00e4\u00e4stvaks organiseerimiseks. Seitsme \u00e4rat\u00f5mmatava tasku ja kahe \u00e4rat\u00f5mmatava tarvikupaneeliga p\u00f5hiosakonnas v\u00f5imaldab see meditsiiniline seljakott operaatoritel eelnevalt koostada traumakomplekte kiireks kasutuselev\u00f5tuks massikannatatusjuhtumite ajal.<\/p>\n","protected":false},"featured_media":750338,"template":"","meta":{"_acf_changed":false},"product_brand":[15148],"product_cat":[14015],"product_tag":[],"class_list":{"0":"post-750337","1":"product","2":"type-product","3":"status-publish","4":"has-post-thumbnail","6":"product_brand-eberlestock","7":"product_cat-seljakotid","9":"first","10":"outofstock","11":"taxable","12":"shipping-taxable","13":"purchasable","14":"product-type-simple"},"acf":[],"_links":{"self":[{"href":"https:\/\/nbg.eu\/et\/wp-json\/wp\/v2\/product\/750337","targetHints":{"allow":["GET"]}}],"collection":[{"href":"https:\/\/nbg.eu\/et\/wp-json\/wp\/v2\/product"}],"about":[{"href":"https:\/\/nbg.eu\/et\/wp-json\/wp\/v2\/types\/product"}],"wp:featuredmedia":[{"embeddable":true,"href":"https:\/\/nbg.eu\/et\/wp-json\/wp\/v2\/media\/750338"}],"wp:attachment":[{"href":"https:\/\/nbg.eu\/et\/wp-json\/wp\/v2\/media?parent=750337"}],"wp:term":[{"taxonomy":"product_brand","embeddable":true,"href":"https:\/\/nbg.eu\/et\/wp-json\/wp\/v2\/product_brand?post=750337"},{"taxonomy":"product_cat","embeddable":true,"href":"https:\/\/nbg.eu\/et\/wp-json\/wp\/v2\/product_cat?post=750337"},{"taxonomy":"product_tag","embeddable":true,"href":"https:\/\/nbg.eu\/et\/wp-json\/wp\/v2\/product_tag?post=750337"}],"curies":[{"name":"wp","href":"https:\/\/api.w.org\/{rel}","templated":true}]}}