{"id":750751,"date":"2026-04-24T11:17:50","date_gmt":"2026-04-24T08:17:50","guid":{"rendered":"https:\/\/nbg.eu\/product\/eberlestock-brooks-7000-dry-earth\/"},"modified":"2026-04-24T12:05:02","modified_gmt":"2026-04-24T09:05:02","slug":"eberlestock-brooks-7000-dry-earth","status":"publish","type":"product","link":"https:\/\/nbg.eu\/et\/toode\/eberlestock-brooks-7000-dry-earth\/","title":{"rendered":"Eberlestock Brooks 7000 &#8211; Dry Earth"},"content":{"rendered":"<h2>Eberlestock Brooks 7000<\/h2>\n<p>Kui jaht viib teid s\u00fcgavale loodusesse p\u00e4evadeks v\u00f5i n\u00e4dalateks, on Eberlestock Brooks 7000 kott, mida soovite oma raamile. See ekspeditsiooni-klassi seljakott pakub tohutut 7000 k.t. (114L) mahutavust, erakordset vastupidavust ja organiseerimisfunktsioone, mida vajate kaugeteks, iseseisvate jahtide jaoks.<\/p>\n<h3>P\u00f5hiomadused<\/h3>\n<ul>\n<li>7000 c.i. \/ 114L capacity<\/li>\n<li>Modframe compatible<\/li>\n<li>Extended backcountry hunts<\/li>\n<li>Ultralight at 2 lbs 14 oz<\/li>\n<li>Eberlestock Lifetime Warranty<\/li>\n<\/ul>\n<h3>Spetsifikatsioonid<\/h3>\n<table>\n<tr>\n<td><strong>Maht<\/strong><\/td>\n<td>7000 c.i. \/ 114L<\/td>\n<\/tr>\n<tr>\n<td><strong>Kaal<\/strong><\/td>\n<td>2 lbs 14 oz<\/td>\n<\/tr>\n<tr>\n<td><strong>M\u00f5\u00f5tmed<\/strong><\/td>\n<td>44&#8243;H x 12&#8243;W x 12&#8243;D<\/td>\n<\/tr>\n<tr>\n<td><strong>Tootekoodid<\/strong><\/td>\n<td>BS70ME, BS70MJ, BS70AM, BS70AR, BS70AS<\/td>\n<\/tr>\n<tr>\n<td><strong>Tootja<\/strong><\/td>\n<td>Eberlestock (Veteranide ettev\u00f5te)<\/td>\n<\/tr>\n<\/table>\n","protected":false},"excerpt":{"rendered":"<p>Kui jaht viib teid s\u00fcgavale loodusesse p\u00e4evadeks v\u00f5i n\u00e4dalateks, on Eberlestock Brooks 7000 kott, mida soovite oma raamile. See ekspeditsiooni-klassi seljakott pakub tohutut 7000 k.t. (114L) mahutavust, erakordset vastupidavust ja organiseerimisfunktsioone, mida vajate kaugeteks, iseseisvate jahtide jaoks.<\/p>\n","protected":false},"featured_media":750752,"template":"","meta":{"_acf_changed":false},"product_brand":[15148],"product_cat":[14015],"product_tag":[],"class_list":{"0":"post-750751","1":"product","2":"type-product","3":"status-publish","4":"has-post-thumbnail","6":"product_brand-eberlestock","7":"product_cat-seljakotid","9":"first","10":"outofstock","11":"taxable","12":"shipping-taxable","13":"purchasable","14":"product-type-simple"},"acf":[],"_links":{"self":[{"href":"https:\/\/nbg.eu\/et\/wp-json\/wp\/v2\/product\/750751","targetHints":{"allow":["GET"]}}],"collection":[{"href":"https:\/\/nbg.eu\/et\/wp-json\/wp\/v2\/product"}],"about":[{"href":"https:\/\/nbg.eu\/et\/wp-json\/wp\/v2\/types\/product"}],"wp:featuredmedia":[{"embeddable":true,"href":"https:\/\/nbg.eu\/et\/wp-json\/wp\/v2\/media\/750752"}],"wp:attachment":[{"href":"https:\/\/nbg.eu\/et\/wp-json\/wp\/v2\/media?parent=750751"}],"wp:term":[{"taxonomy":"product_brand","embeddable":true,"href":"https:\/\/nbg.eu\/et\/wp-json\/wp\/v2\/product_brand?post=750751"},{"taxonomy":"product_cat","embeddable":true,"href":"https:\/\/nbg.eu\/et\/wp-json\/wp\/v2\/product_cat?post=750751"},{"taxonomy":"product_tag","embeddable":true,"href":"https:\/\/nbg.eu\/et\/wp-json\/wp\/v2\/product_tag?post=750751"}],"curies":[{"name":"wp","href":"https:\/\/api.w.org\/{rel}","templated":true}]}}