{"id":750958,"date":"2026-04-24T11:17:52","date_gmt":"2026-04-24T08:17:52","guid":{"rendered":"https:\/\/nbg.eu\/product\/eberlestock-mission-lid-multicam\/"},"modified":"2026-04-24T12:05:56","modified_gmt":"2026-04-24T09:05:56","slug":"eberlestock-mission-lid-multicam","status":"publish","type":"product","link":"https:\/\/nbg.eu\/et\/toode\/eberlestock-mission-lid-multicam\/","title":{"rendered":"Eberlestock Mission Lid &#8211; Multicam"},"content":{"rendered":"<h2>Eberlestock Mission Lid<\/h2>\n<p>Eberlestock Mission Lid on lihtne ja t\u00f5hus hoiustamise lisand, mis hoiab olulised esemed k\u00e4eulatuses ilma lisamahtu v\u00f5i profiili suurendamata. Loodud iseseisvaks kasutamiseks v\u00f5i koos Mission Load Panel&#8217;iga, suurendab Mission Lid oluliselt Mission System&#8217;i laadimise v\u00f5imekust.<\/p>\n<h3>P\u00f5hiomadused<\/h3>\n<ul>\n<li>400 c.i. storage<\/li>\n<li>6 oz lightweight<\/li>\n<li>Mission System compatible<\/li>\n<li>Works with Mission Load Panel<\/li>\n<li>Quick-access design<\/li>\n<li>Eberlestock Lifetime Warranty<\/li>\n<\/ul>\n<h3>Spetsifikatsioonid<\/h3>\n<table>\n<tr>\n<td><strong>Maht<\/strong><\/td>\n<td>400 c.i.<\/td>\n<\/tr>\n<tr>\n<td><strong>Kaal<\/strong><\/td>\n<td>6 oz<\/td>\n<\/tr>\n<tr>\n<td><strong>M\u00f5\u00f5tmed<\/strong><\/td>\n<td>10&#8243;L x 12&#8243;W x 4&#8243;D<\/td>\n<\/tr>\n<tr>\n<td><strong>Tootekoodid<\/strong><\/td>\n<td>ML1MM, ML1MC, ML1MJ<\/td>\n<\/tr>\n<tr>\n<td><strong>Tootja<\/strong><\/td>\n<td>Eberlestock (Veteranide ettev\u00f5te)<\/td>\n<\/tr>\n<\/table>\n","protected":false},"excerpt":{"rendered":"<p>Eberlestock Mission Lid on lihtne ja t\u00f5hus hoiustamise lisand, mis hoiab olulised esemed k\u00e4eulatuses ilma lisamahtu v\u00f5i profiili suurendamata. Loodud iseseisvaks kasutamiseks v\u00f5i koos Mission Load Panel&#8217;iga, suurendab Mission Lid oluliselt Mission System&#8217;i laadimise v\u00f5imekust.<\/p>\n","protected":false},"featured_media":750959,"template":"","meta":{"_acf_changed":false},"product_brand":[15148],"product_cat":[14015],"product_tag":[],"class_list":{"0":"post-750958","1":"product","2":"type-product","3":"status-publish","4":"has-post-thumbnail","6":"product_brand-eberlestock","7":"product_cat-seljakotid","9":"first","10":"outofstock","11":"taxable","12":"shipping-taxable","13":"purchasable","14":"product-type-simple"},"acf":[],"_links":{"self":[{"href":"https:\/\/nbg.eu\/et\/wp-json\/wp\/v2\/product\/750958","targetHints":{"allow":["GET"]}}],"collection":[{"href":"https:\/\/nbg.eu\/et\/wp-json\/wp\/v2\/product"}],"about":[{"href":"https:\/\/nbg.eu\/et\/wp-json\/wp\/v2\/types\/product"}],"wp:featuredmedia":[{"embeddable":true,"href":"https:\/\/nbg.eu\/et\/wp-json\/wp\/v2\/media\/750959"}],"wp:attachment":[{"href":"https:\/\/nbg.eu\/et\/wp-json\/wp\/v2\/media?parent=750958"}],"wp:term":[{"taxonomy":"product_brand","embeddable":true,"href":"https:\/\/nbg.eu\/et\/wp-json\/wp\/v2\/product_brand?post=750958"},{"taxonomy":"product_cat","embeddable":true,"href":"https:\/\/nbg.eu\/et\/wp-json\/wp\/v2\/product_cat?post=750958"},{"taxonomy":"product_tag","embeddable":true,"href":"https:\/\/nbg.eu\/et\/wp-json\/wp\/v2\/product_tag?post=750958"}],"curies":[{"name":"wp","href":"https:\/\/api.w.org\/{rel}","templated":true}]}}