{"id":754362,"date":"2026-04-22T14:07:01","date_gmt":"2026-04-22T11:07:01","guid":{"rendered":"https:\/\/nbg.eu\/product\/federal-fusion-460-sw-mag-260-grain-jahilaskemoon\/"},"modified":"2026-04-29T14:34:18","modified_gmt":"2026-04-29T11:34:18","slug":"federal-fusion-460-sw-mag-260-grain-jahilaskemoon","status":"publish","type":"product","link":"https:\/\/nbg.eu\/et\/toode\/federal-fusion-460-sw-mag-260-grain-jahilaskemoon\/","title":{"rendered":"Federal Fusion .460 S&amp;W Mag 260 grain \u2014 jahilaskemoon"},"content":{"rendered":"<h2>Federal Fusion .460 S&amp;W Mag 260 grain<\/h2>\n<p>Federal Fusion .460 S&amp;W Magnum 260 grain on \u00fcks t\u00f5husaim p\u00fcstoli-kaliibri jahilaskemoon turul. .460 S&amp;W Magnum padrun, v\u00e4lja t\u00f6\u00f6tatud Smith &amp; Wesson ja Federali koost\u00f6\u00f6s, on \u00fcks tugevamaid saadaolevaid tehases toodetud p\u00fcstolipadruneid. Koos Federal Fusion kuuli tehnoloogiaga sobib see laskemoon t\u00f5siseks suuruluki jahiks.<\/p>\n<h3>.460 S&amp;W Magnum j\u00f5udlus<\/h3>\n<p>.460 S&amp;W Magnum pakub peaaegu .30-30 Winchester taset ballistilist j\u00f5udlust p\u00fcstolplatvormil. 260 grain Fusion kuuliga v\u00f5ib algkiirus \u00fcletada 2000 fps, mis on p\u00fcstoli jaoks erakordne \u2014 8&#8243; Smith &amp; Wesson Performance Center revolverist.<\/p>\n<h3>Fusion kuuli tehnoloogia<\/h3>\n<p>Federal enda molekulaarselt seotud Fusion kuul tagab, et kuul j\u00e4\u00e4b m\u00f5jul puutumatuks. Molekulaarselt seotud vasksoomus ja pliits\u00fcdamik ei saa lahuteda \u2014 mis on kriitiline usaldusv\u00e4\u00e4rseks ja prognoositavaks paisumiseks ja l\u00e4bitungimiseks. See on eriti oluline, kui jahite p\u00fcstolplatvormil suuruluki.<\/p>\n<h3>260 grain kaal<\/h3>\n<p>260 grain kaal tasakaalustab kiiruse, lameda trajektoori ja l\u00e4bitungimise vahel. Piisavalt raske usaldusv\u00e4\u00e4rseks tapmiseks keskmise ja suure uluki puhul, j\u00e4\u00e4des samal ajal piisavalt kiireks efektiivse kauguse s\u00e4ilitamiseks. Ideaalne hirvele, mustale karule ja sarnasele keskmisele kuni suurele P\u00f5hja-Ameerika ulukile.<\/p>\n<h3>P\u00fcstol- ja karabiiniplatvormid<\/h3>\n<p>.460 S&amp;W Magnum t\u00f6\u00f6tati algselt v\u00e4lja Smith &amp; Wesson X-Frame revolveritele (nagu Performance Center 460 mudel), kuid kaliiber on \u00fchilduv ka teatud kohandatud karabiinidega. Karabiinis v\u00f5ib kiirus olla oluliselt k\u00f5rgem, pakkudes laiendatud kaugust.<\/p>\n<h3>Spetsifikatsioonid<\/h3>\n<table>\n<tr>\n<th>Kaliiber<\/th>\n<td>.460 S&amp;W Magnum<\/td>\n<\/tr>\n<tr>\n<th>Kuulikaal<\/th>\n<td>260 grain<\/td>\n<\/tr>\n<tr>\n<th>Kuulit\u00fc\u00fcp<\/th>\n<td>Federal Fusion molekulaarselt seotud<\/td>\n<\/tr>\n<tr>\n<th>Soomus<\/th>\n<td>Galvaniseeritud vask<\/td>\n<\/tr>\n<tr>\n<th>S\u00fcdamik<\/th>\n<td>Molekulaarselt seotud plii<\/td>\n<\/tr>\n<tr>\n<th>Padrunikest<\/th>\n<td>Messing, Boxer s\u00fc\u00fctekapsel<\/td>\n<\/tr>\n<tr>\n<th>Pakend<\/th>\n<td>20 padrunit \/ karp<\/td>\n<\/tr>\n<tr>\n<th>Kasutus<\/th>\n<td>Suuruluki jaht p\u00fcstoliga v\u00f5i karabiiniga<\/td>\n<\/tr>\n<\/table>\n","protected":false},"excerpt":{"rendered":"<p>Federal Fusion .460 S&amp;W Magnum 260 grain jahilaskemoon revolverile v\u00f5i karabiinile. Enda molekulaarselt seotud Fusion kuul kontrollitud paisumisega ja s\u00fcgava l\u00e4bitungimisega suuruluki jahiks .460 S&amp;W magnum platvormidel.<\/p>\n","protected":false},"featured_media":754363,"template":"","meta":{"_acf_changed":false},"product_brand":[16239],"product_cat":[14074,14024,14064],"product_tag":[],"class_list":{"0":"post-754362","1":"product","2":"type-product","3":"status-publish","4":"has-post-thumbnail","6":"product_brand-federal","7":"product_cat-laskemoon","8":"product_cat-litsentseeritud","9":"product_cat-puestolikuulid","11":"first","12":"instock","13":"taxable","14":"shipping-taxable","15":"product-type-simple"},"acf":[],"_links":{"self":[{"href":"https:\/\/nbg.eu\/et\/wp-json\/wp\/v2\/product\/754362","targetHints":{"allow":["GET"]}}],"collection":[{"href":"https:\/\/nbg.eu\/et\/wp-json\/wp\/v2\/product"}],"about":[{"href":"https:\/\/nbg.eu\/et\/wp-json\/wp\/v2\/types\/product"}],"wp:featuredmedia":[{"embeddable":true,"href":"https:\/\/nbg.eu\/et\/wp-json\/wp\/v2\/media\/754363"}],"wp:attachment":[{"href":"https:\/\/nbg.eu\/et\/wp-json\/wp\/v2\/media?parent=754362"}],"wp:term":[{"taxonomy":"product_brand","embeddable":true,"href":"https:\/\/nbg.eu\/et\/wp-json\/wp\/v2\/product_brand?post=754362"},{"taxonomy":"product_cat","embeddable":true,"href":"https:\/\/nbg.eu\/et\/wp-json\/wp\/v2\/product_cat?post=754362"},{"taxonomy":"product_tag","embeddable":true,"href":"https:\/\/nbg.eu\/et\/wp-json\/wp\/v2\/product_tag?post=754362"}],"curies":[{"name":"wp","href":"https:\/\/api.w.org\/{rel}","templated":true}]}}