{"id":755335,"date":"2026-05-13T13:36:29","date_gmt":"2026-05-13T10:36:29","guid":{"rendered":"https:\/\/nbg.eu\/product\/magnum-research-bfr-kabuur-65-75-nahk-must\/"},"modified":"2026-05-13T14:48:19","modified_gmt":"2026-05-13T11:48:19","slug":"magnum-research-bfr-kabuur-65-75-nahk-must","status":"publish","type":"product","link":"https:\/\/nbg.eu\/et\/toode\/magnum-research-bfr-kabuur-65-75-nahk-must\/","title":{"rendered":"Magnum Research BFR kabuur 6,5\/7,5&#8243; &#8211; nahk (must)"},"content":{"rendered":"<h2>Magnum Research BFR kabuur 6,5\/7,5&#8243; &#8211; nahk (must)<\/h2>\n<p>Nahkkabuur, k\u00e4sitsi vormitud Magnum Research Big Frame Revolveri (BFR) jaoks 6,5&#8243; v\u00f5i 7,5&#8243; rauaga. Valmistatud premium t\u00e4isterastrukstuuriga nahast; kindel hoie, sujuv v\u00e4ljat\u00f5mme ja pikk kasutusiga.<\/p>\n<h3>P\u00f5hilised omadused<\/h3>\n<ul>\n<li>Vormitud BFR 6,5&#8243;\/7,5&#8243; profiilile<\/li>\n<li>Premium t\u00e4isterastruktuuriga nahk<\/li>\n<li>Tugevdatud \u00f5mblused raskele revolvrile<\/li>\n<li>Reguleeritav fiksaator<\/li>\n<li>Sobib standardv\u00f6\u00f6dele<\/li>\n<\/ul>\n<h3>Tehnilised andmed<\/h3>\n<table>\n<tr>\n<td><strong>Sobib<\/strong><\/td>\n<td>Magnum Research BFR 6,5&#8243; \/ 7,5&#8243;<\/td>\n<\/tr>\n<tr>\n<td><strong>Materjal<\/strong><\/td>\n<td>Premium nahk (must)<\/td>\n<\/tr>\n<tr>\n<td><strong>Kandeviis<\/strong><\/td>\n<td>V\u00f6\u00f6<\/td>\n<\/tr>\n<tr>\n<td><strong>P\u00e4ritolu<\/strong><\/td>\n<td>USA<\/td>\n<\/tr>\n<\/table>\n","protected":false},"excerpt":{"rendered":"<p>K\u00e4sitsi vormitud must nahkkabuur, sobitatud Magnum Research BFR revolvrile 6,5&#8243; v\u00f5i 7,5&#8243; rauaga.<\/p>\n","protected":false},"featured_media":756359,"template":"","meta":{"_acf_changed":false},"product_brand":[],"product_cat":[14077,14058],"product_tag":[],"class_list":{"0":"post-755335","1":"product","2":"type-product","3":"status-publish","4":"has-post-thumbnail","6":"product_cat-koober","7":"product_cat-spordikoobriks","9":"first","10":"instock","11":"sale","12":"taxable","13":"shipping-taxable","14":"purchasable","15":"product-type-simple"},"acf":[],"_links":{"self":[{"href":"https:\/\/nbg.eu\/et\/wp-json\/wp\/v2\/product\/755335","targetHints":{"allow":["GET"]}}],"collection":[{"href":"https:\/\/nbg.eu\/et\/wp-json\/wp\/v2\/product"}],"about":[{"href":"https:\/\/nbg.eu\/et\/wp-json\/wp\/v2\/types\/product"}],"wp:featuredmedia":[{"embeddable":true,"href":"https:\/\/nbg.eu\/et\/wp-json\/wp\/v2\/media\/756359"}],"wp:attachment":[{"href":"https:\/\/nbg.eu\/et\/wp-json\/wp\/v2\/media?parent=755335"}],"wp:term":[{"taxonomy":"product_brand","embeddable":true,"href":"https:\/\/nbg.eu\/et\/wp-json\/wp\/v2\/product_brand?post=755335"},{"taxonomy":"product_cat","embeddable":true,"href":"https:\/\/nbg.eu\/et\/wp-json\/wp\/v2\/product_cat?post=755335"},{"taxonomy":"product_tag","embeddable":true,"href":"https:\/\/nbg.eu\/et\/wp-json\/wp\/v2\/product_tag?post=755335"}],"curies":[{"name":"wp","href":"https:\/\/api.w.org\/{rel}","templated":true}]}}