{"id":755541,"date":"2026-05-13T13:36:42","date_gmt":"2026-05-13T10:36:42","guid":{"rendered":"https:\/\/nbg.eu\/product\/salv-lancer-l5-awm-223-rem-must\/"},"modified":"2026-05-13T14:50:19","modified_gmt":"2026-05-13T11:50:19","slug":"salv-lancer-l5-awm-223-rem-must","status":"publish","type":"product","link":"https:\/\/nbg.eu\/et\/toode\/salv-lancer-l5-awm-223-rem-must\/","title":{"rendered":"Salv Lancer L5 AWM .223 Rem &#8211; must"},"content":{"rendered":"<h2>Salv Lancer L5 AWM .223 Rem &#8211; must<\/h2>\n<p>Lancer L5 Advanced Warfighter Magazine (AWM) \u00fchendab karastatud terasest huulteinserti klaaskiuga pol\u00fcmeerkorpusega, andes metallsalve tugevuse pol\u00fcmeerist kerguse ja korrosioonikindlusega. L5 AWM on AR-15 salvede kuldstandard.<\/p>\n<h3>P\u00f5hilised omadused<\/h3>\n<ul>\n<li>Karastatud terashuuled tipptaseme vastupidavuseks<\/li>\n<li>Klaaskiuga pol\u00fcmeerkorpus (must)<\/li>\n<li>Anti-tilt tooja isem\u00e4\u00e4riva pinnaviimistlusega<\/li>\n<li>Mil-spec \u00fchilduvus k\u00f5ikide AR-15 lower-itega<\/li>\n<\/ul>\n<h3>Tehnilised andmed<\/h3>\n<table>\n<tr>\n<td><strong>Kaliiber<\/strong><\/td>\n<td>.223 Rem \/ 5.56 NATO<\/td>\n<\/tr>\n<tr>\n<td><strong>V\u00e4rv<\/strong><\/td>\n<td>Must<\/td>\n<\/tr>\n<tr>\n<td><strong>Materjal<\/strong><\/td>\n<td>Terashuuled + pol\u00fcmeerkorpus<\/td>\n<\/tr>\n<tr>\n<td><strong>Tootja<\/strong><\/td>\n<td>Lancer Systems (USA)<\/td>\n<\/tr>\n<\/table>\n","protected":false},"excerpt":{"rendered":"<p>Lancer L5 Advanced Warfighter Magazine AR-15-le kaliibris .223 Rem \/ 5.56 NATO. Must l\u00e4bipaistmatu korpus karastatud terasest huultega.<\/p>\n","protected":false},"featured_media":756430,"template":"","meta":{"_acf_changed":false},"product_brand":[],"product_cat":[14024,14071,14078],"product_tag":[],"class_list":{"0":"post-755541","1":"product","2":"type-product","3":"status-publish","4":"has-post-thumbnail","6":"product_cat-litsentseeritud","7":"product_cat-vintpuess","8":"product_cat-vintpuessisalved","10":"first","11":"instock","12":"taxable","13":"shipping-taxable","14":"product-type-simple"},"acf":[],"_links":{"self":[{"href":"https:\/\/nbg.eu\/et\/wp-json\/wp\/v2\/product\/755541","targetHints":{"allow":["GET"]}}],"collection":[{"href":"https:\/\/nbg.eu\/et\/wp-json\/wp\/v2\/product"}],"about":[{"href":"https:\/\/nbg.eu\/et\/wp-json\/wp\/v2\/types\/product"}],"wp:featuredmedia":[{"embeddable":true,"href":"https:\/\/nbg.eu\/et\/wp-json\/wp\/v2\/media\/756430"}],"wp:attachment":[{"href":"https:\/\/nbg.eu\/et\/wp-json\/wp\/v2\/media?parent=755541"}],"wp:term":[{"taxonomy":"product_brand","embeddable":true,"href":"https:\/\/nbg.eu\/et\/wp-json\/wp\/v2\/product_brand?post=755541"},{"taxonomy":"product_cat","embeddable":true,"href":"https:\/\/nbg.eu\/et\/wp-json\/wp\/v2\/product_cat?post=755541"},{"taxonomy":"product_tag","embeddable":true,"href":"https:\/\/nbg.eu\/et\/wp-json\/wp\/v2\/product_tag?post=755541"}],"curies":[{"name":"wp","href":"https:\/\/api.w.org\/{rel}","templated":true}]}}