{"id":83373,"date":"2024-11-01T13:52:15","date_gmt":"2024-11-01T13:52:15","guid":{"rendered":"https:\/\/nbg.eu\/product\/daa-target-bag-classic-ipsc-target\/"},"modified":"2026-05-13T16:02:52","modified_gmt":"2026-05-13T13:02:52","slug":"daa-target-bag-classic-ipsc-target","status":"publish","type":"product","link":"https:\/\/nbg.eu\/et\/toode\/daa-target-bag-classic-ipsc-target\/","title":{"rendered":"DAA Target Bag, Classic (IPSC) target"},"content":{"rendered":"<h2>DAA m\u00e4rklauakott, Classic (IPSC)<\/h2>\n<p>DAA m\u00e4rklauakott laskmiseks. Omadused:<\/p>\n<ul>\n<li>D6000 tekstiilist valmistatud<\/li>\n<li>P\u00f5hiosa mahutab 20+ t\u00e4ism\u00f5\u00f5dus Classic IPSC m\u00e4rklauda<\/li>\n<li>Kolm v\u00e4limist taskut:\n<ul>\n<li>Kiirpaigaldaja tasku<\/li>\n<li>Klambrip\u00fcstoli tasku<\/li>\n<li>\u00dcldotstarbeline tasku teibi, klambrite ja t\u00f6\u00f6riistade jaoks<\/li>\n<\/ul>\n<\/li>\n<li>Kaks reguleeritavat rihma metallist m\u00e4rklaua konksude jaoks<\/li>\n<li>\u00d5larihm ja polsterdatud k\u00e4epide<\/li>\n<\/ul>\n<p>M\u00e4rklauaga seotud varustuse hoiustamiseks ja transportimiseks m\u00f5eldud kott.<\/p>\n","protected":false},"excerpt":{"rendered":"<p>DAA m\u00e4rklauakott: Korralda ja kanna IPSC m\u00e4rklaudu h\u00f5lpsasti.<\/p>\n","protected":false},"featured_media":76226,"template":"","meta":{"_acf_changed":false},"product_brand":[11262],"product_cat":[14011,14079],"product_tag":[],"class_list":{"0":"post-83373","1":"product","2":"type-product","3":"status-publish","4":"has-post-thumbnail","6":"product_brand-doublealpha","7":"product_cat-laskekohtikotid","8":"product_cat-varustus","10":"first","11":"outofstock","12":"taxable","13":"shipping-taxable","14":"purchasable","15":"product-type-simple"},"acf":[],"_links":{"self":[{"href":"https:\/\/nbg.eu\/et\/wp-json\/wp\/v2\/product\/83373","targetHints":{"allow":["GET"]}}],"collection":[{"href":"https:\/\/nbg.eu\/et\/wp-json\/wp\/v2\/product"}],"about":[{"href":"https:\/\/nbg.eu\/et\/wp-json\/wp\/v2\/types\/product"}],"wp:featuredmedia":[{"embeddable":true,"href":"https:\/\/nbg.eu\/et\/wp-json\/wp\/v2\/media\/76226"}],"wp:attachment":[{"href":"https:\/\/nbg.eu\/et\/wp-json\/wp\/v2\/media?parent=83373"}],"wp:term":[{"taxonomy":"product_brand","embeddable":true,"href":"https:\/\/nbg.eu\/et\/wp-json\/wp\/v2\/product_brand?post=83373"},{"taxonomy":"product_cat","embeddable":true,"href":"https:\/\/nbg.eu\/et\/wp-json\/wp\/v2\/product_cat?post=83373"},{"taxonomy":"product_tag","embeddable":true,"href":"https:\/\/nbg.eu\/et\/wp-json\/wp\/v2\/product_tag?post=83373"}],"curies":[{"name":"wp","href":"https:\/\/api.w.org\/{rel}","templated":true}]}}