{"id":83575,"date":"2024-11-01T17:01:14","date_gmt":"2024-11-01T14:01:14","guid":{"rendered":"https:\/\/nbg.eu\/product\/sons-of-liberty-gun-works-ar-15-buffer-h2\/"},"modified":"2026-01-21T11:53:34","modified_gmt":"2026-01-21T08:53:34","slug":"sons-of-liberty-gun-works-ar-15-buffer-h2","status":"publish","type":"product","link":"https:\/\/nbg.eu\/et\/toode\/sons-of-liberty-gun-works-ar-15-buffer-h2\/","title":{"rendered":"Sons of Liberty Gun Works &#8211; AR 15 Buffer H2"},"content":{"rendered":"<div class=\"product-description\">\n<h2>Sons of Liberty Gun Works &#8211; AR 15 puhver H2<\/h2>\n<p>Sons of Liberty Gun Works (SOLGW) H2 puhver AR-15 jaoks. See osa on m\u00f5eldud tagama relva optimaalset funktsionaalsust.<\/p>\n<ul>\n<li>Sobib k\u00f5igile AR-15 mudelitele<\/li>\n<li>Toodetud t\u00e4psete tolerantsidega<\/li>\n<li>M\u00e4rgistatud kaalu identifitseerimiseks<\/li>\n<li>Kaal: 4.6 untsi<\/li>\n<li>M\u00f5\u00f5tmed: 1 toll<\/li>\n<\/ul>\n<p>H2 puhver aitab s\u00e4ilitada AR-15 t\u00f6\u00f6kindlust ja sujuvat toimimist. See komponent tagab j\u00e4rjepideva j\u00f5udluse.<\/p>\n<\/div>\n","protected":false},"excerpt":{"rendered":"<p>SOLGW AR-15 H2 puhver: T\u00e4ppisvalmistatud 4.6-untsine asendus sujuvaks ja usaldusv\u00e4\u00e4rseks toimimiseks<\/p>\n","protected":false},"featured_media":76273,"template":"","meta":{"_acf_changed":false},"product_brand":[14574],"product_cat":[14032],"product_tag":[],"class_list":{"0":"post-83575","1":"product","2":"type-product","3":"status-publish","4":"has-post-thumbnail","6":"product_brand-sons-of-liberty-gun-works","7":"product_cat-vintpuessi-taeiustamine","9":"first","10":"instock","11":"taxable","12":"shipping-taxable","13":"purchasable","14":"product-type-simple"},"acf":[],"_links":{"self":[{"href":"https:\/\/nbg.eu\/et\/wp-json\/wp\/v2\/product\/83575","targetHints":{"allow":["GET"]}}],"collection":[{"href":"https:\/\/nbg.eu\/et\/wp-json\/wp\/v2\/product"}],"about":[{"href":"https:\/\/nbg.eu\/et\/wp-json\/wp\/v2\/types\/product"}],"wp:featuredmedia":[{"embeddable":true,"href":"https:\/\/nbg.eu\/et\/wp-json\/wp\/v2\/media\/76273"}],"wp:attachment":[{"href":"https:\/\/nbg.eu\/et\/wp-json\/wp\/v2\/media?parent=83575"}],"wp:term":[{"taxonomy":"product_brand","embeddable":true,"href":"https:\/\/nbg.eu\/et\/wp-json\/wp\/v2\/product_brand?post=83575"},{"taxonomy":"product_cat","embeddable":true,"href":"https:\/\/nbg.eu\/et\/wp-json\/wp\/v2\/product_cat?post=83575"},{"taxonomy":"product_tag","embeddable":true,"href":"https:\/\/nbg.eu\/et\/wp-json\/wp\/v2\/product_tag?post=83575"}],"curies":[{"name":"wp","href":"https:\/\/api.w.org\/{rel}","templated":true}]}}