{"id":83663,"date":"2024-11-27T16:38:30","date_gmt":"2024-11-27T16:38:30","guid":{"rendered":"https:\/\/nbg.eu\/product\/super-precision-t1-mount-absolute-co-witness-ddc\/"},"modified":"2026-05-13T16:02:37","modified_gmt":"2026-05-13T13:02:37","slug":"super-precision-t1-mount-absolute-co-witness-ddc","status":"publish","type":"product","link":"https:\/\/nbg.eu\/et\/toode\/super-precision-t1-mount-absolute-co-witness-ddc\/","title":{"rendered":"Geissele Red Dot Kinnitus Super Precision T1 Absolute Co-Witness &#8211; DDC"},"content":{"rendered":"<div class=\"product-description\">\n<h2>T1 Kinnitus &#8211; Absoluutne Koosvaade &#8211; DDC<\/h2>\n<p>T1 Kinnitus Aimpoint T1 v\u00f5i sarnaste punaste t\u00e4ppide optika jaoks. Valmistatud \u00fchest 7075-T6 alumiiniumit\u00fckist, see kinnitus pakub vastupidavust ja j\u00f5udlust.<\/p>\n<ul>\n<li>Absoluutne koosvaate k\u00f5rgus<\/li>\n<li>DDC (Desert Dirt Color) t\u00fc\u00fcp 3 k\u00f5va anodeeritud viimistlus<\/li>\n<li>Uuendatud mutri ja poldi kinnitusviis, pakkudes 1400 naela klamberdusj\u00f5udu<\/li>\n<li>3 nihkeaasa maksimaalse j\u00e4ikuse ja nullasendisse tagasip\u00f6\u00f6rdumise jaoks<\/li>\n<li>Kergekaaluline disain, kaalub vaid 2 untsi<\/li>\n<\/ul>\n<p>Geissele kinnitustoode t\u00e4helepanuga detailidele ja p\u00fchendumisega kvaliteedile.<\/p>\n<\/div>\n","protected":false},"excerpt":{"rendered":"<p>T\u00e4pne T1 optika kinnitus, t\u00e4ielik koosk\u00f5la, DDC viimistlus, \u00fclimalt turvaline<\/p>\n","protected":false},"featured_media":82835,"template":"","meta":{"_acf_changed":false},"product_brand":[11385],"product_cat":[14021,14017,14053,14919],"product_tag":[],"class_list":{"0":"post-83663","1":"product","2":"type-product","3":"status-publish","4":"has-post-thumbnail","6":"product_brand-geissele","7":"product_cat-kmr-osad","8":"product_cat-puestoli-osad","9":"product_cat-puestolipunktsihtijad","10":"product_cat-red-dot-sights-mounts-et","12":"first","13":"instock","14":"taxable","15":"shipping-taxable","16":"product-type-simple"},"acf":[],"_links":{"self":[{"href":"https:\/\/nbg.eu\/et\/wp-json\/wp\/v2\/product\/83663","targetHints":{"allow":["GET"]}}],"collection":[{"href":"https:\/\/nbg.eu\/et\/wp-json\/wp\/v2\/product"}],"about":[{"href":"https:\/\/nbg.eu\/et\/wp-json\/wp\/v2\/types\/product"}],"wp:featuredmedia":[{"embeddable":true,"href":"https:\/\/nbg.eu\/et\/wp-json\/wp\/v2\/media\/82835"}],"wp:attachment":[{"href":"https:\/\/nbg.eu\/et\/wp-json\/wp\/v2\/media?parent=83663"}],"wp:term":[{"taxonomy":"product_brand","embeddable":true,"href":"https:\/\/nbg.eu\/et\/wp-json\/wp\/v2\/product_brand?post=83663"},{"taxonomy":"product_cat","embeddable":true,"href":"https:\/\/nbg.eu\/et\/wp-json\/wp\/v2\/product_cat?post=83663"},{"taxonomy":"product_tag","embeddable":true,"href":"https:\/\/nbg.eu\/et\/wp-json\/wp\/v2\/product_tag?post=83663"}],"curies":[{"name":"wp","href":"https:\/\/api.w.org\/{rel}","templated":true}]}}