{"id":131290,"date":"2024-11-02T06:45:52","date_gmt":"2024-11-02T06:45:52","guid":{"rendered":"https:\/\/nbg.eu\/product\/sprinco-usa-spring-kit-xp-buffer-spring-enhanced-4coil-bolt-extractor-spring\/"},"modified":"2026-01-21T12:05:17","modified_gmt":"2026-01-21T09:05:17","slug":"sprinco-usa-spring-kit-xp-buffer-spring-enhanced-4coil-bolt-extractor-spring","status":"publish","type":"product","link":"https:\/\/nbg.eu\/fi\/tuote\/sprinco-usa-spring-kit-xp-buffer-spring-enhanced-4coil-bolt-extractor-spring\/","title":{"rendered":"SPRINCO USA Spring Kit-XP Buffer Spring &amp; Enhanced 4Coil Bolt Extractor Spring"},"content":{"rendered":"<div class=\"product-description\">\n<h2>SPRINCO USA Jousisarja &#8211; XP Puskurijousi ja Parannettu 4-kierteinen Ulosvet\u00e4j\u00e4jousi<\/h2>\n<p>SPRINCO USA Jousisarja sis\u00e4lt\u00e4\u00e4:<\/p>\n<ul>\n<li>Tehostettu puskurijousi (punainen)<\/li>\n<li>Parannettu 4-kierteinen ulosvet\u00e4j\u00e4jousi<\/li>\n<\/ul>\n<p>Sarja suunniteltiin vuonna 2006 M4-kiv\u00e4\u00e4rin luotettavuuden parantamiseksi vaativissa olosuhteissa. Punainen jousi tarjoaa noin 25% suuremman suunnittelukuorman verrattuna valkoiseen jouseen. Se sopii k\u00e4ytett\u00e4v\u00e4ksi seuraavissa:<\/p>\n<ul>\n<li>9mm, 6.8 SPC, 6.5 Grendel<\/li>\n<li>.450 BM, .450 SOCOM, .500 Beowulf<\/li>\n<li>Colt LE6920 karbiinit<\/li>\n<\/ul>\n<p>Huomio: Suorituskyky voi vaihdella portin arvojen ja ammusten kuormien mukaan. Tutustu viritysohjeisiin ennen k\u00e4ytt\u00f6\u00e4.<\/p>\n<\/div>\n","protected":false},"excerpt":{"rendered":"<p>Korkean suorituskyvyn AR-puskurijousi parantunutta luotettavuutta ja tehoa varten.<\/p>\n","protected":false},"featured_media":76507,"template":"","meta":{"_acf_changed":false},"product_brand":[14592],"product_cat":[13193,13175],"product_tag":[],"class_list":{"0":"post-131290","1":"product","2":"type-product","3":"status-publish","4":"has-post-thumbnail","6":"product_brand-sprinco-usa","7":"product_cat-jouset","8":"product_cat-kmr-osat","10":"first","11":"outofstock","12":"taxable","13":"shipping-taxable","14":"purchasable","15":"product-type-simple"},"acf":[],"_links":{"self":[{"href":"https:\/\/nbg.eu\/fi\/wp-json\/wp\/v2\/product\/131290","targetHints":{"allow":["GET"]}}],"collection":[{"href":"https:\/\/nbg.eu\/fi\/wp-json\/wp\/v2\/product"}],"about":[{"href":"https:\/\/nbg.eu\/fi\/wp-json\/wp\/v2\/types\/product"}],"wp:featuredmedia":[{"embeddable":true,"href":"https:\/\/nbg.eu\/fi\/wp-json\/wp\/v2\/media\/76507"}],"wp:attachment":[{"href":"https:\/\/nbg.eu\/fi\/wp-json\/wp\/v2\/media?parent=131290"}],"wp:term":[{"taxonomy":"product_brand","embeddable":true,"href":"https:\/\/nbg.eu\/fi\/wp-json\/wp\/v2\/product_brand?post=131290"},{"taxonomy":"product_cat","embeddable":true,"href":"https:\/\/nbg.eu\/fi\/wp-json\/wp\/v2\/product_cat?post=131290"},{"taxonomy":"product_tag","embeddable":true,"href":"https:\/\/nbg.eu\/fi\/wp-json\/wp\/v2\/product_tag?post=131290"}],"curies":[{"name":"wp","href":"https:\/\/api.w.org\/{rel}","templated":true}]}}