{"id":133703,"date":"2024-11-02T08:42:18","date_gmt":"2025-01-08T16:49:44","guid":{"rendered":"https:\/\/nbg.eu\/product\/sprinco-usa-spring-kit-xp-buffer-spring-dual-extractor-spring\/"},"modified":"2026-05-13T16:48:13","modified_gmt":"2026-05-13T13:48:13","slug":"sprinco-usa-jousisetit-xp-puskurijousi-kaksois-uuttajajousi","status":"publish","type":"product","link":"https:\/\/nbg.eu\/fi\/tuote\/sprinco-usa-jousisetit-xp-puskurijousi-kaksois-uuttajajousi\/","title":{"rendered":"SPRINCO USA Jousisetit-XP Puskurijousi \/ Kaksois-Uuttajajousi"},"content":{"rendered":"<div class=\"product-description\">\n<h2>SPRINCO USA Jousisarja &#8211; XP Puskurijousi \/ Kaksois-ulosvetojousi<\/h2>\n<p>SPRINCO USA:n ylim\u00e4\u00e4r\u00e4isen tehokas puskurijousi on suunniteltu vuonna 2006 parantamaan M4-karbiinin toimintaa vaativissa ymp\u00e4rist\u00f6iss\u00e4.<\/p>\n<ul>\n<li>25% suuremmat suunnittelukuormat verrattuna valkoiseen jouseen<\/li>\n<li>Sopii 9mm, 6.8 SPC, 6.5 Grendel, .450 BM, .450 SOCOM, .500 Beowulf ja Colt LE6920 -aseisiin<\/li>\n<li>Sis\u00e4lt\u00e4\u00e4 s\u00e4\u00e4t\u00f6ohjeet optimaalista suorituskyky\u00e4 varten<\/li>\n<\/ul>\n<p>Huomio: Suorituskyky voi vaihdella porttiarvojen ja ammusten kuormien mukaan. Tutustu mukana tulevaan dokumentaatioon ennen k\u00e4ytt\u00f6\u00e4.<\/p>\n<\/div>\n","protected":false},"excerpt":{"rendered":"<p>Parannettu AR-puskurijousi, joka lis\u00e4\u00e4 luotettavuutta haastavissa ymp\u00e4rist\u00f6iss\u00e4.<\/p>\n","protected":false},"featured_media":76554,"template":"","meta":{"_acf_changed":false},"product_brand":[14592],"product_cat":[13193,13175],"product_tag":[],"class_list":{"0":"post-133703","1":"product","2":"type-product","3":"status-publish","4":"has-post-thumbnail","6":"product_brand-sprinco-usa","7":"product_cat-jouset","8":"product_cat-kmr-osat","10":"first","11":"instock","12":"taxable","13":"shipping-taxable","14":"purchasable","15":"product-type-simple"},"acf":[],"_links":{"self":[{"href":"https:\/\/nbg.eu\/fi\/wp-json\/wp\/v2\/product\/133703","targetHints":{"allow":["GET"]}}],"collection":[{"href":"https:\/\/nbg.eu\/fi\/wp-json\/wp\/v2\/product"}],"about":[{"href":"https:\/\/nbg.eu\/fi\/wp-json\/wp\/v2\/types\/product"}],"wp:featuredmedia":[{"embeddable":true,"href":"https:\/\/nbg.eu\/fi\/wp-json\/wp\/v2\/media\/76554"}],"wp:attachment":[{"href":"https:\/\/nbg.eu\/fi\/wp-json\/wp\/v2\/media?parent=133703"}],"wp:term":[{"taxonomy":"product_brand","embeddable":true,"href":"https:\/\/nbg.eu\/fi\/wp-json\/wp\/v2\/product_brand?post=133703"},{"taxonomy":"product_cat","embeddable":true,"href":"https:\/\/nbg.eu\/fi\/wp-json\/wp\/v2\/product_cat?post=133703"},{"taxonomy":"product_tag","embeddable":true,"href":"https:\/\/nbg.eu\/fi\/wp-json\/wp\/v2\/product_tag?post=133703"}],"curies":[{"name":"wp","href":"https:\/\/api.w.org\/{rel}","templated":true}]}}