{"id":134218,"date":"2024-11-17T08:22:03","date_gmt":"2024-11-17T08:22:03","guid":{"rendered":"https:\/\/nbg.eu\/product\/geissele-ak-recoil-spring\/"},"modified":"2026-04-22T11:28:47","modified_gmt":"2026-04-22T08:28:47","slug":"geissele-ak-palautusjousi","status":"publish","type":"product","link":"https:\/\/nbg.eu\/fi\/tuote\/geissele-ak-palautusjousi\/","title":{"rendered":"Geissele Palautusjousi AK"},"content":{"rendered":"<div class=\"product-description\">\n<h2>Geissele AK:n palautusjousi<\/h2>\n<p>ALG AK:n palautusjousi AK-aseelle. T\u00e4m\u00e4 malli tarjoaa kest\u00e4vyytt\u00e4 ja luotettavuutta aseellesi.<\/p>\n<ul>\n<li>Valmistettu kromipiisilikoniter\u00e4ksest\u00e4<\/li>\n<li>Kest\u00e4\u00e4 iskuja ja rentoutumista<\/li>\n<li>Keskell\u00e4 2-3 inaktiivista kierrett\u00e4<\/li>\n<li>Ehk\u00e4isee harmonista vahinkoa ja s\u00e4ilytt\u00e4\u00e4 vapaan pituuden<\/li>\n<\/ul>\n<p>T\u00e4m\u00e4 jousi on suunniteltu pitk\u00e4ik\u00e4iseksi. Sen rakenne muuttaa sen luonnollista taajuutta, mik\u00e4 varmistaa tasaisen suorituskyvyn ja pidennetyn k\u00e4ytt\u00f6i\u00e4n. T\u00e4m\u00e4 palautusjousi parantaa ampumisen vakautta ja v\u00e4hent\u00e4\u00e4 aseen kulumista.<\/p>\n<\/div>\n","protected":false},"excerpt":{"rendered":"<p>Geissele AK-rekyylijousi: Kest\u00e4v\u00e4, iskunkest\u00e4v\u00e4, v\u00e4r\u00e4htely\u00e4 v\u00e4hent\u00e4v\u00e4.<\/p>\n","protected":false},"featured_media":81050,"template":"","meta":{"_acf_changed":false},"product_brand":[11378],"product_cat":[13193,13175],"product_tag":[],"class_list":{"0":"post-134218","1":"product","2":"type-product","3":"status-publish","4":"has-post-thumbnail","6":"product_brand-geissele","7":"product_cat-jouset","8":"product_cat-kmr-osat","10":"first","11":"instock","12":"taxable","13":"shipping-taxable","14":"product-type-simple"},"acf":[],"_links":{"self":[{"href":"https:\/\/nbg.eu\/fi\/wp-json\/wp\/v2\/product\/134218","targetHints":{"allow":["GET"]}}],"collection":[{"href":"https:\/\/nbg.eu\/fi\/wp-json\/wp\/v2\/product"}],"about":[{"href":"https:\/\/nbg.eu\/fi\/wp-json\/wp\/v2\/types\/product"}],"wp:featuredmedia":[{"embeddable":true,"href":"https:\/\/nbg.eu\/fi\/wp-json\/wp\/v2\/media\/81050"}],"wp:attachment":[{"href":"https:\/\/nbg.eu\/fi\/wp-json\/wp\/v2\/media?parent=134218"}],"wp:term":[{"taxonomy":"product_brand","embeddable":true,"href":"https:\/\/nbg.eu\/fi\/wp-json\/wp\/v2\/product_brand?post=134218"},{"taxonomy":"product_cat","embeddable":true,"href":"https:\/\/nbg.eu\/fi\/wp-json\/wp\/v2\/product_cat?post=134218"},{"taxonomy":"product_tag","embeddable":true,"href":"https:\/\/nbg.eu\/fi\/wp-json\/wp\/v2\/product_tag?post=134218"}],"curies":[{"name":"wp","href":"https:\/\/api.w.org\/{rel}","templated":true}]}}