{"id":134506,"date":"2024-11-26T13:10:26","date_gmt":"2024-11-26T10:10:26","guid":{"rendered":"https:\/\/nbg.eu\/product\/geissele-ak-braided-spring\/"},"modified":"2026-04-22T11:25:03","modified_gmt":"2026-04-22T08:25:03","slug":"geissele-ak-punottu-jousi","status":"publish","type":"product","link":"https:\/\/nbg.eu\/fi\/tuote\/geissele-ak-punottu-jousi\/","title":{"rendered":"Geissele Punottu Iskujousi AK"},"content":{"rendered":"<h2>AK Punos-Jousi<\/h2>\n<p>ALG:n AK Punos-P\u00e4\u00e4jousi on korvausjousen AK47\/74-asemistoille. T\u00e4m\u00e4 korvaava vaihtoehto on valmistettu Yhdysvalloissa kolmesta yhteen punotusta langasta. Punos-suunnittelu tarjoaa lis\u00e4\u00e4ntynytt\u00e4 kest\u00e4vyytt\u00e4 ja luotettavuutta verrattuna perinteisiin AK-p\u00e4\u00e4jousiin, mik\u00e4 varmistaa aseen tasaisen ja johdonmukaisen toiminnan.<\/p>\n<p>Korkealaatuisista materiaaleista valmistettu AK Punos-Jousi on rakennettu kest\u00e4m\u00e4\u00e4n raskasta k\u00e4ytt\u00f6\u00e4 ja ankaria olosuhteita. Sen vahva rakenne auttaa v\u00e4hent\u00e4m\u00e4\u00e4n jousen vikaantumisen riski\u00e4, mik\u00e4 voi johtaa laukauksiin tai muihin toimintah\u00e4iri\u00f6ihin. P\u00e4ivitt\u00e4m\u00e4ll\u00e4 AK:n p\u00e4\u00e4jousi t\u00e4h\u00e4n luotettavaan komponenttiin voit nauttia parantuneesta suorituskyvyst\u00e4 ja rauhasta tiet\u00e4en, ett\u00e4 aseesi toimii parhaalla mahdollisella tavalla.<\/p>\n<p>Oletpa kilpailija-ampuja tai taktiikkak\u00e4ytt\u00e4j\u00e4, AK Punos-Jousi on olennainen p\u00e4ivitys harkittavaksi AK47\/74-alustallesi. Sen ylivoimainen suunnittelu ja valmistustandardit tekev\u00e4t siit\u00e4 luotetun valinnan vaativien aseiden omistajien keskuudessa, jotka vaativat laitteiltaan korkeinta luotettavuutta ja suorituskyky\u00e4.<\/p>\n","protected":false},"excerpt":{"rendered":"<p>AK-kierrejousi on Yhdysvalloissa valmistettu 3-s\u00e4ikeinen palmikoiduista kielist\u00e4 tehty varajousi AK47\/74-kiv\u00e4\u00e4reille.<\/p>\n","protected":false},"featured_media":81097,"template":"","meta":{"_acf_changed":false},"product_brand":[11378],"product_cat":[13193],"product_tag":[],"class_list":{"0":"post-134506","1":"product","2":"type-product","3":"status-publish","4":"has-post-thumbnail","6":"product_brand-geissele","7":"product_cat-jouset","9":"first","10":"instock","11":"taxable","12":"shipping-taxable","13":"product-type-simple"},"acf":[],"_links":{"self":[{"href":"https:\/\/nbg.eu\/fi\/wp-json\/wp\/v2\/product\/134506","targetHints":{"allow":["GET"]}}],"collection":[{"href":"https:\/\/nbg.eu\/fi\/wp-json\/wp\/v2\/product"}],"about":[{"href":"https:\/\/nbg.eu\/fi\/wp-json\/wp\/v2\/types\/product"}],"wp:featuredmedia":[{"embeddable":true,"href":"https:\/\/nbg.eu\/fi\/wp-json\/wp\/v2\/media\/81097"}],"wp:attachment":[{"href":"https:\/\/nbg.eu\/fi\/wp-json\/wp\/v2\/media?parent=134506"}],"wp:term":[{"taxonomy":"product_brand","embeddable":true,"href":"https:\/\/nbg.eu\/fi\/wp-json\/wp\/v2\/product_brand?post=134506"},{"taxonomy":"product_cat","embeddable":true,"href":"https:\/\/nbg.eu\/fi\/wp-json\/wp\/v2\/product_cat?post=134506"},{"taxonomy":"product_tag","embeddable":true,"href":"https:\/\/nbg.eu\/fi\/wp-json\/wp\/v2\/product_tag?post=134506"}],"curies":[{"name":"wp","href":"https:\/\/api.w.org\/{rel}","templated":true}]}}