{"id":139554,"date":"2025-01-04T11:00:05","date_gmt":"2025-01-04T11:00:05","guid":{"rendered":"https:\/\/nbg.eu\/product\/area-419-improved-bipod-picatinny-rail-ibr\/"},"modified":"2026-05-17T10:04:22","modified_gmt":"2026-05-17T07:04:22","slug":"area-419-parannettu-jalusta-picatinny-kisko-ibr","status":"publish","type":"product","link":"https:\/\/nbg.eu\/fi\/tuote\/area-419-parannettu-jalusta-picatinny-kisko-ibr\/","title":{"rendered":"Area 419 Parannettu Jalusta Picatinny Kisko (IBR)"},"content":{"rendered":"<div class=\"product-description\">\n<h2>Area 419 &#8211; Parannettu kaksijalkainen Picatinny-kisko (IBR)<\/h2>\n<p>Area 419 IBR on 4,8 tuuman kisko, jossa on 10 uraa. Se painaa 30,9 grammaa.<\/p>\n<ul>\n<li>Tarkkuusty\u00f6stetty py\u00f6ristetyill\u00e4 kulmilla ja viistotuilla reunoilla<\/li>\n<li>Sopii 38,1 mm &#8211; 88,3 mm ruuvireik\u00e4v\u00e4lille<\/li>\n<li>T\u00e4ysleve\u00e4 uloke Larue-tyylisille kaksijalkakiinnityksille<\/li>\n<li>Kaikki urat k\u00e4ytett\u00e4viss\u00e4 ruuvien sijainnista riippumatta<\/li>\n<li>Valmistettu 7075-T651 alumiinista<\/li>\n<li>Valmistettu Yhdysvalloissa amerikkalaisista materiaaleista<\/li>\n<li>Sis\u00e4lt\u00e4\u00e4 kiinnitystarvikkeet asennusta varten<\/li>\n<\/ul>\n<\/div>\n","protected":false},"excerpt":{"rendered":"<p>Area 419:n IBR: Kevyt, kest\u00e4v\u00e4 kaksijalkainen kisko, jossa on 10 paikkaa.<\/p>\n","protected":false},"featured_media":118173,"template":"","meta":{"_acf_changed":false},"product_brand":[11033],"product_cat":[16213,13204,13225,15805],"product_tag":[],"class_list":{"0":"post-139554","1":"product","2":"type-product","3":"status-publish","4":"has-post-thumbnail","6":"product_brand-area-419","7":"product_cat-bipod-mounts-fi","8":"product_cat-jalustakiinnikkeet","9":"product_cat-kivaeaeri","10":"product_cat-picatinny-rails-fi","12":"first","13":"instock","14":"sale","15":"taxable","16":"shipping-taxable","17":"purchasable","18":"product-type-variable","19":"wvs-archive-product-wrapper"},"acf":[],"_links":{"self":[{"href":"https:\/\/nbg.eu\/fi\/wp-json\/wp\/v2\/product\/139554","targetHints":{"allow":["GET"]}}],"collection":[{"href":"https:\/\/nbg.eu\/fi\/wp-json\/wp\/v2\/product"}],"about":[{"href":"https:\/\/nbg.eu\/fi\/wp-json\/wp\/v2\/types\/product"}],"wp:featuredmedia":[{"embeddable":true,"href":"https:\/\/nbg.eu\/fi\/wp-json\/wp\/v2\/media\/118173"}],"wp:attachment":[{"href":"https:\/\/nbg.eu\/fi\/wp-json\/wp\/v2\/media?parent=139554"}],"wp:term":[{"taxonomy":"product_brand","embeddable":true,"href":"https:\/\/nbg.eu\/fi\/wp-json\/wp\/v2\/product_brand?post=139554"},{"taxonomy":"product_cat","embeddable":true,"href":"https:\/\/nbg.eu\/fi\/wp-json\/wp\/v2\/product_cat?post=139554"},{"taxonomy":"product_tag","embeddable":true,"href":"https:\/\/nbg.eu\/fi\/wp-json\/wp\/v2\/product_tag?post=139554"}],"curies":[{"name":"wp","href":"https:\/\/api.w.org\/{rel}","templated":true}]}}