{"id":141372,"date":"2025-01-04T07:20:19","date_gmt":"2025-01-04T07:20:19","guid":{"rendered":"https:\/\/nbg.eu\/product\/area-419-arcalock-clamp\/"},"modified":"2026-05-13T16:58:04","modified_gmt":"2026-05-13T13:58:04","slug":"area-419-arcalock-kiristin","status":"publish","type":"product","link":"https:\/\/nbg.eu\/fi\/tuote\/area-419-arcalock-kiristin\/","title":{"rendered":"Area 419 ARCALOCK Kiristin"},"content":{"rendered":"<div class=\"product-description\">\n<h2>Area 419 &#8211; ARCALOCK-kiinnike<\/h2>\n<p>ARCALOCK-kiinnike Area 419:lt\u00e4 toimii kaikissa standardeissa ARCA\/1,5&#8243; kiskoissa, tarjoten mekaanisesti lukitun ratkaisun vakauden parantamiseksi.<\/p>\n<ul>\n<li>Kaksivaiheinen ruuvirakenne nopeaa liikett\u00e4 ja lis\u00e4v\u00e4\u00e4nt\u00f6\u00e4 varten<\/li>\n<li>Yhteensopiva Atlas-kaksijalakoiden kanssa ja mukautettavissa Harris-kaksijalkoihin<\/li>\n<li>Toimii my\u00f6s esteen\u00e4<\/li>\n<li>Taaksep\u00e4in yhteensopiva tavallisten ARCA-kiskojen kanssa<\/li>\n<li>Valmistettu 6061-T6 alumiinista Type III Hardcoat -anodisoinnilla<\/li>\n<li>Paino vain 72,5 grammaa<\/li>\n<\/ul>\n<p>Area 419 ARCALOCK-kiinnike on lis\u00e4varuste tarkkuuskiv\u00e4\u00e4rij\u00e4rjestelm\u00e4\u00e4n.<\/p>\n<\/div>\n","protected":false},"excerpt":{"rendered":"<p>Turvallinen ARCA-kiinnike lukitusmekanismilla tarkkuuskiv\u00e4\u00e4reille.<\/p>\n","protected":false},"featured_media":115246,"template":"","meta":{"_acf_changed":false},"product_brand":[11033],"product_cat":[15557,13239],"product_tag":[],"class_list":{"0":"post-141372","1":"product","2":"type-product","3":"status-publish","4":"has-post-thumbnail","6":"product_brand-area-419","7":"product_cat-arcalock-systems-fi","8":"product_cat-kiskot","10":"first","11":"instock","12":"sale","13":"taxable","14":"shipping-taxable","15":"purchasable","16":"product-type-simple"},"acf":[],"_links":{"self":[{"href":"https:\/\/nbg.eu\/fi\/wp-json\/wp\/v2\/product\/141372","targetHints":{"allow":["GET"]}}],"collection":[{"href":"https:\/\/nbg.eu\/fi\/wp-json\/wp\/v2\/product"}],"about":[{"href":"https:\/\/nbg.eu\/fi\/wp-json\/wp\/v2\/types\/product"}],"wp:featuredmedia":[{"embeddable":true,"href":"https:\/\/nbg.eu\/fi\/wp-json\/wp\/v2\/media\/115246"}],"wp:attachment":[{"href":"https:\/\/nbg.eu\/fi\/wp-json\/wp\/v2\/media?parent=141372"}],"wp:term":[{"taxonomy":"product_brand","embeddable":true,"href":"https:\/\/nbg.eu\/fi\/wp-json\/wp\/v2\/product_brand?post=141372"},{"taxonomy":"product_cat","embeddable":true,"href":"https:\/\/nbg.eu\/fi\/wp-json\/wp\/v2\/product_cat?post=141372"},{"taxonomy":"product_tag","embeddable":true,"href":"https:\/\/nbg.eu\/fi\/wp-json\/wp\/v2\/product_tag?post=141372"}],"curies":[{"name":"wp","href":"https:\/\/api.w.org\/{rel}","templated":true}]}}